
{"id":57725,"date":"2023-10-29T14:23:29","date_gmt":"2023-10-29T14:23:29","guid":{"rendered":"https:\/\/azurefilm.com\/product\/mikro-digitalis-szervomotor-9g-sg90\/"},"modified":"2023-10-29T14:23:29","modified_gmt":"2023-10-29T14:23:29","slug":"mikro-digitalis-szervomotor-9g-sg90","status":"publish","type":"product","link":"https:\/\/azurefilm.com\/hu\/termek\/mikro-digitalis-szervomotor-9g-sg90\/","title":{"rendered":"Mikro digit\u00e1lis szervomotor 9g SG90"},"content":{"rendered":"<h4>Mikro digit\u00e1lis szervomotor 9g SG90<\/h4>\n<ul>\n<li>M\u0171k\u00f6d\u00e9si fesz\u00fclts\u00e9g: 3.0V~ 6V,<\/li>\n<li>H\u0151m\u00e9rs\u00e9klet-tartom\u00e1ny: -30 \u00e9s +60 k\u00f6z\u00f6tt,<\/li>\n<li>23mm x 12,2mm x 29mm,<\/li>\n<li>Apr\u00f3 \u00e9s k\u00f6nny\u0171, nagy kimeneti teljes\u00edtm\u00e9ny\u0171,<\/li>\n<li>Kompatibilis a projekttel, mint p\u00e9ld\u00e1ul a robotkar \/ robotk\u00e9z \/ a szerv\u00f3 vez\u00e9rl\u00e9se potenciom\u00e9terrel \/ t\u00f6bb szerv\u00f3 vez\u00e9rl\u00e9se.<\/li>\n<\/ul>\n<h4>Az SG90 3 vezet\u00e9kes interf\u00e9sszel rendelkezik, amelyeken a csatlakoz\u00e1sokat az al\u00e1bbiak szerint kell elv\u00e9gezni:<\/h4>\n<ul>\n<li>Piros vezet\u00e9k-5V,<\/li>\n<li>Barna vezet\u00e9k-alap,<\/li>\n<li>S\u00e1rga vezet\u00e9k-digit\u00e1lis pin 9.<\/li>\n<\/ul>\n","protected":false},"excerpt":{"rendered":"<p>Mikro digit\u00e1lis szervomotor 9g SG90: Apr\u00f3 \u00e9s k\u00f6nny\u0171, nagy kimeneti teljes\u00edtm\u00e9ny\u0171.<\/p>\n<ul>\n<li>23mm x 12,2mm x 29mm<\/li>\n<\/ul>\n","protected":false},"featured_media":57727,"comment_status":"closed","ping_status":"closed","template":"","meta":{"_acf_changed":false},"product_brand":[],"product_cat":[1679,2291,2224,2255,2350,2221],"product_tag":[],"brand":[],"class_list":{"0":"post-57725","1":"product","2":"type-product","3":"status-publish","4":"has-post-thumbnail","6":"product_cat-elado","7":"product_cat-elektronika-hu","8":"product_cat-minden-potalkatresz","9":"product_cat-motorok-es-meghajtok","10":"product_cat-motoros-meghajtok","11":"product_cat-potalkatreszek","13":"first","14":"outofstock","15":"sale","16":"taxable","17":"shipping-taxable","18":"purchasable","19":"product-type-simple"},"acf":[],"_links":{"self":[{"href":"https:\/\/azurefilm.com\/hu\/wp-json\/wp\/v2\/product\/57725","targetHints":{"allow":["GET"]}}],"collection":[{"href":"https:\/\/azurefilm.com\/hu\/wp-json\/wp\/v2\/product"}],"about":[{"href":"https:\/\/azurefilm.com\/hu\/wp-json\/wp\/v2\/types\/product"}],"replies":[{"embeddable":true,"href":"https:\/\/azurefilm.com\/hu\/wp-json\/wp\/v2\/comments?post=57725"}],"wp:featuredmedia":[{"embeddable":true,"href":"https:\/\/azurefilm.com\/hu\/wp-json\/wp\/v2\/media\/57727"}],"wp:attachment":[{"href":"https:\/\/azurefilm.com\/hu\/wp-json\/wp\/v2\/media?parent=57725"}],"wp:term":[{"taxonomy":"product_brand","embeddable":true,"href":"https:\/\/azurefilm.com\/hu\/wp-json\/wp\/v2\/product_brand?post=57725"},{"taxonomy":"product_cat","embeddable":true,"href":"https:\/\/azurefilm.com\/hu\/wp-json\/wp\/v2\/product_cat?post=57725"},{"taxonomy":"product_tag","embeddable":true,"href":"https:\/\/azurefilm.com\/hu\/wp-json\/wp\/v2\/product_tag?post=57725"},{"taxonomy":"brand","embeddable":true,"href":"https:\/\/azurefilm.com\/hu\/wp-json\/wp\/v2\/brand?post=57725"}],"curies":[{"name":"wp","href":"https:\/\/api.w.org\/{rel}","templated":true}]}}