
{"id":57728,"date":"2023-10-29T14:23:29","date_gmt":"2023-10-29T14:23:29","guid":{"rendered":"https:\/\/azurefilm.com\/product\/szilardtest-rele\/"},"modified":"2023-10-29T14:23:29","modified_gmt":"2023-10-29T14:23:29","slug":"szilardtest-rele","status":"publish","type":"product","link":"https:\/\/azurefilm.com\/hu\/termek\/szilardtest-rele\/","title":{"rendered":"Szil\u00e1rdtest rel\u00e9"},"content":{"rendered":"<h2><strong>Szil\u00e1rdtest rel\u00e9 DC 25A<\/strong><\/h2>\n<ul>\n<li>Bemenet 3 &#8211; 32V DC<\/li>\n<li>Kimenet 24V-480V AC<\/li>\n<li>Max. 25A <\/li>\n<\/ul>\n<h2><strong>Szil\u00e1rdtest rel\u00e9 DC 40A<\/strong><\/h2>\n<ul>\n<li>Bemenet 3- 32V DC<\/li>\n<li>Kimenet 24V-480V AC<\/li>\n<li>Max. 40A <\/li>\n<\/ul>\n","protected":false},"excerpt":{"rendered":"<p><strong>Szil\u00e1rdtest rel\u00e9<\/strong> DC 25A\/DC 40A.<\/p>\n","protected":false},"featured_media":57729,"comment_status":"closed","ping_status":"closed","template":"","meta":{"_acf_changed":false},"product_brand":[],"product_cat":[2238,1679,2224,2221],"product_tag":[],"brand":[],"class_list":{"0":"post-57728","1":"product","2":"type-product","3":"status-publish","4":"has-post-thumbnail","6":"product_cat-egyeb-tetelek","7":"product_cat-elado","8":"product_cat-minden-potalkatresz","9":"product_cat-potalkatreszek","11":"first","12":"instock","13":"sale","14":"taxable","15":"shipping-taxable","16":"purchasable","17":"product-type-variable"},"acf":[],"_links":{"self":[{"href":"https:\/\/azurefilm.com\/hu\/wp-json\/wp\/v2\/product\/57728","targetHints":{"allow":["GET"]}}],"collection":[{"href":"https:\/\/azurefilm.com\/hu\/wp-json\/wp\/v2\/product"}],"about":[{"href":"https:\/\/azurefilm.com\/hu\/wp-json\/wp\/v2\/types\/product"}],"replies":[{"embeddable":true,"href":"https:\/\/azurefilm.com\/hu\/wp-json\/wp\/v2\/comments?post=57728"}],"wp:featuredmedia":[{"embeddable":true,"href":"https:\/\/azurefilm.com\/hu\/wp-json\/wp\/v2\/media\/57729"}],"wp:attachment":[{"href":"https:\/\/azurefilm.com\/hu\/wp-json\/wp\/v2\/media?parent=57728"}],"wp:term":[{"taxonomy":"product_brand","embeddable":true,"href":"https:\/\/azurefilm.com\/hu\/wp-json\/wp\/v2\/product_brand?post=57728"},{"taxonomy":"product_cat","embeddable":true,"href":"https:\/\/azurefilm.com\/hu\/wp-json\/wp\/v2\/product_cat?post=57728"},{"taxonomy":"product_tag","embeddable":true,"href":"https:\/\/azurefilm.com\/hu\/wp-json\/wp\/v2\/product_tag?post=57728"},{"taxonomy":"brand","embeddable":true,"href":"https:\/\/azurefilm.com\/hu\/wp-json\/wp\/v2\/brand?post=57728"}],"curies":[{"name":"wp","href":"https:\/\/api.w.org\/{rel}","templated":true}]}}