
{"id":57735,"date":"2023-10-29T14:23:29","date_gmt":"2023-10-29T14:23:29","guid":{"rendered":"https:\/\/azurefilm.com\/product\/nema-17-leptetomotor-tengellyel\/"},"modified":"2023-10-29T14:23:29","modified_gmt":"2023-10-29T14:23:29","slug":"nema-17-leptetomotor-tengellyel","status":"publish","type":"product","link":"https:\/\/azurefilm.com\/hu\/termek\/nema-17-leptetomotor-tengellyel\/","title":{"rendered":"NEMA 17 l\u00e9ptet\u0151motor tengellyel"},"content":{"rendered":"<h2><strong>F\u0151bb jellemz\u0151k:<\/strong><\/h2>\n<ul>\n<li><strong>Nagy nyomat\u00e9k:<\/strong> A 3D nyomtat\u00f3 l\u00e9ptet\u0151motor-k\u00e9szlet\u00fcnket kiv\u00e1l\u00f3 min\u0151s\u00e9g\u0171 motorac\u00e9l anyagb\u00f3l tervezt\u00fck, \u00edgy biztos\u00edtva leny\u0171g\u00f6z\u0151 nyomat\u00e9kot. Ez azt jelenti, hogy hat\u00e9konyan tudja kezelni a feladatokat, minim\u00e1lisra cs\u00f6kkentve a rendszerhib\u00e1k es\u00e9ly\u00e9t. <\/li>\n<li><strong>Alacsony zajszint:<\/strong> A zaj hat\u00e9kony cs\u00f6kkent\u00e9se \u00e9rdek\u00e9ben a rotoron gumibor\u00edt\u00e1st helyezt\u00fcnk el. Ez a funkci\u00f3 csendesebb m\u0171k\u00f6d\u00e9st biztos\u00edt, ide\u00e1lis olyan alkalmaz\u00e1sokhoz, ahol a zaj aggodalomra ad okot. <\/li>\n<li><strong>Tart\u00f3s \u00e9s strapab\u00edr\u00f3:<\/strong> A mini motor nagy kem\u00e9nys\u00e9g\u0171 f\u00e9m felhaszn\u00e1l\u00e1s\u00e1val k\u00e9sz\u00fclt, \u00edgy hihetetlen\u00fcl strapab\u00edr\u00f3 \u00e9s tart\u00f3s. Emellett az oldalfalon l\u00e9v\u0151 matt text\u00fara n\u00f6veli a s\u00farl\u00f3d\u00e1st, ami fokozza az \u00e1ltal\u00e1nos teljes\u00edtm\u00e9nyt \u00e9s a hossz\u00fa \u00e9lettartamot. <\/li>\n<li><strong>Sz\u00e9les k\u00f6r\u0171 alkalmaz\u00e1s:<\/strong> T\u00f6bbek k\u00f6z\u00f6tt a sz\u00ednpadi vil\u00e1g\u00edt\u00e1s, a l\u00e9zergrav\u00edroz\u00e1s, a textilipari g\u00e9pek, az orvosi berendez\u00e9sek, a 3D nyomtat\u00e1s, az automatiz\u00e1l\u00e1si berendez\u00e9sek \u00e9s m\u00e9g sok m\u00e1s ter\u00fcleten tal\u00e1l alkalmaz\u00e1st ez a sokoldal\u00fa motor. Alkalmazkod\u00f3k\u00e9pess\u00e9ge miatt \u00e9rt\u00e9kes kieg\u00e9sz\u00edt\u0151je lehet projektjeinek. <\/li>\n<li><strong>Csomag tartalma:<\/strong> A k\u00e9szlet megv\u00e1s\u00e1rl\u00e1sakor 1 l\u00e9ptet\u0151motort kap 300 mm-es tengellyel. A motor m\u00e9retei 42,3 x 42,3 x 40 x 24mm, \u00e9s a megb\u00edzhat\u00f3s\u00e1g\u00e1r\u00f3l \u00e9s teljes\u00edtm\u00e9ny\u00e9r\u0151l ismert hibrid motorok kateg\u00f3ri\u00e1j\u00e1ba tartozik. <\/li>\n<\/ul>\n","protected":false},"excerpt":{"rendered":"<p><strong>Kiv\u00e1l\u00f3 min\u0151s\u00e9g\u0171 ac\u00e9lszerkezet:<\/strong> NEMA 17 l\u00e9ptet\u0151motorunk kiv\u00e1l\u00f3 min\u0151s\u00e9g\u0171 ac\u00e9lb\u00f3l k\u00e9sz\u00fclt tengellyel rendelkezik. Ez a konstrukci\u00f3s v\u00e1laszt\u00e1s nemcsak tart\u00f3ss\u00e1got biztos\u00edt, hanem cs\u00f6kkenti az \u00f6ninduktivit\u00e1si reaktanci\u00e1t is. Ez egy rendk\u00edv\u00fcl \u00e9rz\u00e9keny motort eredm\u00e9nyez, amely minimaliz\u00e1lja a rendszerhib\u00e1k es\u00e9ly\u00e9t, \u00edgy megb\u00edzhat\u00f3 v\u00e1laszt\u00e1s a k\u00fcl\u00f6nb\u00f6z\u0151 alkalmaz\u00e1sokhoz.  <\/p>\n","protected":false},"featured_media":57740,"comment_status":"closed","ping_status":"closed","template":"","meta":{"_acf_changed":false},"product_brand":[],"product_cat":[1679,2256,2224,2255,2221],"product_tag":[],"brand":[],"class_list":{"0":"post-57735","1":"product","2":"type-product","3":"status-publish","4":"has-post-thumbnail","6":"product_cat-elado","7":"product_cat-lepeses-motorok","8":"product_cat-minden-potalkatresz","9":"product_cat-motorok-es-meghajtok","10":"product_cat-potalkatreszek","12":"first","13":"instock","14":"sale","15":"taxable","16":"shipping-taxable","17":"purchasable","18":"product-type-simple"},"acf":[],"_links":{"self":[{"href":"https:\/\/azurefilm.com\/hu\/wp-json\/wp\/v2\/product\/57735","targetHints":{"allow":["GET"]}}],"collection":[{"href":"https:\/\/azurefilm.com\/hu\/wp-json\/wp\/v2\/product"}],"about":[{"href":"https:\/\/azurefilm.com\/hu\/wp-json\/wp\/v2\/types\/product"}],"replies":[{"embeddable":true,"href":"https:\/\/azurefilm.com\/hu\/wp-json\/wp\/v2\/comments?post=57735"}],"wp:featuredmedia":[{"embeddable":true,"href":"https:\/\/azurefilm.com\/hu\/wp-json\/wp\/v2\/media\/57740"}],"wp:attachment":[{"href":"https:\/\/azurefilm.com\/hu\/wp-json\/wp\/v2\/media?parent=57735"}],"wp:term":[{"taxonomy":"product_brand","embeddable":true,"href":"https:\/\/azurefilm.com\/hu\/wp-json\/wp\/v2\/product_brand?post=57735"},{"taxonomy":"product_cat","embeddable":true,"href":"https:\/\/azurefilm.com\/hu\/wp-json\/wp\/v2\/product_cat?post=57735"},{"taxonomy":"product_tag","embeddable":true,"href":"https:\/\/azurefilm.com\/hu\/wp-json\/wp\/v2\/product_tag?post=57735"},{"taxonomy":"brand","embeddable":true,"href":"https:\/\/azurefilm.com\/hu\/wp-json\/wp\/v2\/brand?post=57735"}],"curies":[{"name":"wp","href":"https:\/\/api.w.org\/{rel}","templated":true}]}}