
{"id":57736,"date":"2023-10-29T14:23:29","date_gmt":"2023-10-29T14:23:29","guid":{"rendered":"https:\/\/azurefilm.com\/product\/extruder-e3d-v6-bowden-tipus\/"},"modified":"2023-10-29T14:23:29","modified_gmt":"2023-10-29T14:23:29","slug":"extruder-e3d-v6-bowden-tipus","status":"publish","type":"product","link":"https:\/\/azurefilm.com\/hu\/termek\/extruder-e3d-v6-bowden-tipus\/","title":{"rendered":"Extruder E3D V6 Bowden t\u00edpus"},"content":{"rendered":"<h2><strong>F\u0151bb jellemz\u0151k:<\/strong><\/h2>\n<ul>\n<li>Extruder E3D V6 12\/24V 0,4mm ventil\u00e1torral, h\u0171t\u0151bord\u00e1val, f\u0171t\u0151testtel \u00e9s termisztorral<\/li>\n<li>Kompatibilis az \u00f6sszes 1,75 mm-es E3D V6 3D nyomtat\u00f3val,<\/li>\n<li>Sziv\u00e1rg\u00e1sg\u00e1tl\u00f3 \u00e9s blokkol\u00e1sg\u00e1tl\u00f3 kialak\u00edt\u00e1s,<\/li>\n<li>H\u0151\u00e1ll\u00f3 \u00e9s szell\u0151z\u0151.<\/li>\n<\/ul>\n<h2><strong>Specifik\u00e1ci\u00f3k:<\/strong><\/h2>\n<ul>\n<li>12\/24V \/40W f\u0171t\u0151test, a h\u0151m\u00e9rs\u00e9klet 280\u00b0C-ig terjedhet\uff08Hossz\u00fa t\u00e1v\u00fa h\u0151m\u00e9rs\u00e9klet: 240\u00b0C\/ r\u00f6vid t\u00e1v\u00fa h\u0151m\u00e9rs\u00e9klet: 280\u00b0C\uff09<\/li>\n<li>12\/24V nagy sebess\u00e9g\u0171 ventil\u00e1tor burkolattal, gyorsan sug\u00e1rz\u00f3 ventil\u00e1torral<\/li>\n<li>PC4-01 cs\u0151szerelv\u00e9ny<\/li>\n<li>Vulk\u00e1n f\u0171t\u0151blokk<\/li>\n<li>K\u00fcls\u0151 menet : M6 M7<\/li>\n<li>Tefloncs\u0151 bels\u0151 \u00e1tm\u00e9r\u0151je: 2mm<\/li>\n<li>Sz\u00e1l \u00e1tm\u00e9r\u0151 : 1.75mm<\/li>\n<li>Extruder s\u00e1rgar\u00e9z f\u00fav\u00f3ka bemeneti \u00e1tm\u00e9r\u0151je: 1.75mm<\/li>\n<li>Extruder s\u00e1rgar\u00e9z f\u00fav\u00f3ka kimeneti \u00e1tm\u00e9r\u0151je: 0,4 mm<\/li>\n<li>Nem eredeti<\/li>\n<\/ul>\n","protected":false},"excerpt":{"rendered":"<p><strong>Extruder E3D V6 Bowden t\u00edpus<\/strong> ventil\u00e1torral, h\u0171t\u0151bord\u00e1val, f\u0171t\u0151testtel \u00e9s termisztorral.<\/p>\n","protected":false},"featured_media":57737,"comment_status":"closed","ping_status":"closed","template":"","meta":{"_acf_changed":false},"product_brand":[],"product_cat":[1679,2232,2222,2249,2224,2221],"product_tag":[],"brand":[],"class_list":{"0":"post-57736","1":"product","2":"type-product","3":"status-publish","4":"has-post-thumbnail","6":"product_cat-elado","7":"product_cat-extruder-alkatreszek","8":"product_cat-extruders-hu","9":"product_cat-hotends-hu","10":"product_cat-minden-potalkatresz","11":"product_cat-potalkatreszek","13":"first","14":"instock","15":"sale","16":"taxable","17":"shipping-taxable","18":"purchasable","19":"product-type-variable"},"acf":[],"_links":{"self":[{"href":"https:\/\/azurefilm.com\/hu\/wp-json\/wp\/v2\/product\/57736","targetHints":{"allow":["GET"]}}],"collection":[{"href":"https:\/\/azurefilm.com\/hu\/wp-json\/wp\/v2\/product"}],"about":[{"href":"https:\/\/azurefilm.com\/hu\/wp-json\/wp\/v2\/types\/product"}],"replies":[{"embeddable":true,"href":"https:\/\/azurefilm.com\/hu\/wp-json\/wp\/v2\/comments?post=57736"}],"wp:featuredmedia":[{"embeddable":true,"href":"https:\/\/azurefilm.com\/hu\/wp-json\/wp\/v2\/media\/57737"}],"wp:attachment":[{"href":"https:\/\/azurefilm.com\/hu\/wp-json\/wp\/v2\/media?parent=57736"}],"wp:term":[{"taxonomy":"product_brand","embeddable":true,"href":"https:\/\/azurefilm.com\/hu\/wp-json\/wp\/v2\/product_brand?post=57736"},{"taxonomy":"product_cat","embeddable":true,"href":"https:\/\/azurefilm.com\/hu\/wp-json\/wp\/v2\/product_cat?post=57736"},{"taxonomy":"product_tag","embeddable":true,"href":"https:\/\/azurefilm.com\/hu\/wp-json\/wp\/v2\/product_tag?post=57736"},{"taxonomy":"brand","embeddable":true,"href":"https:\/\/azurefilm.com\/hu\/wp-json\/wp\/v2\/brand?post=57736"}],"curies":[{"name":"wp","href":"https:\/\/api.w.org\/{rel}","templated":true}]}}