
{"id":57742,"date":"2023-10-29T14:23:29","date_gmt":"2023-10-29T14:23:29","guid":{"rendered":"https:\/\/azurefilm.com\/product\/reduktoros-motorok-robotokhoz\/"},"modified":"2023-10-29T14:23:29","modified_gmt":"2023-10-29T14:23:29","slug":"reduktoros-motorok-robotokhoz","status":"publish","type":"product","link":"https:\/\/azurefilm.com\/hu\/termek\/reduktoros-motorok-robotokhoz\/","title":{"rendered":"Reduktoros motorok robotokhoz"},"content":{"rendered":"<h2><strong>F\u0151bb jellemz\u0151k:<\/strong><\/h2>\n<ul>\n<li>24V\/12V DC 3W\/0,25A motor 26 fordulat per percenk\u00e9nt<\/li>\n<li>A hajt\u00f3tengely \u00e1tm\u00e9r\u0151je 8 mm<\/li>\n<\/ul>\n","protected":false},"excerpt":{"rendered":"<p>26 percenk\u00e9nti fordulatsz\u00e1m\u00fa <strong>reduktor motorok robotokhoz<\/strong>.<\/p>\n","protected":false},"featured_media":57745,"comment_status":"closed","ping_status":"closed","template":"","meta":{"_acf_changed":false},"product_brand":[],"product_cat":[1679,2256,2224,2255,2221],"product_tag":[],"brand":[],"class_list":{"0":"post-57742","1":"product","2":"type-product","3":"status-publish","4":"has-post-thumbnail","6":"product_cat-elado","7":"product_cat-lepeses-motorok","8":"product_cat-minden-potalkatresz","9":"product_cat-motorok-es-meghajtok","10":"product_cat-potalkatreszek","12":"first","13":"instock","14":"sale","15":"taxable","16":"shipping-taxable","17":"purchasable","18":"product-type-simple"},"acf":[],"_links":{"self":[{"href":"https:\/\/azurefilm.com\/hu\/wp-json\/wp\/v2\/product\/57742","targetHints":{"allow":["GET"]}}],"collection":[{"href":"https:\/\/azurefilm.com\/hu\/wp-json\/wp\/v2\/product"}],"about":[{"href":"https:\/\/azurefilm.com\/hu\/wp-json\/wp\/v2\/types\/product"}],"replies":[{"embeddable":true,"href":"https:\/\/azurefilm.com\/hu\/wp-json\/wp\/v2\/comments?post=57742"}],"wp:featuredmedia":[{"embeddable":true,"href":"https:\/\/azurefilm.com\/hu\/wp-json\/wp\/v2\/media\/57745"}],"wp:attachment":[{"href":"https:\/\/azurefilm.com\/hu\/wp-json\/wp\/v2\/media?parent=57742"}],"wp:term":[{"taxonomy":"product_brand","embeddable":true,"href":"https:\/\/azurefilm.com\/hu\/wp-json\/wp\/v2\/product_brand?post=57742"},{"taxonomy":"product_cat","embeddable":true,"href":"https:\/\/azurefilm.com\/hu\/wp-json\/wp\/v2\/product_cat?post=57742"},{"taxonomy":"product_tag","embeddable":true,"href":"https:\/\/azurefilm.com\/hu\/wp-json\/wp\/v2\/product_tag?post=57742"},{"taxonomy":"brand","embeddable":true,"href":"https:\/\/azurefilm.com\/hu\/wp-json\/wp\/v2\/brand?post=57742"}],"curies":[{"name":"wp","href":"https:\/\/api.w.org\/{rel}","templated":true}]}}