
{"id":57743,"date":"2023-10-29T14:23:59","date_gmt":"2023-10-29T14:23:59","guid":{"rendered":"https:\/\/azurefilm.com\/product\/lcd-vezerlopanel-mega-2560\/"},"modified":"2023-10-29T14:23:59","modified_gmt":"2023-10-29T14:23:59","slug":"lcd-vezerlopanel-mega-2560","status":"publish","type":"product","link":"https:\/\/azurefilm.com\/hu\/termek\/lcd-vezerlopanel-mega-2560\/","title":{"rendered":"LCD vez\u00e9rl\u0151panel Mega 2560"},"content":{"rendered":"<h4>LCD vez\u00e9rl\u0151panel Mega 2560<\/h4>\n<h3><strong>Kulcsfontoss\u00e1g\u00fa jellemz\u0151k:<\/strong><\/h3>\n<p>Haszn\u00e1lja ki a 3D nyomtat\u00f3ban rejl\u0151 lehet\u0151s\u00e9geket a k\u00f6vetkez\u0151kkel:<\/p>\n<ul>\n<li><strong>256KB Flash mem\u00f3ria:<\/strong> B\u0151v\u00edtse kreat\u00edv lehet\u0151s\u00e9geit a bonyolult tervekhez sz\u00fcks\u00e9ges b\u0151s\u00e9ges t\u00e1rhely seg\u00edts\u00e9g\u00e9vel.<\/li>\n<li><strong>8KB RAM mem\u00f3ria:<\/strong> G\u00f6rd\u00fcl\u00e9keny \u00e9s hat\u00e9kony adatfeldolgoz\u00e1st biztos\u00edt az \u00f6sszetett nyomtat\u00e1si feladatokhoz.<\/li>\n<li><strong>4KB EEPROM mem\u00f3ria:<\/strong> A kritikus be\u00e1ll\u00edt\u00e1sok \u00e9s konfigur\u00e1ci\u00f3k k\u00f6nnyed\u00e9n t\u00e1rolhat\u00f3k.<\/li>\n<li><strong>T\u00e1pegys\u00e9g (12V vagy 24V):<\/strong> Sokoldal\u00fa kompatibilit\u00e1s a k\u00fcl\u00f6nb\u00f6z\u0151 3D nyomtat\u00e1si be\u00e1ll\u00edt\u00e1sokba val\u00f3 z\u00f6kken\u0151mentes integr\u00e1l\u00e1shoz.<\/li>\n<li><strong>5 A4988 l\u00e9ptet\u0151motor-meghajt\u00f3:<\/strong> Tapasztalja meg a pontos \u00e9s megb\u00edzhat\u00f3 l\u00e9ptet\u0151motor-vez\u00e9rl\u00e9st az optim\u00e1lis nyomtat\u00e1si min\u0151s\u00e9g \u00e9rdek\u00e9ben.<\/li>\n<li><strong>Kompakt m\u00e9ret (90&#215;110 mm):<\/strong> Helytakar\u00e9kos kialak\u00edt\u00e1s a teljes\u00edtm\u00e9ny cs\u00f6kken\u00e9se n\u00e9lk\u00fcl.<\/li>\n<\/ul>\n<p><strong>Csomag tartalma:<\/strong><\/p>\n<ol>\n<li><strong>3D nyomtat\u00f3 Mega 2560 lemez A4988 l\u00e9ptet\u0151motor-meghajt\u00f3kkal:<\/strong> \u00c1tfog\u00f3 megold\u00e1s a fokozott motorvez\u00e9rl\u00e9shez \u00e9s megb\u00edzhat\u00f3s\u00e1ghoz.<\/li>\n<li><strong>LCD kijelz\u0151 csatlakoz\u00f3kkal:<\/strong> Intuit\u00edv \u00e9s felhaszn\u00e1l\u00f3bar\u00e1t, val\u00f3s idej\u0171 betekint\u00e9st ny\u00fajt a nyomtat\u00e1si folyamatba.<\/li>\n<\/ol>\n<p><strong>Hat\u00e1rtalan kreativit\u00e1s:<\/strong> Az LCD vez\u00e9rl\u0151panel Mega 2560 seg\u00edts\u00e9g\u00e9vel b\u0151v\u00edtheti 3D nyomtat\u00e1si projektjeit. Kiterjedt mem\u00f3ri\u00e1j\u00e1val, fejlett l\u00e9ptet\u0151motor-meghajt\u00f3ival \u00e9s sokoldal\u00fa t\u00e1pell\u00e1t\u00e1si lehet\u0151s\u00e9geivel ez a k\u00e1rtya a kulcs ahhoz, hogy kitolhasd a lehet\u0151s\u00e9gek hat\u00e1rait. Emelje fel k\u00e9zm\u0171ves munk\u00e1j\u00e1t, \u00e9s \u00e9rjen el leny\u0171g\u00f6z\u0151 eredm\u00e9nyeket az LCD Control Board Mega 2560 seg\u00edts\u00e9g\u00e9vel &#8211; ahol az innov\u00e1ci\u00f3 tal\u00e1lkozik a precizit\u00e1ssal. Friss\u00edtse fel 3D nyomtat\u00e1si be\u00e1ll\u00edt\u00e1sait, \u00e9s induljon el a v\u00e9gtelen kreativit\u00e1s \u00fatj\u00e1n.   <\/p>\n","protected":false},"excerpt":{"rendered":"<p>Bemutatjuk a Mega 2560 LCD-vez\u00e9rl\u0151panelt &#8211; az \u00d6n kapuja a 3D-nyomtat\u00e1s precizit\u00e1s\u00e1nak \u00e9s vez\u00e9rl\u00e9s\u00e9nek jav\u00edt\u00e1s\u00e1hoz. Ez a robusztus funkci\u00f3kkal teli, \u00e9lvonalbeli lapot \u00fagy tervezt\u00fck, hogy a 3D nyomtat\u00e1s \u00e9lm\u00e9ny\u00e9t m\u00e9g magasabb szintre emelje. <\/p>\n","protected":false},"featured_media":57744,"comment_status":"closed","ping_status":"closed","template":"","meta":{"_acf_changed":false},"product_brand":[],"product_cat":[1679,2275,2224,2221],"product_tag":[],"brand":[],"class_list":{"0":"post-57743","1":"product","2":"type-product","3":"status-publish","4":"has-post-thumbnail","6":"product_cat-elado","7":"product_cat-mainboards-hu","8":"product_cat-minden-potalkatresz","9":"product_cat-potalkatreszek","11":"first","12":"instock","13":"sale","14":"taxable","15":"shipping-taxable","16":"purchasable","17":"product-type-simple"},"acf":[],"_links":{"self":[{"href":"https:\/\/azurefilm.com\/hu\/wp-json\/wp\/v2\/product\/57743","targetHints":{"allow":["GET"]}}],"collection":[{"href":"https:\/\/azurefilm.com\/hu\/wp-json\/wp\/v2\/product"}],"about":[{"href":"https:\/\/azurefilm.com\/hu\/wp-json\/wp\/v2\/types\/product"}],"replies":[{"embeddable":true,"href":"https:\/\/azurefilm.com\/hu\/wp-json\/wp\/v2\/comments?post=57743"}],"wp:featuredmedia":[{"embeddable":true,"href":"https:\/\/azurefilm.com\/hu\/wp-json\/wp\/v2\/media\/57744"}],"wp:attachment":[{"href":"https:\/\/azurefilm.com\/hu\/wp-json\/wp\/v2\/media?parent=57743"}],"wp:term":[{"taxonomy":"product_brand","embeddable":true,"href":"https:\/\/azurefilm.com\/hu\/wp-json\/wp\/v2\/product_brand?post=57743"},{"taxonomy":"product_cat","embeddable":true,"href":"https:\/\/azurefilm.com\/hu\/wp-json\/wp\/v2\/product_cat?post=57743"},{"taxonomy":"product_tag","embeddable":true,"href":"https:\/\/azurefilm.com\/hu\/wp-json\/wp\/v2\/product_tag?post=57743"},{"taxonomy":"brand","embeddable":true,"href":"https:\/\/azurefilm.com\/hu\/wp-json\/wp\/v2\/brand?post=57743"}],"curies":[{"name":"wp","href":"https:\/\/api.w.org\/{rel}","templated":true}]}}