
{"id":57747,"date":"2023-10-29T14:23:59","date_gmt":"2023-10-29T14:23:59","guid":{"rendered":"https:\/\/azurefilm.com\/product\/vezetok-8-10-12mm\/"},"modified":"2023-10-29T14:23:59","modified_gmt":"2023-10-29T14:23:59","slug":"vezetok-8-10-12mm","status":"publish","type":"product","link":"https:\/\/azurefilm.com\/hu\/termek\/vezetok-8-10-12mm\/","title":{"rendered":"Vezet\u0151k 8\/10\/12mm"},"content":{"rendered":"<h4>Vezet\u0151k 8\/10\/12mm<\/h4>\n<h2><strong>F\u0151bb jellemz\u0151k:<\/strong><\/h2>\n<ul>\n<li>Az \u00fatmutat\u00f3k 100%-ban vadonat\u00faj \u00e9s kiv\u00e1l\u00f3 min\u0151s\u00e9g\u0171ek<\/li>\n<li>Tart\u00f3sak \u00e9s praktikusak a haszn\u00e1latukban<\/li>\n<li>Nagy pontoss\u00e1g, nagy kem\u00e9nys\u00e9g<\/li>\n<li>Sima fel\u00fclet, ellen\u00e1ll a s\u00farl\u00f3d\u00e1snak \u00e9s a korr\u00f3zi\u00f3nak<\/li>\n<li>Alkalmazhat\u00f3 3D nyomtat\u00f3khoz.<\/li>\n<\/ul>\n<h3><strong>T\u00f6bbf\u00e9le hossz\u00fas\u00e1gban kaphat\u00f3, hogy megfeleljen az \u00d6n ig\u00e9nyeinek:<\/strong><\/h3>\n<p>Vezet\u0151k 8mm<\/p>\n<ul>\n<li>400mm<\/li>\n<li>500mm<\/li>\n<li>600mm<\/li>\n<li>1000mm<\/li>\n<\/ul>\n<p>Vezet\u0151k 10mm<\/p>\n<ul>\n<li>500mm<\/li>\n<li>1000mm<\/li>\n<\/ul>\n<p>Giudes 12mm<\/p>\n<ul>\n<li>500mm<\/li>\n<li>1000mm<\/li>\n<\/ul>\n<p>&nbsp;<\/p>\n","protected":false},"excerpt":{"rendered":"<p><strong>8 mm-es vezet\u0151k<\/strong> 3D nyomtat\u00f3hoz 8 mm \u00e1tm\u00e9r\u0151j\u0171 \u00e9s 400 mm, 500 mm, 600 mm vagy 1000 mm hossz\u00fas\u00e1g\u00fa 3D nyomtat\u00f3khoz.<\/p>\n","protected":false},"featured_media":57750,"comment_status":"closed","ping_status":"closed","template":"","meta":{"_acf_changed":false},"product_brand":[],"product_cat":[2257,1679,2224,2221],"product_tag":[],"brand":[],"class_list":{"0":"post-57747","1":"product","2":"type-product","3":"status-publish","4":"has-post-thumbnail","6":"product_cat-csapagyak-es-vezetok","7":"product_cat-elado","8":"product_cat-minden-potalkatresz","9":"product_cat-potalkatreszek","11":"first","12":"instock","13":"sale","14":"taxable","15":"shipping-taxable","16":"purchasable","17":"product-type-variable","18":"has-default-attributes"},"acf":[],"_links":{"self":[{"href":"https:\/\/azurefilm.com\/hu\/wp-json\/wp\/v2\/product\/57747","targetHints":{"allow":["GET"]}}],"collection":[{"href":"https:\/\/azurefilm.com\/hu\/wp-json\/wp\/v2\/product"}],"about":[{"href":"https:\/\/azurefilm.com\/hu\/wp-json\/wp\/v2\/types\/product"}],"replies":[{"embeddable":true,"href":"https:\/\/azurefilm.com\/hu\/wp-json\/wp\/v2\/comments?post=57747"}],"wp:featuredmedia":[{"embeddable":true,"href":"https:\/\/azurefilm.com\/hu\/wp-json\/wp\/v2\/media\/57750"}],"wp:attachment":[{"href":"https:\/\/azurefilm.com\/hu\/wp-json\/wp\/v2\/media?parent=57747"}],"wp:term":[{"taxonomy":"product_brand","embeddable":true,"href":"https:\/\/azurefilm.com\/hu\/wp-json\/wp\/v2\/product_brand?post=57747"},{"taxonomy":"product_cat","embeddable":true,"href":"https:\/\/azurefilm.com\/hu\/wp-json\/wp\/v2\/product_cat?post=57747"},{"taxonomy":"product_tag","embeddable":true,"href":"https:\/\/azurefilm.com\/hu\/wp-json\/wp\/v2\/product_tag?post=57747"},{"taxonomy":"brand","embeddable":true,"href":"https:\/\/azurefilm.com\/hu\/wp-json\/wp\/v2\/brand?post=57747"}],"curies":[{"name":"wp","href":"https:\/\/api.w.org\/{rel}","templated":true}]}}