
{"id":57754,"date":"2023-10-29T14:23:59","date_gmt":"2023-10-29T14:23:59","guid":{"rendered":"https:\/\/azurefilm.com\/product\/lcd-full-graphic-smart-controller\/"},"modified":"2023-10-29T14:23:59","modified_gmt":"2023-10-29T14:23:59","slug":"lcd-full-graphic-smart-controller","status":"publish","type":"product","link":"https:\/\/azurefilm.com\/hu\/termek\/lcd-full-graphic-smart-controller\/","title":{"rendered":"LCD Full Graphic Smart Controller"},"content":{"rendered":"<h2><strong>F\u0151bb jellemz\u0151k:<\/strong><\/h2>\n<ul>\n<li>Ez a teljes grafikus intelligens vez\u00e9rl\u0151 SD-k\u00e1rtyaolvas\u00f3t, sima k\u00e1beleket, 128 x 64 pontm\u00e1trixos LCD-kijelz\u0151t \u00e9s az 1.4-es r\u00e1mp\u00e1khoz val\u00f3 intelligens adaptert tartalmaz.<\/li>\n<li>A mell\u00e9kelt &#8220;intelligens adapter&#8221; seg\u00edts\u00e9g\u00e9vel k\u00f6nnyen csatlakoztathatja a Ramps t\u00e1bl\u00e1hoz.<\/li>\n<li>Miut\u00e1n csatlakoztatta ezt a panelt a r\u00e1mp\u00e1j\u00e1hoz, nincs t\u00f6bb\u00e9 sz\u00fcks\u00e9ge a sz\u00e1m\u00edt\u00f3g\u00e9p\u00e9re, a Smart Controller biztos\u00edtja az SD-k\u00e1rtya t\u00e1pell\u00e1t\u00e1s\u00e1t. Nyomtassa ki 3D terveit PC n\u00e9lk\u00fcl, csak az SD-k\u00e1rty\u00e1n t\u00e1rolt g-k\u00f3dos tervvel. <\/li>\n<\/ul>\n","protected":false},"excerpt":{"rendered":"<p><strong>Az LCD Full Graphic Smart Controller<\/strong> 128&#215;64 k\u00e9ppontos LCD kijelz\u0151vel \u00e9s SD k\u00e1rtyaolvas\u00f3val rendelkezik. Sima k\u00e1belekkel \u00e9s a Ramps 1.4 intelligens adapterrel \u00e9rkezik. <\/p>\n","protected":false},"featured_media":57758,"comment_status":"closed","ping_status":"closed","template":"","meta":{"_acf_changed":false},"product_brand":[],"product_cat":[1679,2275,2224,2221],"product_tag":[],"brand":[],"class_list":{"0":"post-57754","1":"product","2":"type-product","3":"status-publish","4":"has-post-thumbnail","6":"product_cat-elado","7":"product_cat-mainboards-hu","8":"product_cat-minden-potalkatresz","9":"product_cat-potalkatreszek","11":"first","12":"instock","13":"sale","14":"taxable","15":"shipping-taxable","16":"purchasable","17":"product-type-simple"},"acf":[],"_links":{"self":[{"href":"https:\/\/azurefilm.com\/hu\/wp-json\/wp\/v2\/product\/57754","targetHints":{"allow":["GET"]}}],"collection":[{"href":"https:\/\/azurefilm.com\/hu\/wp-json\/wp\/v2\/product"}],"about":[{"href":"https:\/\/azurefilm.com\/hu\/wp-json\/wp\/v2\/types\/product"}],"replies":[{"embeddable":true,"href":"https:\/\/azurefilm.com\/hu\/wp-json\/wp\/v2\/comments?post=57754"}],"wp:featuredmedia":[{"embeddable":true,"href":"https:\/\/azurefilm.com\/hu\/wp-json\/wp\/v2\/media\/57758"}],"wp:attachment":[{"href":"https:\/\/azurefilm.com\/hu\/wp-json\/wp\/v2\/media?parent=57754"}],"wp:term":[{"taxonomy":"product_brand","embeddable":true,"href":"https:\/\/azurefilm.com\/hu\/wp-json\/wp\/v2\/product_brand?post=57754"},{"taxonomy":"product_cat","embeddable":true,"href":"https:\/\/azurefilm.com\/hu\/wp-json\/wp\/v2\/product_cat?post=57754"},{"taxonomy":"product_tag","embeddable":true,"href":"https:\/\/azurefilm.com\/hu\/wp-json\/wp\/v2\/product_tag?post=57754"},{"taxonomy":"brand","embeddable":true,"href":"https:\/\/azurefilm.com\/hu\/wp-json\/wp\/v2\/brand?post=57754"}],"curies":[{"name":"wp","href":"https:\/\/api.w.org\/{rel}","templated":true}]}}