
{"id":57761,"date":"2023-10-29T14:23:59","date_gmt":"2023-10-29T14:23:59","guid":{"rendered":"https:\/\/azurefilm.com\/product\/aluminium-motorpofa-tengelykapcsolo\/"},"modified":"2023-10-29T14:23:59","modified_gmt":"2023-10-29T14:23:59","slug":"aluminium-motorpofa-tengelykapcsolo","status":"publish","type":"product","link":"https:\/\/azurefilm.com\/hu\/termek\/aluminium-motorpofa-tengelykapcsolo\/","title":{"rendered":"Alum\u00ednium motorpofa tengelykapcsol\u00f3"},"content":{"rendered":"<h2><strong>F\u0151bb jellemz\u0151k:<\/strong><\/h2>\n<ul>\n<li>Az alum\u00ednium motorpofa tengelykapcsol\u00f3 kiv\u00e1l\u00f3 min\u0151s\u00e9g\u0171 anyagb\u00f3l k\u00e9sz\u00fclt, \u00e9s h\u00e1rom k\u00fcl\u00f6nb\u00f6z\u0151 m\u00e9retben kaphat\u00f3.<\/li>\n<li>Tart\u00f3s \u00e9s praktikus a haszn\u00e1lata.<\/li>\n<\/ul>\n<h3><strong>A Z hajtott tengely vill\u00e1skapcsol\u00f3ja :<\/strong><\/h3>\n<ul>\n<li>A motort\u00f3l fi 5 mm-t\u0151l fi 5 mm-ig<\/li>\n<li>A motort\u00f3l sz\u00e1m\u00edtott 5 mm-t\u0151l 8 mm-ig<\/li>\n<li>A motort\u00f3l sz\u00e1m\u00edtott 5 mm-t\u0151l 10 mm-ig<\/li>\n<\/ul>\n","protected":false},"excerpt":{"rendered":"<p><strong>Az alum\u00ednium motorpofa tengelykapcsol\u00f3<\/strong> kiv\u00e1l\u00f3 min\u0151s\u00e9g\u0171 anyagb\u00f3l k\u00e9sz\u00fclt, \u00e9s h\u00e1rom k\u00fcl\u00f6nb\u00f6z\u0151 m\u00e9retben kaphat\u00f3.<\/p>\n","protected":false},"featured_media":57769,"comment_status":"closed","ping_status":"closed","template":"","meta":{"_acf_changed":false},"product_brand":[],"product_cat":[2257,1679,2224,2221],"product_tag":[],"brand":[],"class_list":{"0":"post-57761","1":"product","2":"type-product","3":"status-publish","4":"has-post-thumbnail","6":"product_cat-csapagyak-es-vezetok","7":"product_cat-elado","8":"product_cat-minden-potalkatresz","9":"product_cat-potalkatreszek","11":"first","12":"instock","13":"sale","14":"taxable","15":"shipping-taxable","16":"purchasable","17":"product-type-variable"},"acf":[],"_links":{"self":[{"href":"https:\/\/azurefilm.com\/hu\/wp-json\/wp\/v2\/product\/57761","targetHints":{"allow":["GET"]}}],"collection":[{"href":"https:\/\/azurefilm.com\/hu\/wp-json\/wp\/v2\/product"}],"about":[{"href":"https:\/\/azurefilm.com\/hu\/wp-json\/wp\/v2\/types\/product"}],"replies":[{"embeddable":true,"href":"https:\/\/azurefilm.com\/hu\/wp-json\/wp\/v2\/comments?post=57761"}],"wp:featuredmedia":[{"embeddable":true,"href":"https:\/\/azurefilm.com\/hu\/wp-json\/wp\/v2\/media\/57769"}],"wp:attachment":[{"href":"https:\/\/azurefilm.com\/hu\/wp-json\/wp\/v2\/media?parent=57761"}],"wp:term":[{"taxonomy":"product_brand","embeddable":true,"href":"https:\/\/azurefilm.com\/hu\/wp-json\/wp\/v2\/product_brand?post=57761"},{"taxonomy":"product_cat","embeddable":true,"href":"https:\/\/azurefilm.com\/hu\/wp-json\/wp\/v2\/product_cat?post=57761"},{"taxonomy":"product_tag","embeddable":true,"href":"https:\/\/azurefilm.com\/hu\/wp-json\/wp\/v2\/product_tag?post=57761"},{"taxonomy":"brand","embeddable":true,"href":"https:\/\/azurefilm.com\/hu\/wp-json\/wp\/v2\/brand?post=57761"}],"curies":[{"name":"wp","href":"https:\/\/api.w.org\/{rel}","templated":true}]}}