
{"id":57762,"date":"2023-10-29T14:23:59","date_gmt":"2023-10-29T14:23:59","guid":{"rendered":"https:\/\/azurefilm.com\/product\/dc-hutoventilator-6010-dc-12-24v-dc\/"},"modified":"2023-10-29T14:23:59","modified_gmt":"2023-10-29T14:23:59","slug":"dc-hutoventilator-6010-dc-12-24v-dc","status":"publish","type":"product","link":"https:\/\/azurefilm.com\/hu\/termek\/dc-hutoventilator-6010-dc-12-24v-dc\/","title":{"rendered":"DC h\u0171t\u0151ventil\u00e1tor 6010 DC 12\/24V DC"},"content":{"rendered":"<h2><strong>F\u0151bb jellemz\u0151k:<\/strong><\/h2>\n<ul>\n<li>Kiv\u00e1l\u00f3an alkalmas a 3D nyomtat\u00f3k h\u0151elnyel\u0151inek, nyomatainak, extruder\u00e9nek \u00e9s egy\u00e9b alkatr\u00e9szeinek h\u0171t\u00e9s\u00e9re,<\/li>\n<li>Kiv\u00e1l\u00f3 min\u0151s\u00e9g\u0171 anyagokb\u00f3l k\u00e9sz\u00fclt, k\u00f6rnyezetbar\u00e1t, biztons\u00e1gos \u00e9s \u00e1rtalmatlan,<\/li>\n<li>Magas h\u0151m\u00e9rs\u00e9kletnek ellen\u00e1ll\u00f3 \u00e9s rendk\u00edv\u00fcl tart\u00f3s,<\/li>\n<li>A csap\u00e1gy nagy pontoss\u00e1g\u00fa, hossz\u00fa \u00e9lettartam\u00fa,<\/li>\n<li>  Nagy forg\u00e1si sebess\u00e9g alacsony zajszint mellett,<\/li>\n<li>K\u00f6nnyen telep\u00edthet\u0151.<\/li>\n<\/ul>\n<h2><strong>Specifik\u00e1ci\u00f3k:<\/strong><\/h2>\n<ul>\n<li>T\u00e9tel neve: 6010 12\/24V Cooling Fan (h\u0171t\u0151ventil\u00e1tor)<\/li>\n<li>Ventil\u00e1tor m\u00e9rete: 60x60x10mm<\/li>\n<li>Csap\u00e1gyt\u00edpus: .<\/li>\n<li>N\u00e9vleges fesz\u00fclts\u00e9g: DC 12\/24V<\/li>\n<li>N\u00e9vleges \u00e1ram: 0,18Amp\u00b110%<\/li>\n<li>N\u00e9vleges sebess\u00e9g: 3200RPM\u00b110%<\/li>\n<li>Zajszint: 24dBA\u00b110%<\/li>\n<li>L\u00e9g\u00e1raml\u00e1s: \u00b110%<\/li>\n<li>Szerel\u00e9si m\u00e9ret: 50.0\u00b10.3mm<\/li>\n<\/ul>\n","protected":false},"excerpt":{"rendered":"<p>A DC h\u0171t\u0151ventil\u00e1tor 6010 DC12V 24V 3D nyomtat\u00f3khoz kiv\u00e1l\u00f3an alkalmas a forr\u00f3 v\u00e9gek, nyomatok, extruder \u00e9s egy\u00e9b 3D nyomtat\u00f3k h\u0151elnyel\u0151inek h\u0171t\u00e9s\u00e9re.<\/p>\n","protected":false},"featured_media":57763,"comment_status":"closed","ping_status":"closed","template":"","meta":{"_acf_changed":false},"product_brand":[],"product_cat":[1679,2229,2224,2221],"product_tag":[],"brand":[],"class_list":{"0":"post-57762","1":"product","2":"type-product","3":"status-publish","4":"has-post-thumbnail","6":"product_cat-elado","7":"product_cat-fans-hu","8":"product_cat-minden-potalkatresz","9":"product_cat-potalkatreszek","11":"first","12":"instock","13":"sale","14":"taxable","15":"shipping-taxable","16":"purchasable","17":"product-type-variable"},"acf":[],"_links":{"self":[{"href":"https:\/\/azurefilm.com\/hu\/wp-json\/wp\/v2\/product\/57762","targetHints":{"allow":["GET"]}}],"collection":[{"href":"https:\/\/azurefilm.com\/hu\/wp-json\/wp\/v2\/product"}],"about":[{"href":"https:\/\/azurefilm.com\/hu\/wp-json\/wp\/v2\/types\/product"}],"replies":[{"embeddable":true,"href":"https:\/\/azurefilm.com\/hu\/wp-json\/wp\/v2\/comments?post=57762"}],"wp:featuredmedia":[{"embeddable":true,"href":"https:\/\/azurefilm.com\/hu\/wp-json\/wp\/v2\/media\/57763"}],"wp:attachment":[{"href":"https:\/\/azurefilm.com\/hu\/wp-json\/wp\/v2\/media?parent=57762"}],"wp:term":[{"taxonomy":"product_brand","embeddable":true,"href":"https:\/\/azurefilm.com\/hu\/wp-json\/wp\/v2\/product_brand?post=57762"},{"taxonomy":"product_cat","embeddable":true,"href":"https:\/\/azurefilm.com\/hu\/wp-json\/wp\/v2\/product_cat?post=57762"},{"taxonomy":"product_tag","embeddable":true,"href":"https:\/\/azurefilm.com\/hu\/wp-json\/wp\/v2\/product_tag?post=57762"},{"taxonomy":"brand","embeddable":true,"href":"https:\/\/azurefilm.com\/hu\/wp-json\/wp\/v2\/brand?post=57762"}],"curies":[{"name":"wp","href":"https:\/\/api.w.org\/{rel}","templated":true}]}}