
{"id":57783,"date":"2023-10-29T14:23:59","date_gmt":"2023-10-29T14:23:59","guid":{"rendered":"https:\/\/azurefilm.com\/product\/vezermuszij-gt2\/"},"modified":"2023-10-29T14:23:59","modified_gmt":"2023-10-29T14:23:59","slug":"vezermuszij-gt2","status":"publish","type":"product","link":"https:\/\/azurefilm.com\/hu\/termek\/vezermuszij-gt2\/","title":{"rendered":"Vez\u00e9rm\u0171sz\u00edj GT2"},"content":{"rendered":"<h2><b>F\u0151bb jellemz\u0151k:<\/b><\/h2>\n<ul>\n<li>6 mm sz\u00e9les,<\/li>\n<li>Tart\u00f3s \u00e9s praktikus,<\/li>\n<li>Er\u0151s kop\u00e1sv\u00e9delemmel rendelkezik,<\/li>\n<li>Nagy pozicion\u00e1l\u00e1si pontoss\u00e1g \u00e9s ism\u00e9telhet\u0151s\u00e9g,<\/li>\n<li>A GT2 vez\u00e9rm\u0171sz\u00edjrendszer k\u00fcl\u00f6n\u00f6sen alkalmas line\u00e1ris mozgat\u00e1sra \u00e9s pozicion\u00e1l\u00e1sra, p\u00e9ld\u00e1ul 3D nyomtat\u00f3khoz.<\/li>\n<\/ul>\n<h2><strong>Specifik\u00e1ci\u00f3k:<\/strong><\/h2>\n<ul>\n<li>T\u00e9tel neve: GT2 vez\u00e9rm\u0171sz\u00edj<\/li>\n<li>Sz\u00edn: Fekete<\/li>\n<li>T\u00edpus: Nyitott \u00f6v<\/li>\n<li>Hossz: m\u00e9terenk\u00e9nt<\/li>\n<li>\u00d6vsz\u00e9less\u00e9g: 6mm<\/li>\n<li>Alkalmas: 3D nyomtat\u00f3hoz<\/li>\n<\/ul>\n","protected":false},"excerpt":{"rendered":"<p>A tart\u00f3s <strong>GT2 vez\u00e9rm\u0171sz\u00edj<\/strong> 6 mm sz\u00e9les, \u00e9s 3D nyomtat\u00f3khoz alkalmas.<\/p>\n","protected":false},"featured_media":57789,"comment_status":"closed","ping_status":"closed","template":"","meta":{"_acf_changed":false},"product_brand":[],"product_cat":[2238,1679,2224,2221],"product_tag":[],"brand":[],"class_list":{"0":"post-57783","1":"product","2":"type-product","3":"status-publish","4":"has-post-thumbnail","6":"product_cat-egyeb-tetelek","7":"product_cat-elado","8":"product_cat-minden-potalkatresz","9":"product_cat-potalkatreszek","11":"first","12":"instock","13":"sale","14":"taxable","15":"shipping-taxable","16":"purchasable","17":"product-type-simple"},"acf":[],"_links":{"self":[{"href":"https:\/\/azurefilm.com\/hu\/wp-json\/wp\/v2\/product\/57783","targetHints":{"allow":["GET"]}}],"collection":[{"href":"https:\/\/azurefilm.com\/hu\/wp-json\/wp\/v2\/product"}],"about":[{"href":"https:\/\/azurefilm.com\/hu\/wp-json\/wp\/v2\/types\/product"}],"replies":[{"embeddable":true,"href":"https:\/\/azurefilm.com\/hu\/wp-json\/wp\/v2\/comments?post=57783"}],"wp:featuredmedia":[{"embeddable":true,"href":"https:\/\/azurefilm.com\/hu\/wp-json\/wp\/v2\/media\/57789"}],"wp:attachment":[{"href":"https:\/\/azurefilm.com\/hu\/wp-json\/wp\/v2\/media?parent=57783"}],"wp:term":[{"taxonomy":"product_brand","embeddable":true,"href":"https:\/\/azurefilm.com\/hu\/wp-json\/wp\/v2\/product_brand?post=57783"},{"taxonomy":"product_cat","embeddable":true,"href":"https:\/\/azurefilm.com\/hu\/wp-json\/wp\/v2\/product_cat?post=57783"},{"taxonomy":"product_tag","embeddable":true,"href":"https:\/\/azurefilm.com\/hu\/wp-json\/wp\/v2\/product_tag?post=57783"},{"taxonomy":"brand","embeddable":true,"href":"https:\/\/azurefilm.com\/hu\/wp-json\/wp\/v2\/brand?post=57783"}],"curies":[{"name":"wp","href":"https:\/\/api.w.org\/{rel}","templated":true}]}}