
{"id":57792,"date":"2023-10-29T14:23:59","date_gmt":"2023-10-29T14:23:59","guid":{"rendered":"https:\/\/azurefilm.com\/product\/termisztor-kabellel\/"},"modified":"2023-10-29T14:23:59","modified_gmt":"2023-10-29T14:23:59","slug":"termisztor-kabellel","status":"publish","type":"product","link":"https:\/\/azurefilm.com\/hu\/termek\/termisztor-kabellel\/","title":{"rendered":"Termisztor k\u00e1bellel"},"content":{"rendered":"<h2><strong>F\u0151bb jellemz\u0151k:<\/strong><\/h2>\n<ul>\n<li>Ellen\u00e1ll\u00e1s h\u0151m\u00e9rs\u00e9kleti egy\u00fctthat\u00f3ja: -2-5%\/\u2103<\/li>\n<li>Ellen\u00e1ll\u00e1s \u00e9rt\u00e9ke 25\u00b0C-on = 100K<\/li>\n<li>termikus id\u0151\u00e1lland\u00f3: \u22647s (statikus leveg\u0151ben)<\/li>\n<li>Maxim\u00e1lis n\u00e9vleges terhel\u00e9s\uff1a45mW<\/li>\n<li>Haszn\u00e1lati h\u0151m\u00e9rs\u00e9klet-tartom\u00e1ny: -40 \u2103 &#8211; +30 \u2103<\/li>\n<li>Haszn\u00e1lja f\u0171t\u00f6tt \u00e1gy vagy extruder eset\u00e9n: CR-10, CR-10S, CR-10S Pro, CR-10 S4, CR-10 S5, Ender 3 \u00e9s Ender 3 Pro.<\/li>\n<li>Vezet\u00e9kek hossza: 1 m\u00e9ter<\/li>\n<li>Sz\u00edn: feh\u00e9r<\/li>\n<\/ul>\n","protected":false},"excerpt":{"rendered":"<p><strong>Termisztor k\u00e1bellel<\/strong> haszn\u00e1lhat\u00f3 f\u0171t\u00f6tt \u00e1gyhoz vagy extruderhez a Creality CR-10, 10S, 10S Pro, 10 S4, S5 Ender 3 \u00e9s 3 Pro 3D nyomtat\u00f3khoz.<\/p>\n","protected":false},"featured_media":57800,"comment_status":"closed","ping_status":"closed","template":"","meta":{"_acf_changed":false},"product_brand":[],"product_cat":[1679,2224,2221,2277],"product_tag":[],"brand":[],"class_list":{"0":"post-57792","1":"product","2":"type-product","3":"status-publish","4":"has-post-thumbnail","6":"product_cat-elado","7":"product_cat-minden-potalkatresz","8":"product_cat-potalkatreszek","9":"product_cat-thermistorok","11":"first","12":"instock","13":"sale","14":"taxable","15":"shipping-taxable","16":"purchasable","17":"product-type-simple"},"acf":[],"_links":{"self":[{"href":"https:\/\/azurefilm.com\/hu\/wp-json\/wp\/v2\/product\/57792","targetHints":{"allow":["GET"]}}],"collection":[{"href":"https:\/\/azurefilm.com\/hu\/wp-json\/wp\/v2\/product"}],"about":[{"href":"https:\/\/azurefilm.com\/hu\/wp-json\/wp\/v2\/types\/product"}],"replies":[{"embeddable":true,"href":"https:\/\/azurefilm.com\/hu\/wp-json\/wp\/v2\/comments?post=57792"}],"wp:featuredmedia":[{"embeddable":true,"href":"https:\/\/azurefilm.com\/hu\/wp-json\/wp\/v2\/media\/57800"}],"wp:attachment":[{"href":"https:\/\/azurefilm.com\/hu\/wp-json\/wp\/v2\/media?parent=57792"}],"wp:term":[{"taxonomy":"product_brand","embeddable":true,"href":"https:\/\/azurefilm.com\/hu\/wp-json\/wp\/v2\/product_brand?post=57792"},{"taxonomy":"product_cat","embeddable":true,"href":"https:\/\/azurefilm.com\/hu\/wp-json\/wp\/v2\/product_cat?post=57792"},{"taxonomy":"product_tag","embeddable":true,"href":"https:\/\/azurefilm.com\/hu\/wp-json\/wp\/v2\/product_tag?post=57792"},{"taxonomy":"brand","embeddable":true,"href":"https:\/\/azurefilm.com\/hu\/wp-json\/wp\/v2\/brand?post=57792"}],"curies":[{"name":"wp","href":"https:\/\/api.w.org\/{rel}","templated":true}]}}