
{"id":57793,"date":"2023-10-29T14:23:59","date_gmt":"2023-10-29T14:23:59","guid":{"rendered":"https:\/\/azurefilm.com\/product\/tapegyseg-12-24v-150-350w\/"},"modified":"2023-10-29T14:23:59","modified_gmt":"2023-10-29T14:23:59","slug":"tapegyseg-12-24v-150-350w","status":"publish","type":"product","link":"https:\/\/azurefilm.com\/hu\/termek\/tapegyseg-12-24v-150-350w\/","title":{"rendered":"T\u00e1pegys\u00e9g 12\/24V 150 &#8211; 350W"},"content":{"rendered":"<h4><span style=\"vertical-align: inherit;\">T\u00e1pegys\u00e9g 12\/24V 150 &#8211; 350W<\/span><\/h4>\n<h3><strong><span style=\"vertical-align: inherit;\">F\u0151bb jellemz\u0151k:<\/span><\/strong><\/h3>\n<p><strong><span style=\"vertical-align: inherit;\">T\u00e1pegys\u00e9g 12\/24V 150 &#8211; 350W<\/span><\/strong><span style=\"vertical-align: inherit;\"> F\u0151bb jellemz\u0151k:<\/span><\/p>\n<ul>\n<li><strong><span style=\"vertical-align: inherit;\">T\u00e1pegys\u00e9g:<\/span><\/strong><span style=\"vertical-align: inherit;\"> 30A<\/span><\/li>\n<li><strong><span style=\"vertical-align: inherit;\">Izhodna fesz\u00fclts\u00e9g:<\/span><\/strong><span style=\"vertical-align: inherit;\"> fesz\u00fclts\u00e9g: 12 volt<\/span><\/li>\n<li><strong><span style=\"vertical-align: inherit;\">Kimeneti teljes\u00edtm\u00e9ny:<\/span><\/strong><span style=\"vertical-align: inherit;\"> 350 watt<\/span><\/li>\n<li><strong><span style=\"vertical-align: inherit;\">Kimeneti \u00e1ram:<\/span><\/strong><span style=\"vertical-align: inherit;\"> 30 amper<\/span><\/li>\n<li><strong><span style=\"vertical-align: inherit;\">Nagy teljes\u00edtm\u00e9ny:<\/span><\/strong><span style=\"vertical-align: inherit;\"> Alkalmas nagyobb energiafogyaszt\u00e1st ig\u00e9nyl\u0151 alkalmaz\u00e1sokhoz.<\/span><\/li>\n<li><strong><span style=\"vertical-align: inherit;\">Sokoldal\u00fa:<\/span><\/strong><span style=\"vertical-align: inherit;\"> K\u00fcl\u00f6nb\u00f6z\u0151 eszk\u00f6z\u00f6k \u00e9s elektronikus alkatr\u00e9szek t\u00e1pl\u00e1l\u00e1s\u00e1ra alkalmas.<\/span><\/li>\n<\/ul>\n<p><strong><span style=\"vertical-align: inherit;\">T\u00e1pegys\u00e9g:<\/span><\/strong><span style=\"vertical-align: inherit;\"> 15A<\/span><\/p>\n<ul>\n<li><strong><span style=\"vertical-align: inherit;\">Izhodna fesz\u00fclts\u00e9g:<\/span><\/strong><span style=\"vertical-align: inherit;\"> fesz\u00fclts\u00e9g: 24 volt<\/span><\/li>\n<li><strong><span style=\"vertical-align: inherit;\">Kimeneti teljes\u00edtm\u00e9ny:<\/span><\/strong><span style=\"vertical-align: inherit;\"> 350 watt<\/span><\/li>\n<li><strong><span style=\"vertical-align: inherit;\">Kimeneti \u00e1ram:<\/span><\/strong><span style=\"vertical-align: inherit;\"> 15 amper<\/span><\/li>\n<li><strong><span style=\"vertical-align: inherit;\">Magasabb fesz\u00fclts\u00e9g:<\/span><\/strong><span style=\"vertical-align: inherit;\"> Alkalmas olyan eszk\u00f6z\u00f6kh\u00f6z, amelyek 24 V-os rendszerrel m\u0171k\u00f6dnek.<\/span><\/li>\n<li><strong><span style=\"vertical-align: inherit;\">Kiegyens\u00falyozott teljes\u00edtm\u00e9ny:<\/span><\/strong><span style=\"vertical-align: inherit;\"> Egyens\u00falyt biztos\u00edt a fesz\u00fclts\u00e9g \u00e9s az \u00e1ram k\u00f6z\u00f6tt.<\/span><\/li>\n<\/ul>\n<p><strong><span style=\"vertical-align: inherit;\">T\u00e1pegys\u00e9g:<\/span><\/strong><span style=\"vertical-align: inherit;\"> 20A<\/span><\/p>\n<ul>\n<li><strong><span style=\"vertical-align: inherit;\">Izhodna fesz\u00fclts\u00e9g:<\/span><\/strong><span style=\"vertical-align: inherit;\"> fesz\u00fclts\u00e9g: 12 volt<\/span><\/li>\n<li><strong><span style=\"vertical-align: inherit;\">Kimeneti teljes\u00edtm\u00e9ny:<\/span><\/strong><span style=\"vertical-align: inherit;\"> teljes\u00edtm\u00e9ny: 250 watt<\/span><\/li>\n<li><strong><span style=\"vertical-align: inherit;\">Kimeneti \u00e1ram:<\/span><\/strong><span style=\"vertical-align: inherit;\"> \u00e1ram: 20 amper<\/span><\/li>\n<li><strong><span style=\"vertical-align: inherit;\">M\u00e9rs\u00e9kelt teljes\u00edtm\u00e9ny:<\/span><\/strong><span style=\"vertical-align: inherit;\"> Alkalmas m\u00e9rs\u00e9kelt energiaig\u00e9ny\u0171 alkalmaz\u00e1sokhoz.<\/span><\/li>\n<li><strong><span style=\"vertical-align: inherit;\">Magasabb \u00e1ram:<\/span><\/strong><span style=\"vertical-align: inherit;\"> Nagyobb \u00e1ramot biztos\u00edt az ezt ig\u00e9nyl\u0151 eszk\u00f6z\u00f6k sz\u00e1m\u00e1ra.<\/span><\/li>\n<\/ul>\n<p><strong>Napajalnik:<\/strong> 12V &#8211; 150W &#8211; 12,5A<\/p>\n<ul>\n<li><strong><span style=\"vertical-align: inherit;\">Izhodna fesz\u00fclts\u00e9g:<\/span><\/strong><span style=\"vertical-align: inherit;\"> fesz\u00fclts\u00e9g: 12 volt<\/span><\/li>\n<li><strong><span style=\"vertical-align: inherit;\">Kimeneti teljes\u00edtm\u00e9ny:<\/span><\/strong><span style=\"vertical-align: inherit;\"> 150 watt<\/span><\/li>\n<li><strong><span style=\"vertical-align: inherit;\">Kimeneti \u00e1ram:<\/span><\/strong><span style=\"vertical-align: inherit;\"> 12,5 amper<\/span><\/li>\n<li><strong><span style=\"vertical-align: inherit;\">Kompakt teljes\u00edtm\u00e9ny:<\/span><\/strong><span style=\"vertical-align: inherit;\"> Alkalmas alacsonyabb energiaig\u00e9ny\u0171 eszk\u00f6z\u00f6kh\u00f6z.<\/span><\/li>\n<li><strong><span style=\"vertical-align: inherit;\">M\u00e9rs\u00e9kelt teljes\u00edtm\u00e9ny:<\/span><\/strong><span style=\"vertical-align: inherit;\"> M\u00e9rs\u00e9kelt \u00e1ramot biztos\u00edt k\u00fcl\u00f6nb\u00f6z\u0151 alkalmaz\u00e1sokhoz.<\/span><\/li>\n<\/ul>\n","protected":false},"excerpt":{"rendered":"<h4><span style=\"vertical-align: inherit;\">T\u00e1pegys\u00e9g 12\/24V 150 &#8211; 350W<\/span><\/h4>\n","protected":false},"featured_media":57794,"comment_status":"closed","ping_status":"closed","template":"","meta":{"_acf_changed":false},"product_brand":[],"product_cat":[2221,2238,1679,2291,2224],"product_tag":[],"brand":[],"class_list":{"0":"post-57793","1":"product","2":"type-product","3":"status-publish","4":"has-post-thumbnail","6":"product_cat-potalkatreszek","7":"product_cat-egyeb-tetelek","8":"product_cat-elado","9":"product_cat-elektronika-hu","10":"product_cat-minden-potalkatresz","12":"first","13":"instock","14":"sale","15":"taxable","16":"shipping-taxable","17":"purchasable","18":"product-type-variable"},"acf":[],"_links":{"self":[{"href":"https:\/\/azurefilm.com\/hu\/wp-json\/wp\/v2\/product\/57793","targetHints":{"allow":["GET"]}}],"collection":[{"href":"https:\/\/azurefilm.com\/hu\/wp-json\/wp\/v2\/product"}],"about":[{"href":"https:\/\/azurefilm.com\/hu\/wp-json\/wp\/v2\/types\/product"}],"replies":[{"embeddable":true,"href":"https:\/\/azurefilm.com\/hu\/wp-json\/wp\/v2\/comments?post=57793"}],"wp:featuredmedia":[{"embeddable":true,"href":"https:\/\/azurefilm.com\/hu\/wp-json\/wp\/v2\/media\/57794"}],"wp:attachment":[{"href":"https:\/\/azurefilm.com\/hu\/wp-json\/wp\/v2\/media?parent=57793"}],"wp:term":[{"taxonomy":"product_brand","embeddable":true,"href":"https:\/\/azurefilm.com\/hu\/wp-json\/wp\/v2\/product_brand?post=57793"},{"taxonomy":"product_cat","embeddable":true,"href":"https:\/\/azurefilm.com\/hu\/wp-json\/wp\/v2\/product_cat?post=57793"},{"taxonomy":"product_tag","embeddable":true,"href":"https:\/\/azurefilm.com\/hu\/wp-json\/wp\/v2\/product_tag?post=57793"},{"taxonomy":"brand","embeddable":true,"href":"https:\/\/azurefilm.com\/hu\/wp-json\/wp\/v2\/brand?post=57793"}],"curies":[{"name":"wp","href":"https:\/\/api.w.org\/{rel}","templated":true}]}}