
{"id":57804,"date":"2023-10-29T14:23:59","date_gmt":"2023-10-29T14:23:59","guid":{"rendered":"https:\/\/azurefilm.com\/product\/sargarez-lanckerek-extruderhez\/"},"modified":"2023-10-29T14:23:59","modified_gmt":"2023-10-29T14:23:59","slug":"sargarez-lanckerek-extruderhez","status":"publish","type":"product","link":"https:\/\/azurefilm.com\/hu\/termek\/sargarez-lanckerek-extruderhez\/","title":{"rendered":"S\u00e1rgar\u00e9z l\u00e1ncker\u00e9k extruderhez"},"content":{"rendered":"<h2><strong>F\u0151bb jellemz\u0151k:<\/strong><\/h2>\n<ul>\n<li>Sz\u00e9les k\u00f6rben haszn\u00e1lj\u00e1k a 3D nyomtat\u00e1sban<\/li>\n<li>Jobb simas\u00e1got \u00e9s pontosabb poz\u00edcion\u00e1l\u00e1st biztos\u00edt, ami jobb nyomtat\u00e1si min\u0151s\u00e9get eredm\u00e9nyez.<\/li>\n<li>Anyag: s\u00e1rgar\u00e9z<\/li>\n<li>Fogak sz\u00e1ma: 26 fog<\/li>\n<li>M\u00e9ret: 11x11mm<\/li>\n<li>Bels\u0151 fi 5mm<\/li>\n<li>Sz\u00edn: arany<\/li>\n<li>Az \u00e1r 1 darabra vonatkozik<\/li>\n<\/ul>\n","protected":false},"excerpt":{"rendered":"<p><strong>S\u00e1rgar\u00e9z l\u00e1ncker\u00e9k az extruderhez<\/strong>, amely jobb simas\u00e1got \u00e9s pontosabb pozicion\u00e1l\u00e1st biztos\u00edt, ami jobb nyomtat\u00e1si min\u0151s\u00e9get eredm\u00e9nyez.<\/p>\n","protected":false},"featured_media":57805,"comment_status":"closed","ping_status":"closed","template":"","meta":{"_acf_changed":false},"product_brand":[],"product_cat":[1679,2232,2222,2224,2221],"product_tag":[],"brand":[],"class_list":{"0":"post-57804","1":"product","2":"type-product","3":"status-publish","4":"has-post-thumbnail","6":"product_cat-elado","7":"product_cat-extruder-alkatreszek","8":"product_cat-extruders-hu","9":"product_cat-minden-potalkatresz","10":"product_cat-potalkatreszek","11":"pa_compatible-with-creality-fdm-3d-printers","12":"pa_fits-printer-creality-cr-10","13":"pa_fits-printer-creality-ender-3","15":"first","16":"instock","17":"sale","18":"taxable","19":"shipping-taxable","20":"purchasable","21":"product-type-simple"},"acf":[],"_links":{"self":[{"href":"https:\/\/azurefilm.com\/hu\/wp-json\/wp\/v2\/product\/57804","targetHints":{"allow":["GET"]}}],"collection":[{"href":"https:\/\/azurefilm.com\/hu\/wp-json\/wp\/v2\/product"}],"about":[{"href":"https:\/\/azurefilm.com\/hu\/wp-json\/wp\/v2\/types\/product"}],"replies":[{"embeddable":true,"href":"https:\/\/azurefilm.com\/hu\/wp-json\/wp\/v2\/comments?post=57804"}],"wp:featuredmedia":[{"embeddable":true,"href":"https:\/\/azurefilm.com\/hu\/wp-json\/wp\/v2\/media\/57805"}],"wp:attachment":[{"href":"https:\/\/azurefilm.com\/hu\/wp-json\/wp\/v2\/media?parent=57804"}],"wp:term":[{"taxonomy":"product_brand","embeddable":true,"href":"https:\/\/azurefilm.com\/hu\/wp-json\/wp\/v2\/product_brand?post=57804"},{"taxonomy":"product_cat","embeddable":true,"href":"https:\/\/azurefilm.com\/hu\/wp-json\/wp\/v2\/product_cat?post=57804"},{"taxonomy":"product_tag","embeddable":true,"href":"https:\/\/azurefilm.com\/hu\/wp-json\/wp\/v2\/product_tag?post=57804"},{"taxonomy":"brand","embeddable":true,"href":"https:\/\/azurefilm.com\/hu\/wp-json\/wp\/v2\/brand?post=57804"}],"curies":[{"name":"wp","href":"https:\/\/api.w.org\/{rel}","templated":true}]}}