
{"id":57814,"date":"2023-10-29T14:23:59","date_gmt":"2023-10-29T14:23:59","guid":{"rendered":"https:\/\/azurefilm.com\/product\/nema-motor-kabel\/"},"modified":"2023-10-29T14:23:59","modified_gmt":"2023-10-29T14:23:59","slug":"nema-motor-kabel","status":"publish","type":"product","link":"https:\/\/azurefilm.com\/hu\/termek\/nema-motor-kabel\/","title":{"rendered":"Nema motor k\u00e1bel"},"content":{"rendered":"<h4><span style=\"vertical-align: inherit;\">0,8 m, 1,0 m, 1,5 m hossz\u00fa Nema motork\u00e1bel<\/span><\/h4>\n<h3><strong><span style=\"vertical-align: inherit;\">F\u0151 jellemz\u0151k:<\/span><\/strong><\/h3>\n<ul>\n<li><span style=\"vertical-align: inherit;\">Kaphat\u00f3 hossz\u00fas\u00e1gok: 0,8m, 1,0m, 1,5m<\/span><\/li>\n<li><span style=\"vertical-align: inherit;\">Sokoldal\u00fa k\u00e1belv\u00e1laszt\u00e1si lehet\u0151s\u00e9gek: V\u00e1lasszon 0,8 m, 1,0 m vagy 1,5 m hossz\u00fas\u00e1g k\u00f6z\u00fcl, hogy megfeleljen az egyedi alkalmaz\u00e1si ig\u00e9nyeknek.<\/span><\/li>\n<li><span style=\"vertical-align: inherit;\">Tart\u00f3s konstrukci\u00f3: NEMA-motorok megb\u00edzhat\u00f3 csatlakoztat\u00e1s\u00e1ra tervezt\u00e9k.<\/span><\/li>\n<li><span style=\"vertical-align: inherit;\">Optim\u00e1lis hossz\u00fas\u00e1gi lehet\u0151s\u00e9gek: V\u00e1lassza ki a telep\u00edt\u00e9si ig\u00e9nyeinek legink\u00e1bb megfelel\u0151 k\u00e1belhossz\u00fas\u00e1got.<\/span><\/li>\n<li><span style=\"vertical-align: inherit;\">Plug-and-Play: k\u00e9sz k\u00e1belek a motor praktikus \u00e9s egyszer\u0171 csatlakoztat\u00e1s\u00e1hoz.<\/span><\/li>\n<li><span style=\"vertical-align: inherit;\">Min\u0151s\u00e9gi anyagok: Olyan anyagokb\u00f3l k\u00e9sz\u00fclt, amelyek biztos\u00edtj\u00e1k a tart\u00f3ss\u00e1got \u00e9s a hossz\u00fa t\u00e1v\u00fa teljes\u00edtm\u00e9nyt.<\/span><\/li>\n<\/ul>\n<p>&nbsp;<\/p>\n","protected":false},"excerpt":{"rendered":"<p>Nema motork\u00e1bel k\u00fcl\u00f6nb\u00f6z\u0151 m\u00e9retekkel:<\/p>\n<ul>\n<li>0.8m<\/li>\n<li>1.0m<\/li>\n<li>1.5m<\/li>\n<\/ul>\n","protected":false},"featured_media":57819,"comment_status":"closed","ping_status":"closed","template":"","meta":{"_acf_changed":false},"product_brand":[],"product_cat":[2221,1679,2256,2224,2255],"product_tag":[],"brand":[],"class_list":{"0":"post-57814","1":"product","2":"type-product","3":"status-publish","4":"has-post-thumbnail","6":"product_cat-potalkatreszek","7":"product_cat-elado","8":"product_cat-lepeses-motorok","9":"product_cat-minden-potalkatresz","10":"product_cat-motorok-es-meghajtok","12":"first","13":"instock","14":"sale","15":"taxable","16":"shipping-taxable","17":"purchasable","18":"product-type-variable"},"acf":[],"_links":{"self":[{"href":"https:\/\/azurefilm.com\/hu\/wp-json\/wp\/v2\/product\/57814","targetHints":{"allow":["GET"]}}],"collection":[{"href":"https:\/\/azurefilm.com\/hu\/wp-json\/wp\/v2\/product"}],"about":[{"href":"https:\/\/azurefilm.com\/hu\/wp-json\/wp\/v2\/types\/product"}],"replies":[{"embeddable":true,"href":"https:\/\/azurefilm.com\/hu\/wp-json\/wp\/v2\/comments?post=57814"}],"wp:featuredmedia":[{"embeddable":true,"href":"https:\/\/azurefilm.com\/hu\/wp-json\/wp\/v2\/media\/57819"}],"wp:attachment":[{"href":"https:\/\/azurefilm.com\/hu\/wp-json\/wp\/v2\/media?parent=57814"}],"wp:term":[{"taxonomy":"product_brand","embeddable":true,"href":"https:\/\/azurefilm.com\/hu\/wp-json\/wp\/v2\/product_brand?post=57814"},{"taxonomy":"product_cat","embeddable":true,"href":"https:\/\/azurefilm.com\/hu\/wp-json\/wp\/v2\/product_cat?post=57814"},{"taxonomy":"product_tag","embeddable":true,"href":"https:\/\/azurefilm.com\/hu\/wp-json\/wp\/v2\/product_tag?post=57814"},{"taxonomy":"brand","embeddable":true,"href":"https:\/\/azurefilm.com\/hu\/wp-json\/wp\/v2\/brand?post=57814"}],"curies":[{"name":"wp","href":"https:\/\/api.w.org\/{rel}","templated":true}]}}