
{"id":57826,"date":"2023-10-29T14:23:59","date_gmt":"2023-10-29T14:23:59","guid":{"rendered":"https:\/\/azurefilm.com\/product\/gyemant-extruder\/"},"modified":"2023-10-29T14:23:59","modified_gmt":"2023-10-29T14:23:59","slug":"gyemant-extruder","status":"publish","type":"product","link":"https:\/\/azurefilm.com\/hu\/termek\/gyemant-extruder\/","title":{"rendered":"Gy\u00e9m\u00e1nt extruder"},"content":{"rendered":"<h4>Gy\u00e9m\u00e1nt extruder<\/h4>\n<h3><strong>Kulcsfontoss\u00e1g\u00fa jellemz\u0151k:<\/strong><\/h3>\n<ul>\n<li><strong>Anyag:<\/strong> S\u00e1rgar\u00e9z<\/li>\n<li><strong>F\u00fav\u00f3ka m\u00e9rete:<\/strong> 0.4mm<\/li>\n<li><strong>Sz\u00e1l m\u00e9rete:<\/strong> 1.75mm<\/li>\n<li><strong>Gy\u00e9m\u00e1nt f\u00fav\u00f3ka kialak\u00edt\u00e1sa:<\/strong> Egyed\u00fcl\u00e1ll\u00f3 gy\u00e9m\u00e1ntf\u00fav\u00f3ka a hat\u00e9kony sz\u00ednkever\u00e9s\u00e9rt, fokozva a nyomtat\u00e1si pontoss\u00e1got.<\/li>\n<li><strong>Prec\u00edzi\u00f3s f\u00fav\u00f3kafurat:<\/strong> K\u00f6z\u00f6s 0,4 mm-es furat az egyenletesen r\u00e9szletes \u00e9s pontos nyomatok\u00e9rt.<\/li>\n<li><strong>Minimaliz\u00e1lt kever\u0151kamra:<\/strong> A legkisebb kever\u0151kamra cs\u00f6kkenti a sz\u00e1lhullad\u00e9kot \u00e9s gyors sz\u00ednv\u00e1lt\u00e1st tesz lehet\u0151v\u00e9.<\/li>\n<li><strong>Gyors sz\u00ednv\u00e1lt\u00e1s:<\/strong> A kompakt kialak\u00edt\u00e1s megk\u00f6nny\u00edti a gyors sz\u00edn\u00e1tmeneteket, optimaliz\u00e1lva a nyomtat\u00e1s hat\u00e9konys\u00e1g\u00e1t.<\/li>\n<li><strong>Kombin\u00e1lt r\u00f6gz\u00edt\u0151 konzol \u00e9s l\u00e9gcsatorna:<\/strong> Integr\u00e1lt tart\u00f3 \u00e9s l\u00e9gcsatorna racionaliz\u00e1lja a telep\u00edt\u00e9st az optim\u00e1lis h\u0171t\u00e9s \u00e9rdek\u00e9ben.<\/li>\n<li><strong>Hat\u00e9kony h\u0171t\u00e9s:<\/strong> 50 mm-es, nagy hat\u00e9konys\u00e1g\u00fa ventil\u00e1torral a k\u00f6vetkezetes \u00e9s megb\u00edzhat\u00f3 teljes\u00edtm\u00e9ny \u00e9rdek\u00e9ben.<\/li>\n<\/ul>\n<p><strong>El\u0151ny\u00f6k:<\/strong><\/p>\n<ul>\n<li><strong>Fokozott precizit\u00e1s:<\/strong> A t\u00f6bbf\u00fav\u00f3k\u00e1s nyomtat\u00e1shoz k\u00e9pest kiv\u00e1l\u00f3 pontoss\u00e1g el\u00e9r\u00e9se h\u00e1rom k\u00fcl\u00f6nb\u00f6z\u0151 sz\u00ednnel.<\/li>\n<li><strong>Minim\u00e1lis sz\u00e1lhullad\u00e9k:<\/strong> A minimaliz\u00e1lt kever\u0151kamra \u00e9s a hat\u00e9kony sz\u00ednv\u00e1lt\u00e1s jelent\u0151sen cs\u00f6kkenti a sz\u00e1lhullad\u00e9kot.<\/li>\n<\/ul>\n","protected":false},"excerpt":{"rendered":"<p>A <strong>gy\u00e9m\u00e1nt extruder<\/strong> a t\u00f6bbf\u00fav\u00f3k\u00e1s nyomtat\u00e1shoz k\u00e9pest jobb pontoss\u00e1ggal nyomtat 3 k\u00fcl\u00f6nb\u00f6z\u0151 sz\u00ednnel.<\/p>\n","protected":false},"featured_media":57829,"comment_status":"closed","ping_status":"closed","template":"","meta":{"_acf_changed":false},"product_brand":[],"product_cat":[1679,2223,2247,2222,2249,2224,2221],"product_tag":[],"brand":[],"class_list":{"0":"post-57826","1":"product","2":"type-product","3":"status-publish","4":"has-post-thumbnail","6":"product_cat-elado","7":"product_cat-extruder-hu","8":"product_cat-extruder-frissitesek","9":"product_cat-extruders-hu","10":"product_cat-hotends-hu","11":"product_cat-minden-potalkatresz","12":"product_cat-potalkatreszek","14":"first","15":"instock","16":"sale","17":"taxable","18":"shipping-taxable","19":"purchasable","20":"product-type-simple"},"acf":[],"_links":{"self":[{"href":"https:\/\/azurefilm.com\/hu\/wp-json\/wp\/v2\/product\/57826","targetHints":{"allow":["GET"]}}],"collection":[{"href":"https:\/\/azurefilm.com\/hu\/wp-json\/wp\/v2\/product"}],"about":[{"href":"https:\/\/azurefilm.com\/hu\/wp-json\/wp\/v2\/types\/product"}],"replies":[{"embeddable":true,"href":"https:\/\/azurefilm.com\/hu\/wp-json\/wp\/v2\/comments?post=57826"}],"wp:featuredmedia":[{"embeddable":true,"href":"https:\/\/azurefilm.com\/hu\/wp-json\/wp\/v2\/media\/57829"}],"wp:attachment":[{"href":"https:\/\/azurefilm.com\/hu\/wp-json\/wp\/v2\/media?parent=57826"}],"wp:term":[{"taxonomy":"product_brand","embeddable":true,"href":"https:\/\/azurefilm.com\/hu\/wp-json\/wp\/v2\/product_brand?post=57826"},{"taxonomy":"product_cat","embeddable":true,"href":"https:\/\/azurefilm.com\/hu\/wp-json\/wp\/v2\/product_cat?post=57826"},{"taxonomy":"product_tag","embeddable":true,"href":"https:\/\/azurefilm.com\/hu\/wp-json\/wp\/v2\/product_tag?post=57826"},{"taxonomy":"brand","embeddable":true,"href":"https:\/\/azurefilm.com\/hu\/wp-json\/wp\/v2\/brand?post=57826"}],"curies":[{"name":"wp","href":"https:\/\/api.w.org\/{rel}","templated":true}]}}