
{"id":57832,"date":"2023-10-29T14:24:55","date_gmt":"2023-10-29T14:24:55","guid":{"rendered":"https:\/\/azurefilm.com\/product\/creality-fuvoka\/"},"modified":"2026-01-21T21:00:33","modified_gmt":"2026-01-21T21:00:33","slug":"creality-fuvoka","status":"publish","type":"product","link":"https:\/\/azurefilm.com\/hu\/termek\/creality-fuvoka\/","title":{"rendered":"Creality f\u00fav\u00f3ka"},"content":{"rendered":"<h2><b>F\u0151bb jellemz\u0151k:<\/b><\/h2>\n<ul>\n<li>Kompatibilis a CR-10S PRO, CR-10 Max, CR-10S PRO V2 3D nyomtat\u00f3kkal.<\/li>\n<li>Kiv\u00e1l\u00f3 min\u0151s\u00e9g\u0171 3D nyomtat\u00f3 f\u00fav\u00f3k\u00e1k.<\/li>\n<li>Bemeneti \u00e1tm\u00e9r\u0151: 1.75mm<\/li>\n<li>Kimeneti \u00e1tm\u00e9r\u0151: 0,2 mm, 0,3 mm, 0,4 mm, 0,6 mm, 0,8 mm<\/li>\n<li>Anyag: S\u00e1rgar\u00e9z<\/li>\n<li>Az \u00e1r 1 darabra vonatkozik.<\/li>\n<\/ul>\n","protected":false},"excerpt":{"rendered":"<p><strong>Creality f\u00fav\u00f3ka<\/strong> k\u00fcl\u00f6nb\u00f6z\u0151 m\u00e9retekben, kompatibilis a Creality CR-10S PRO, CR-10 Max, CR-10S PRO V2 modellekkel.<\/p>\n","protected":false},"featured_media":57834,"comment_status":"closed","ping_status":"closed","template":"","meta":{"_acf_changed":false},"product_brand":[],"product_cat":[1679,2226,2224,2221,2227],"product_tag":[],"brand":[],"class_list":{"0":"post-57832","1":"product","2":"type-product","3":"status-publish","4":"has-post-thumbnail","6":"product_cat-elado","7":"product_cat-fuvoszarnyak","8":"product_cat-minden-potalkatresz","9":"product_cat-potalkatreszek","10":"product_cat-rendszeres-fuvokak","11":"pa_nozzle-diameter-0-2mm","12":"pa_nozzle-diameter-0-3mm","13":"pa_nozzle-diameter-0-4mm","14":"pa_nozzle-diameter-0-6mm","15":"pa_nozzle-diameter-0-8mm","17":"first","18":"instock","19":"sale","20":"taxable","21":"shipping-taxable","22":"purchasable","23":"product-type-variable"},"acf":[],"_links":{"self":[{"href":"https:\/\/azurefilm.com\/hu\/wp-json\/wp\/v2\/product\/57832","targetHints":{"allow":["GET"]}}],"collection":[{"href":"https:\/\/azurefilm.com\/hu\/wp-json\/wp\/v2\/product"}],"about":[{"href":"https:\/\/azurefilm.com\/hu\/wp-json\/wp\/v2\/types\/product"}],"replies":[{"embeddable":true,"href":"https:\/\/azurefilm.com\/hu\/wp-json\/wp\/v2\/comments?post=57832"}],"wp:featuredmedia":[{"embeddable":true,"href":"https:\/\/azurefilm.com\/hu\/wp-json\/wp\/v2\/media\/57834"}],"wp:attachment":[{"href":"https:\/\/azurefilm.com\/hu\/wp-json\/wp\/v2\/media?parent=57832"}],"wp:term":[{"taxonomy":"product_brand","embeddable":true,"href":"https:\/\/azurefilm.com\/hu\/wp-json\/wp\/v2\/product_brand?post=57832"},{"taxonomy":"product_cat","embeddable":true,"href":"https:\/\/azurefilm.com\/hu\/wp-json\/wp\/v2\/product_cat?post=57832"},{"taxonomy":"product_tag","embeddable":true,"href":"https:\/\/azurefilm.com\/hu\/wp-json\/wp\/v2\/product_tag?post=57832"},{"taxonomy":"brand","embeddable":true,"href":"https:\/\/azurefilm.com\/hu\/wp-json\/wp\/v2\/brand?post=57832"}],"curies":[{"name":"wp","href":"https:\/\/api.w.org\/{rel}","templated":true}]}}