
{"id":57842,"date":"2023-10-29T14:23:59","date_gmt":"2023-10-29T14:23:59","guid":{"rendered":"https:\/\/azurefilm.com\/product\/aluminium-hoblokk-e3d-v6\/"},"modified":"2023-10-29T14:23:59","modified_gmt":"2023-10-29T14:23:59","slug":"aluminium-hoblokk-e3d-v6","status":"publish","type":"product","link":"https:\/\/azurefilm.com\/hu\/termek\/aluminium-hoblokk-e3d-v6\/","title":{"rendered":"Alum\u00ednium h\u0151blokk E3D V6"},"content":{"rendered":"<h2><b>F\u0151bb jellemz\u0151k:<\/b><\/h2>\n<ul>\n<li>Ez az alum\u00ednium f\u0171t\u0151blokk kiv\u00e1l\u00f3an alkalmas az MK7, MK8 extruder 3D nyomtat\u00f3 forr\u00f3 v\u00e9g\u00e9hez<\/li>\n<li>F\u00fav\u00f3ka fogad\u00e1sa M6 menettel<\/li>\n<li>Bels\u0151 furat a be\u00e1ll\u00edt\u00f3csavarhoz: M3\/M6<\/li>\n<li>Teljes m\u00e9ret: 20x16x12mm<\/li>\n<li>Kiv\u00e1l\u00f3 min\u0151s\u00e9g\u0171 alum\u00ednium\u00f6tv\u00f6zetb\u0151l k\u00e9sz\u00fclt a tart\u00f3ss\u00e1g \u00e9rdek\u00e9ben<\/li>\n<\/ul>\n","protected":false},"excerpt":{"rendered":"<p><strong>Alum\u00ednium h\u0151blokk E3D V6<\/strong> nagyszer\u0171 MK7,MK8 extruder 3D nyomtat\u00f3 forr\u00f3 v\u00e9g\u00e9hez, 20x16x12mm-es m\u00e9retekkel rendelkezik.<\/p>\n","protected":false},"featured_media":57844,"comment_status":"closed","ping_status":"closed","template":"","meta":{"_acf_changed":false},"product_brand":[],"product_cat":[1679,2376,2224,2221],"product_tag":[],"brand":[],"class_list":{"0":"post-57842","1":"product","2":"type-product","3":"status-publish","4":"has-post-thumbnail","6":"product_cat-elado","7":"product_cat-hotelekek","8":"product_cat-minden-potalkatresz","9":"product_cat-potalkatreszek","11":"first","12":"instock","13":"sale","14":"taxable","15":"shipping-taxable","16":"purchasable","17":"product-type-simple"},"acf":[],"_links":{"self":[{"href":"https:\/\/azurefilm.com\/hu\/wp-json\/wp\/v2\/product\/57842","targetHints":{"allow":["GET"]}}],"collection":[{"href":"https:\/\/azurefilm.com\/hu\/wp-json\/wp\/v2\/product"}],"about":[{"href":"https:\/\/azurefilm.com\/hu\/wp-json\/wp\/v2\/types\/product"}],"replies":[{"embeddable":true,"href":"https:\/\/azurefilm.com\/hu\/wp-json\/wp\/v2\/comments?post=57842"}],"wp:featuredmedia":[{"embeddable":true,"href":"https:\/\/azurefilm.com\/hu\/wp-json\/wp\/v2\/media\/57844"}],"wp:attachment":[{"href":"https:\/\/azurefilm.com\/hu\/wp-json\/wp\/v2\/media?parent=57842"}],"wp:term":[{"taxonomy":"product_brand","embeddable":true,"href":"https:\/\/azurefilm.com\/hu\/wp-json\/wp\/v2\/product_brand?post=57842"},{"taxonomy":"product_cat","embeddable":true,"href":"https:\/\/azurefilm.com\/hu\/wp-json\/wp\/v2\/product_cat?post=57842"},{"taxonomy":"product_tag","embeddable":true,"href":"https:\/\/azurefilm.com\/hu\/wp-json\/wp\/v2\/product_tag?post=57842"},{"taxonomy":"brand","embeddable":true,"href":"https:\/\/azurefilm.com\/hu\/wp-json\/wp\/v2\/brand?post=57842"}],"curies":[{"name":"wp","href":"https:\/\/api.w.org\/{rel}","templated":true}]}}