
{"id":57843,"date":"2023-10-29T14:24:55","date_gmt":"2023-10-29T14:24:55","guid":{"rendered":"https:\/\/azurefilm.com\/product\/lezergravirozo-csatlakoztatasara-szolgalo-tabla\/"},"modified":"2023-10-29T14:24:55","modified_gmt":"2023-10-29T14:24:55","slug":"lezergravirozo-csatlakoztatasara-szolgalo-tabla","status":"publish","type":"product","link":"https:\/\/azurefilm.com\/hu\/termek\/lezergravirozo-csatlakoztatasara-szolgalo-tabla\/","title":{"rendered":"L\u00e9zergrav\u00edroz\u00f3 csatlakoztat\u00e1s\u00e1ra szolg\u00e1l\u00f3 t\u00e1bla"},"content":{"rendered":"<p>A Creality Ender3 \u00e9s Ender 3 PRO <strong>l\u00e9zergrav\u00edroz\u00f3hoz csatlakoztathat\u00f3 k\u00e1rtya <\/strong>.<\/p>\n<p><img decoding=\"async\" src=\"https:\/\/azurefilm.com\/wp-content\/uploads\/2019\/08\/ploscica-laser-engraver-creality-ender-3.jpg\" alt=\" \n\/&gt;&lt;\/div&gt;\" title=\"\"><\/p>\n","protected":false},"excerpt":{"rendered":"<p>A Creality Ender3 \u00e9s Ender 3 PRO <strong>l\u00e9zergrav\u00edroz\u00f3hoz csatlakoztathat\u00f3 k\u00e1rtya <\/strong>.<\/p>\n","protected":false},"featured_media":57849,"comment_status":"closed","ping_status":"closed","template":"","meta":{"_acf_changed":false},"product_brand":[],"product_cat":[1679,2275,2224,2221],"product_tag":[],"brand":[],"class_list":{"0":"post-57843","1":"product","2":"type-product","3":"status-publish","4":"has-post-thumbnail","6":"product_cat-elado","7":"product_cat-mainboards-hu","8":"product_cat-minden-potalkatresz","9":"product_cat-potalkatreszek","11":"first","12":"outofstock","13":"sale","14":"taxable","15":"shipping-taxable","16":"purchasable","17":"product-type-simple"},"acf":[],"_links":{"self":[{"href":"https:\/\/azurefilm.com\/hu\/wp-json\/wp\/v2\/product\/57843","targetHints":{"allow":["GET"]}}],"collection":[{"href":"https:\/\/azurefilm.com\/hu\/wp-json\/wp\/v2\/product"}],"about":[{"href":"https:\/\/azurefilm.com\/hu\/wp-json\/wp\/v2\/types\/product"}],"replies":[{"embeddable":true,"href":"https:\/\/azurefilm.com\/hu\/wp-json\/wp\/v2\/comments?post=57843"}],"wp:featuredmedia":[{"embeddable":true,"href":"https:\/\/azurefilm.com\/hu\/wp-json\/wp\/v2\/media\/57849"}],"wp:attachment":[{"href":"https:\/\/azurefilm.com\/hu\/wp-json\/wp\/v2\/media?parent=57843"}],"wp:term":[{"taxonomy":"product_brand","embeddable":true,"href":"https:\/\/azurefilm.com\/hu\/wp-json\/wp\/v2\/product_brand?post=57843"},{"taxonomy":"product_cat","embeddable":true,"href":"https:\/\/azurefilm.com\/hu\/wp-json\/wp\/v2\/product_cat?post=57843"},{"taxonomy":"product_tag","embeddable":true,"href":"https:\/\/azurefilm.com\/hu\/wp-json\/wp\/v2\/product_tag?post=57843"},{"taxonomy":"brand","embeddable":true,"href":"https:\/\/azurefilm.com\/hu\/wp-json\/wp\/v2\/brand?post=57843"}],"curies":[{"name":"wp","href":"https:\/\/api.w.org\/{rel}","templated":true}]}}