
{"id":57868,"date":"2023-10-29T14:24:55","date_gmt":"2023-10-29T14:24:55","guid":{"rendered":"https:\/\/azurefilm.com\/product\/aluminium-huto\/"},"modified":"2023-10-29T14:24:55","modified_gmt":"2023-10-29T14:24:55","slug":"aluminium-huto","status":"publish","type":"product","link":"https:\/\/azurefilm.com\/hu\/termek\/aluminium-huto\/","title":{"rendered":"Alum\u00ednium h\u0171t\u0151"},"content":{"rendered":"<h2><strong>F\u0151bb jellemz\u0151k:<\/strong><\/h2>\n<ul>\n<li>Ez az alum\u00ednium h\u0171t\u0151 az MK7\/MK8 3D nyomtat\u00f3hoz haszn\u00e1lhat\u00f3.<\/li>\n<li>Ezek az alum\u00ednium h\u0171t\u0151bord\u00e1k tov\u00e1bbi h\u0171t\u00e9st biztos\u00edtanak az elektronik\u00e1nak.<\/li>\n<li>Ezek a h\u0171t\u0151bord\u00e1k m\u00e1s eszk\u00f6z\u00f6kkel egy\u00fctt haszn\u00e1lhat\u00f3k processzorok, szab\u00e1lyoz\u00f3k stb. h\u0171t\u00e9s\u00e9re.<\/li>\n<li>Kiv\u00e1l\u00f3 min\u0151s\u00e9g\u0171 alum\u00ednium\u00f6tv\u00f6zet anyag, hossz\u00fa ideig haszn\u00e1lhat\u00f3.<\/li>\n<li>Sz\u00edn: arany<\/li>\n<li>Anyag: Alum\u00ednium \u00f6tv\u00f6zet<\/li>\n<\/ul>\n<p>&nbsp;<\/p>\n<p>&nbsp;<\/p>\n","protected":false},"excerpt":{"rendered":"<p>Kiv\u00e1l\u00f3 min\u0151s\u00e9g\u0171 <strong>alum\u00edniumb\u00f3l<\/strong> k\u00e9sz\u00fclt <strong>alum\u00ednium h\u0171t\u0151<\/strong> az MK7\/MK8 3D nyomtat\u00f3hoz.<\/p>\n","protected":false},"featured_media":57869,"comment_status":"closed","ping_status":"closed","template":"","meta":{"_acf_changed":false},"product_brand":[],"product_cat":[1679,2229,2224,2221],"product_tag":[],"brand":[],"class_list":{"0":"post-57868","1":"product","2":"type-product","3":"status-publish","4":"has-post-thumbnail","6":"product_cat-elado","7":"product_cat-fans-hu","8":"product_cat-minden-potalkatresz","9":"product_cat-potalkatreszek","11":"first","12":"instock","13":"sale","14":"taxable","15":"shipping-taxable","16":"purchasable","17":"product-type-simple"},"acf":[],"_links":{"self":[{"href":"https:\/\/azurefilm.com\/hu\/wp-json\/wp\/v2\/product\/57868","targetHints":{"allow":["GET"]}}],"collection":[{"href":"https:\/\/azurefilm.com\/hu\/wp-json\/wp\/v2\/product"}],"about":[{"href":"https:\/\/azurefilm.com\/hu\/wp-json\/wp\/v2\/types\/product"}],"replies":[{"embeddable":true,"href":"https:\/\/azurefilm.com\/hu\/wp-json\/wp\/v2\/comments?post=57868"}],"wp:featuredmedia":[{"embeddable":true,"href":"https:\/\/azurefilm.com\/hu\/wp-json\/wp\/v2\/media\/57869"}],"wp:attachment":[{"href":"https:\/\/azurefilm.com\/hu\/wp-json\/wp\/v2\/media?parent=57868"}],"wp:term":[{"taxonomy":"product_brand","embeddable":true,"href":"https:\/\/azurefilm.com\/hu\/wp-json\/wp\/v2\/product_brand?post=57868"},{"taxonomy":"product_cat","embeddable":true,"href":"https:\/\/azurefilm.com\/hu\/wp-json\/wp\/v2\/product_cat?post=57868"},{"taxonomy":"product_tag","embeddable":true,"href":"https:\/\/azurefilm.com\/hu\/wp-json\/wp\/v2\/product_tag?post=57868"},{"taxonomy":"brand","embeddable":true,"href":"https:\/\/azurefilm.com\/hu\/wp-json\/wp\/v2\/brand?post=57868"}],"curies":[{"name":"wp","href":"https:\/\/api.w.org\/{rel}","templated":true}]}}