
{"id":57880,"date":"2023-10-29T14:29:24","date_gmt":"2023-10-29T14:29:24","guid":{"rendered":"https:\/\/azurefilm.com\/product\/feszitett-rugo\/"},"modified":"2023-10-29T14:29:24","modified_gmt":"2023-10-29T14:29:24","slug":"feszitett-rugo","status":"publish","type":"product","link":"https:\/\/azurefilm.com\/hu\/termek\/feszitett-rugo\/","title":{"rendered":"Fesz\u00edtett rug\u00f3"},"content":{"rendered":"<h2><strong>F\u0151bb jellemz\u0151k:<\/strong><\/h2>\n<ul>\n<li>Sz\u00e9les k\u00f6rben haszn\u00e1lj\u00e1k m\u0171hely- \u00e9s otthoni jav\u00edt\u00e1sokhoz, szersz\u00e1mokhoz \u00e9s berendez\u00e9sekhez, k\u00e9ziszersz\u00e1mokhoz, aut\u00f3iparhoz, cserealkatr\u00e9szekhez.<\/li>\n<li>Ac\u00e9lhuzalb\u00f3l k\u00e9sz\u00fclt a megfelel\u0151 mennyis\u00e9g\u0171 fesz\u00fclts\u00e9ghez sz\u00fcks\u00e9ges robusztus \u00e9s ruganyos rug\u00f3ss\u00e1g \u00e9rdek\u00e9ben.<\/li>\n<li>Fekete oxid bevonat a k\u00e1ros rozsda \u00e9s korr\u00f3zi\u00f3 elleni extra v\u00e9delem \u00e9rdek\u00e9ben<\/li>\n<li>Teljes csavart hurokv\u00e9gek a biztons\u00e1gos r\u00f6gz\u00edt\u00e9shez<\/li>\n<li>1 darab<\/li>\n<li>M\u00e9ret: 36mm x 6mm<\/li>\n<\/ul>\n","protected":false},"excerpt":{"rendered":"<p><strong>A fesz\u00edt\u0151rug\u00f3t<\/strong> sz\u00e9les k\u00f6rben haszn\u00e1lj\u00e1k m\u0171hely- \u00e9s otthoni jav\u00edt\u00e1sokhoz, szersz\u00e1mokhoz \u00e9s berendez\u00e9sekhez, k\u00e9ziszersz\u00e1mokhoz, aut\u00f3ipari \u00e9s cserealkatr\u00e9szekhez.<\/p>\n","protected":false},"featured_media":57882,"comment_status":"closed","ping_status":"closed","template":"","meta":{"_acf_changed":false},"product_brand":[],"product_cat":[1679,2224,2221,2237],"product_tag":[],"brand":[],"class_list":{"0":"post-57880","1":"product","2":"type-product","3":"status-publish","4":"has-post-thumbnail","6":"product_cat-elado","7":"product_cat-minden-potalkatresz","8":"product_cat-potalkatreszek","9":"product_cat-szerszerek","11":"first","12":"instock","13":"sale","14":"taxable","15":"shipping-taxable","16":"purchasable","17":"product-type-simple"},"acf":[],"_links":{"self":[{"href":"https:\/\/azurefilm.com\/hu\/wp-json\/wp\/v2\/product\/57880","targetHints":{"allow":["GET"]}}],"collection":[{"href":"https:\/\/azurefilm.com\/hu\/wp-json\/wp\/v2\/product"}],"about":[{"href":"https:\/\/azurefilm.com\/hu\/wp-json\/wp\/v2\/types\/product"}],"replies":[{"embeddable":true,"href":"https:\/\/azurefilm.com\/hu\/wp-json\/wp\/v2\/comments?post=57880"}],"wp:featuredmedia":[{"embeddable":true,"href":"https:\/\/azurefilm.com\/hu\/wp-json\/wp\/v2\/media\/57882"}],"wp:attachment":[{"href":"https:\/\/azurefilm.com\/hu\/wp-json\/wp\/v2\/media?parent=57880"}],"wp:term":[{"taxonomy":"product_brand","embeddable":true,"href":"https:\/\/azurefilm.com\/hu\/wp-json\/wp\/v2\/product_brand?post=57880"},{"taxonomy":"product_cat","embeddable":true,"href":"https:\/\/azurefilm.com\/hu\/wp-json\/wp\/v2\/product_cat?post=57880"},{"taxonomy":"product_tag","embeddable":true,"href":"https:\/\/azurefilm.com\/hu\/wp-json\/wp\/v2\/product_tag?post=57880"},{"taxonomy":"brand","embeddable":true,"href":"https:\/\/azurefilm.com\/hu\/wp-json\/wp\/v2\/brand?post=57880"}],"curies":[{"name":"wp","href":"https:\/\/api.w.org\/{rel}","templated":true}]}}