
{"id":57891,"date":"2023-10-29T14:29:24","date_gmt":"2023-10-29T14:29:24","guid":{"rendered":"https:\/\/azurefilm.com\/product\/mk8-fuvoka-10-csomag\/"},"modified":"2023-10-29T14:29:24","modified_gmt":"2023-10-29T14:29:24","slug":"mk8-fuvoka-10-csomag","status":"publish","type":"product","link":"https:\/\/azurefilm.com\/hu\/termek\/mk8-fuvoka-10-csomag\/","title":{"rendered":"MK8 f\u00fav\u00f3ka (10 csomag)"},"content":{"rendered":"<h4>MK8 f\u00fav\u00f3ka (10 csomag)<\/h4>\n<h3><strong>F\u0151bb jellemz\u0151k:<\/strong><\/h3>\n<ul>\n<li><strong>MK8 s\u00e1rgar\u00e9z f\u00fav\u00f3ka 3D nyomtat\u00f3hoz<\/strong><\/li>\n<li><strong>Kompatibilit\u00e1s:<\/strong>Creality CR-10 V2, Creality CR-10S, Creality Ender 2, Creality Ender 3, Creality Ender 3 Pro, Creality Ender 3 V2, Creality Ender 3 S1, Creality Ender 5, Creality Ender 5 Pro, Creality CR10 mini, Creality CR10, Creality CR10, Creality CR10 S, Creality CR10 S 4, Creality CR10 S 5, Creality CR10 MAX, Creality CR10S Pro.<\/li>\n<li><strong>Kiv\u00e1l\u00f3 min\u0151s\u00e9g\u0171 f\u00fav\u00f3k\u00e1k:<\/strong> Biztos\u00edtja az optim\u00e1lis teljes\u00edtm\u00e9nyt \u00e9s a pontos nyomatokat.<\/li>\n<li><strong>Bemeneti \u00e1tm\u00e9r\u0151:<\/strong> Ez a 3D nyomtat\u00e1si k\u00f6z\u00f6ss\u00e9gben elterjedt m\u00e9ret.<\/li>\n<li><strong>Kimeneti \u00e1tm\u00e9r\u0151 opci\u00f3k:<\/strong> 0,2 mm, 0,3 mm, 0,4 mm, 0,5 mm, 0,6 mm \u00e9s 0,8 mm.<\/li>\n<li><strong>Anyag:<\/strong> Kiv\u00e1l\u00f3 min\u0151s\u00e9g\u0171 s\u00e1rgar\u00e9zb\u0151l k\u00e9sz\u00fclt a tart\u00f3ss\u00e1g \u00e9s az egyenletes eredm\u00e9nyek \u00e9rdek\u00e9ben.<\/li>\n<\/ul>\n","protected":false},"excerpt":{"rendered":"<p><strong>MK8 f\u00fav\u00f3ka (10 csomag) <\/strong> 3D nyomtat\u00f3khoz Creality.<\/p>\n","protected":false},"featured_media":57892,"comment_status":"closed","ping_status":"closed","template":"","meta":{"_acf_changed":false},"product_brand":[],"product_cat":[1679,2226,2224,2221,2227],"product_tag":[],"brand":[270],"class_list":{"0":"post-57891","1":"product","2":"type-product","3":"status-publish","4":"has-post-thumbnail","6":"product_cat-elado","7":"product_cat-fuvoszarnyak","8":"product_cat-minden-potalkatresz","9":"product_cat-potalkatreszek","10":"product_cat-rendszeres-fuvokak","11":"pa_nozzle-diameter-0-2mm","12":"pa_nozzle-diameter-0-3mm","13":"pa_nozzle-diameter-0-4mm","14":"pa_nozzle-diameter-0-5mm","15":"pa_nozzle-diameter-0-6mm","16":"pa_nozzle-diameter-0-8mm","17":"brand-creality","19":"first","20":"instock","21":"sale","22":"taxable","23":"shipping-taxable","24":"purchasable","25":"product-type-variable"},"acf":[],"_links":{"self":[{"href":"https:\/\/azurefilm.com\/hu\/wp-json\/wp\/v2\/product\/57891","targetHints":{"allow":["GET"]}}],"collection":[{"href":"https:\/\/azurefilm.com\/hu\/wp-json\/wp\/v2\/product"}],"about":[{"href":"https:\/\/azurefilm.com\/hu\/wp-json\/wp\/v2\/types\/product"}],"replies":[{"embeddable":true,"href":"https:\/\/azurefilm.com\/hu\/wp-json\/wp\/v2\/comments?post=57891"}],"wp:featuredmedia":[{"embeddable":true,"href":"https:\/\/azurefilm.com\/hu\/wp-json\/wp\/v2\/media\/57892"}],"wp:attachment":[{"href":"https:\/\/azurefilm.com\/hu\/wp-json\/wp\/v2\/media?parent=57891"}],"wp:term":[{"taxonomy":"product_brand","embeddable":true,"href":"https:\/\/azurefilm.com\/hu\/wp-json\/wp\/v2\/product_brand?post=57891"},{"taxonomy":"product_cat","embeddable":true,"href":"https:\/\/azurefilm.com\/hu\/wp-json\/wp\/v2\/product_cat?post=57891"},{"taxonomy":"product_tag","embeddable":true,"href":"https:\/\/azurefilm.com\/hu\/wp-json\/wp\/v2\/product_tag?post=57891"},{"taxonomy":"brand","embeddable":true,"href":"https:\/\/azurefilm.com\/hu\/wp-json\/wp\/v2\/brand?post=57891"}],"curies":[{"name":"wp","href":"https:\/\/api.w.org\/{rel}","templated":true}]}}