
{"id":57910,"date":"2023-10-29T14:22:30","date_gmt":"2023-10-29T14:22:30","guid":{"rendered":"https:\/\/azurefilm.com\/product\/szal-extruder\/"},"modified":"2023-10-29T14:22:30","modified_gmt":"2023-10-29T14:22:30","slug":"szal-extruder","status":"publish","type":"product","link":"https:\/\/azurefilm.com\/hu\/termek\/szal-extruder\/","title":{"rendered":"Sz\u00e1l extruder"},"content":{"rendered":"<h2><strong>F\u0151bb jellemz\u0151k:<\/strong><\/h2>\n<ul>\n<li>sz\u00edn: ez\u00fcst<\/li>\n<li>f\u00fav\u00f3ka: 0.4mm<\/li>\n<li>t\u00e1mogat\u00e1s: sz\u00e1l: 1,75 mm\/3 mm-es sz\u00e1l<\/li>\n<li>minden &#8211; f\u00e9m extruder<\/li>\n<li>k\u00f6zvetlen meghajt\u00f3 extruder<\/li>\n<li>42 l\u00e9ptet\u0151motorhoz alkalmas<\/li>\n<li>r\u00f6vid vagy t\u00e1voli extruderrel is m\u0171k\u00f6dtethet\u0151<\/li>\n<\/ul>\n","protected":false},"excerpt":{"rendered":"<p><strong>Filament Extruder<\/strong>, teljesen f\u00e9mb\u0151l \u00e9s k\u00f6zvetlen meghajt\u00e1ssal, ez\u00fcst sz\u00ednben.<\/p>\n","protected":false},"featured_media":57911,"comment_status":"closed","ping_status":"closed","template":"","meta":{"_acf_changed":false},"product_brand":[],"product_cat":[1679,2223,2247,2222,2224,2221],"product_tag":[],"brand":[],"class_list":{"0":"post-57910","1":"product","2":"type-product","3":"status-publish","4":"has-post-thumbnail","6":"product_cat-elado","7":"product_cat-extruder-hu","8":"product_cat-extruder-frissitesek","9":"product_cat-extruders-hu","10":"product_cat-minden-potalkatresz","11":"product_cat-potalkatreszek","13":"first","14":"instock","15":"sale","16":"taxable","17":"shipping-taxable","18":"purchasable","19":"product-type-simple"},"acf":[],"_links":{"self":[{"href":"https:\/\/azurefilm.com\/hu\/wp-json\/wp\/v2\/product\/57910","targetHints":{"allow":["GET"]}}],"collection":[{"href":"https:\/\/azurefilm.com\/hu\/wp-json\/wp\/v2\/product"}],"about":[{"href":"https:\/\/azurefilm.com\/hu\/wp-json\/wp\/v2\/types\/product"}],"replies":[{"embeddable":true,"href":"https:\/\/azurefilm.com\/hu\/wp-json\/wp\/v2\/comments?post=57910"}],"wp:featuredmedia":[{"embeddable":true,"href":"https:\/\/azurefilm.com\/hu\/wp-json\/wp\/v2\/media\/57911"}],"wp:attachment":[{"href":"https:\/\/azurefilm.com\/hu\/wp-json\/wp\/v2\/media?parent=57910"}],"wp:term":[{"taxonomy":"product_brand","embeddable":true,"href":"https:\/\/azurefilm.com\/hu\/wp-json\/wp\/v2\/product_brand?post=57910"},{"taxonomy":"product_cat","embeddable":true,"href":"https:\/\/azurefilm.com\/hu\/wp-json\/wp\/v2\/product_cat?post=57910"},{"taxonomy":"product_tag","embeddable":true,"href":"https:\/\/azurefilm.com\/hu\/wp-json\/wp\/v2\/product_tag?post=57910"},{"taxonomy":"brand","embeddable":true,"href":"https:\/\/azurefilm.com\/hu\/wp-json\/wp\/v2\/brand?post=57910"}],"curies":[{"name":"wp","href":"https:\/\/api.w.org\/{rel}","templated":true}]}}