
{"id":57913,"date":"2023-10-29T14:22:58","date_gmt":"2023-10-29T14:22:58","guid":{"rendered":"https:\/\/azurefilm.com\/product\/tapkabel\/"},"modified":"2023-10-29T14:22:58","modified_gmt":"2023-10-29T14:22:58","slug":"tapkabel","status":"publish","type":"product","link":"https:\/\/azurefilm.com\/hu\/termek\/tapkabel\/","title":{"rendered":"T\u00e1pk\u00e1bel"},"content":{"rendered":"<h2><strong>F\u0151bb jellemz\u0151k:<\/strong><\/h2>\n<p>T\u00e1pk\u00e1bel<\/p>\n<ul>\n<li>230V-os aljzattal<\/li>\n<li>\u00c1ltal\u00e1ban asztali sz\u00e1m\u00edt\u00f3g\u00e9pekhez, monitorokhoz, nyomtat\u00f3khoz vagy b\u00e1rmilyen C13 k\u00e1beles eszk\u00f6zh\u00f6z haszn\u00e1lt t\u00e1pk\u00e1bel.<\/li>\n<li>Ez a k\u00e1bel a VDE \u00e1ltal j\u00f3v\u00e1hagyott<\/li>\n<li>A k\u00f6nny\u0171 csatlakoztat\u00e1s \u00e9rdek\u00e9ben a k\u00e1bel sz\u00f6gletes.<\/li>\n<li>Sz\u00edn fekete<\/li>\n<li>Hossz: 1.2m<\/li>\n<\/ul>\n","protected":false},"excerpt":{"rendered":"<p>\u00c1ltal\u00e1ban asztali sz\u00e1m\u00edt\u00f3g\u00e9pekhez, monitorokhoz, nyomtat\u00f3khoz vagy b\u00e1rmilyen C13-as vezet\u00e9kkel rendelkez\u0151 eszk\u00f6zh\u00f6z haszn\u00e1lt <strong>t\u00e1pk\u00e1bel<\/strong>.<\/p>\n","protected":false},"featured_media":57914,"comment_status":"closed","ping_status":"closed","template":"","meta":{"_acf_changed":false},"product_brand":[],"product_cat":[2238,1679,2224,2221],"product_tag":[],"brand":[],"class_list":{"0":"post-57913","1":"product","2":"type-product","3":"status-publish","4":"has-post-thumbnail","6":"product_cat-egyeb-tetelek","7":"product_cat-elado","8":"product_cat-minden-potalkatresz","9":"product_cat-potalkatreszek","11":"first","12":"instock","13":"sale","14":"taxable","15":"shipping-taxable","16":"purchasable","17":"product-type-simple"},"acf":[],"_links":{"self":[{"href":"https:\/\/azurefilm.com\/hu\/wp-json\/wp\/v2\/product\/57913","targetHints":{"allow":["GET"]}}],"collection":[{"href":"https:\/\/azurefilm.com\/hu\/wp-json\/wp\/v2\/product"}],"about":[{"href":"https:\/\/azurefilm.com\/hu\/wp-json\/wp\/v2\/types\/product"}],"replies":[{"embeddable":true,"href":"https:\/\/azurefilm.com\/hu\/wp-json\/wp\/v2\/comments?post=57913"}],"wp:featuredmedia":[{"embeddable":true,"href":"https:\/\/azurefilm.com\/hu\/wp-json\/wp\/v2\/media\/57914"}],"wp:attachment":[{"href":"https:\/\/azurefilm.com\/hu\/wp-json\/wp\/v2\/media?parent=57913"}],"wp:term":[{"taxonomy":"product_brand","embeddable":true,"href":"https:\/\/azurefilm.com\/hu\/wp-json\/wp\/v2\/product_brand?post=57913"},{"taxonomy":"product_cat","embeddable":true,"href":"https:\/\/azurefilm.com\/hu\/wp-json\/wp\/v2\/product_cat?post=57913"},{"taxonomy":"product_tag","embeddable":true,"href":"https:\/\/azurefilm.com\/hu\/wp-json\/wp\/v2\/product_tag?post=57913"},{"taxonomy":"brand","embeddable":true,"href":"https:\/\/azurefilm.com\/hu\/wp-json\/wp\/v2\/brand?post=57913"}],"curies":[{"name":"wp","href":"https:\/\/api.w.org\/{rel}","templated":true}]}}