
{"id":57932,"date":"2023-10-29T14:22:58","date_gmt":"2023-10-29T14:22:58","guid":{"rendered":"https:\/\/azurefilm.com\/product\/linearis-sin-kocsival-mgn12\/"},"modified":"2023-10-29T14:22:58","modified_gmt":"2023-10-29T14:22:58","slug":"linearis-sin-kocsival-mgn12","status":"publish","type":"product","link":"https:\/\/azurefilm.com\/hu\/termek\/linearis-sin-kocsival-mgn12\/","title":{"rendered":"Line\u00e1ris s\u00edn kocsival MGN12"},"content":{"rendered":"<h2><strong>F\u0151bb jellemz\u0151k:<\/strong><\/h2>\n<ul>\n<li>Csap\u00e1gyazott ac\u00e9lb\u00f3l k\u00e9sz\u00fclt<\/li>\n<li>Mozogjon sim\u00e1n, elhajl\u00e1s n\u00e9lk\u00fcl<\/li>\n<li>Nagy pontoss\u00e1g<\/li>\n<li>Minim\u00e1lis kop\u00e1s<\/li>\n<li>Alacsony zajszint<\/li>\n<li>A rendszer gy\u00f6ny\u00f6r\u0171en m\u0171k\u00f6dik mind a cs\u00faszkamozg\u00e1shoz, mind a p\u00e1szt\u00e1z\u00e1shoz.<\/li>\n<li>400\/1000mm<\/li>\n<\/ul>\n","protected":false},"excerpt":{"rendered":"<p><strong>Az MGN12<\/strong> csap\u00e1gyazott ac\u00e9lb\u00f3l k\u00e9sz\u00fclt <strong>line\u00e1ris s\u00edn kocsival<\/strong>, sim\u00e1n, elhajl\u00e1s n\u00e9lk\u00fcl mozog.<\/p>\n","protected":false},"featured_media":57934,"comment_status":"closed","ping_status":"closed","template":"","meta":{"_acf_changed":false},"product_brand":[],"product_cat":[2257,1679,2224,2221],"product_tag":[],"brand":[],"class_list":{"0":"post-57932","1":"product","2":"type-product","3":"status-publish","4":"has-post-thumbnail","6":"product_cat-csapagyak-es-vezetok","7":"product_cat-elado","8":"product_cat-minden-potalkatresz","9":"product_cat-potalkatreszek","11":"first","12":"instock","13":"sale","14":"taxable","15":"shipping-taxable","16":"purchasable","17":"product-type-variable"},"acf":[],"_links":{"self":[{"href":"https:\/\/azurefilm.com\/hu\/wp-json\/wp\/v2\/product\/57932","targetHints":{"allow":["GET"]}}],"collection":[{"href":"https:\/\/azurefilm.com\/hu\/wp-json\/wp\/v2\/product"}],"about":[{"href":"https:\/\/azurefilm.com\/hu\/wp-json\/wp\/v2\/types\/product"}],"replies":[{"embeddable":true,"href":"https:\/\/azurefilm.com\/hu\/wp-json\/wp\/v2\/comments?post=57932"}],"wp:featuredmedia":[{"embeddable":true,"href":"https:\/\/azurefilm.com\/hu\/wp-json\/wp\/v2\/media\/57934"}],"wp:attachment":[{"href":"https:\/\/azurefilm.com\/hu\/wp-json\/wp\/v2\/media?parent=57932"}],"wp:term":[{"taxonomy":"product_brand","embeddable":true,"href":"https:\/\/azurefilm.com\/hu\/wp-json\/wp\/v2\/product_brand?post=57932"},{"taxonomy":"product_cat","embeddable":true,"href":"https:\/\/azurefilm.com\/hu\/wp-json\/wp\/v2\/product_cat?post=57932"},{"taxonomy":"product_tag","embeddable":true,"href":"https:\/\/azurefilm.com\/hu\/wp-json\/wp\/v2\/product_tag?post=57932"},{"taxonomy":"brand","embeddable":true,"href":"https:\/\/azurefilm.com\/hu\/wp-json\/wp\/v2\/brand?post=57932"}],"curies":[{"name":"wp","href":"https:\/\/api.w.org\/{rel}","templated":true}]}}