
{"id":57933,"date":"2023-10-29T14:22:58","date_gmt":"2023-10-29T14:22:58","guid":{"rendered":"https:\/\/azurefilm.com\/product\/mk7-fuvoka\/"},"modified":"2025-06-27T19:02:56","modified_gmt":"2025-06-27T19:02:56","slug":"mk7-fuvoka","status":"publish","type":"product","link":"https:\/\/azurefilm.com\/hu\/termek\/mk7-fuvoka\/","title":{"rendered":"MK7 f\u00fav\u00f3ka"},"content":{"rendered":"<h2><strong>F\u0151bb jellemz\u0151k:<\/strong><\/h2>\n<ul>\n<li><strong>Kompatibilis:<\/strong> Creality Ender 3, Creality Ender 3 Pro, Creality Ender 3 V2, Creality Ender 5, Creality CR-10, Creality CR-10S, Creality CR-20, Creality CR-20 Pro.<\/li>\n<li><strong>Bemeneti \u00e1tm\u00e9r\u0151:<\/strong> 1.75mm<\/li>\n<li><strong>Kimeneti \u00e1tm\u00e9r\u0151:<\/strong> 0,2 mm, 0,3 mm, 0,4 mm, 0,5 mm, 0,6 mm, 0,8 mm<\/li>\n<li><strong>Anyag<\/strong>: S\u00e1rgar\u00e9z<\/li>\n<li>Az \u00e1r 1 darabra vonatkozik<\/li>\n<\/ul>\n","protected":false},"excerpt":{"rendered":"<p><strong>Az MK7 f\u00fav\u00f3ka<\/strong> hat\u00e9konyan megakad\u00e1lyozza a nyomtat\u00f3fej sziv\u00e1rg\u00e1s\u00e1t, \u00e9s egyenletes, sima \u00e9s f\u00e9nyes f\u00e9ny\u0171 nyomatokat k\u00e9sz\u00edt.<\/p>\n","protected":false},"featured_media":57936,"comment_status":"closed","ping_status":"closed","template":"","meta":{"_acf_changed":false},"product_brand":[],"product_cat":[1679,2226,2224,2221,2227],"product_tag":[],"brand":[270],"class_list":{"0":"post-57933","1":"product","2":"type-product","3":"status-publish","4":"has-post-thumbnail","6":"product_cat-elado","7":"product_cat-fuvoszarnyak","8":"product_cat-minden-potalkatresz","9":"product_cat-potalkatreszek","10":"product_cat-rendszeres-fuvokak","11":"pa_fits-printer-creality-cr-10","12":"pa_fits-printer-creality-cr-6-se","13":"pa_fits-printer-creality-ender-3","14":"pa_nozzle-diameter-0-2mm","15":"pa_nozzle-diameter-0-3mm","16":"pa_nozzle-diameter-0-4mm","17":"pa_nozzle-diameter-0-5mm","18":"pa_nozzle-diameter-0-6mm","19":"pa_nozzle-diameter-0-8mm","20":"brand-creality","22":"first","23":"instock","24":"sale","25":"taxable","26":"shipping-taxable","27":"purchasable","28":"product-type-variable"},"acf":[],"_links":{"self":[{"href":"https:\/\/azurefilm.com\/hu\/wp-json\/wp\/v2\/product\/57933","targetHints":{"allow":["GET"]}}],"collection":[{"href":"https:\/\/azurefilm.com\/hu\/wp-json\/wp\/v2\/product"}],"about":[{"href":"https:\/\/azurefilm.com\/hu\/wp-json\/wp\/v2\/types\/product"}],"replies":[{"embeddable":true,"href":"https:\/\/azurefilm.com\/hu\/wp-json\/wp\/v2\/comments?post=57933"}],"wp:featuredmedia":[{"embeddable":true,"href":"https:\/\/azurefilm.com\/hu\/wp-json\/wp\/v2\/media\/57936"}],"wp:attachment":[{"href":"https:\/\/azurefilm.com\/hu\/wp-json\/wp\/v2\/media?parent=57933"}],"wp:term":[{"taxonomy":"product_brand","embeddable":true,"href":"https:\/\/azurefilm.com\/hu\/wp-json\/wp\/v2\/product_brand?post=57933"},{"taxonomy":"product_cat","embeddable":true,"href":"https:\/\/azurefilm.com\/hu\/wp-json\/wp\/v2\/product_cat?post=57933"},{"taxonomy":"product_tag","embeddable":true,"href":"https:\/\/azurefilm.com\/hu\/wp-json\/wp\/v2\/product_tag?post=57933"},{"taxonomy":"brand","embeddable":true,"href":"https:\/\/azurefilm.com\/hu\/wp-json\/wp\/v2\/brand?post=57933"}],"curies":[{"name":"wp","href":"https:\/\/api.w.org\/{rel}","templated":true}]}}