
{"id":57944,"date":"2023-10-29T14:22:58","date_gmt":"2023-10-29T14:22:58","guid":{"rendered":"https:\/\/azurefilm.com\/product\/profil-20x20-fekete\/"},"modified":"2025-11-28T13:27:52","modified_gmt":"2025-11-28T13:27:52","slug":"profil-20x20-fekete","status":"publish","type":"product","link":"https:\/\/azurefilm.com\/hu\/termek\/profil-20x20-fekete\/","title":{"rendered":"Profil 20&#215;20 fekete"},"content":{"rendered":"<p><strong>Profil 20&#215;20 fekete<\/strong><\/p>\n<ul>\n<li>3D nyomtat\u00f3khoz<\/li>\n<li>Kompatibilis az \u00f6sszes tartoz\u00e9kkal, mint p\u00e9ld\u00e1ul az M3, M4, M5 T any\u00e1kkal \u00e9s a csigaker\u00e9kkel.<\/li>\n<li>Tart\u00f3s<\/li>\n<li>Nagy szil\u00e1rds\u00e1g\u00fa alum\u00ednium<\/li>\n<li>Hossza 500mm vagy 1000mm<\/li>\n<\/ul>\n","protected":false},"excerpt":{"rendered":"<p>Profilok kompatibilisek minden tartoz\u00e9kkal, p\u00e9ld\u00e1ul M3, M4, M5 T any\u00e1kkal \u00e9s csig\u00e1val.<\/p>\n","protected":false},"featured_media":57945,"comment_status":"closed","ping_status":"closed","template":"","meta":{"_acf_changed":false},"product_brand":[],"product_cat":[2221,2351,1679,2224],"product_tag":[],"brand":[],"class_list":{"0":"post-57944","1":"product","2":"type-product","3":"status-publish","4":"has-post-thumbnail","6":"product_cat-potalkatreszek","7":"product_cat-aluminium-profilok","8":"product_cat-elado","9":"product_cat-minden-potalkatresz","11":"first","12":"outofstock","13":"sale","14":"taxable","15":"shipping-taxable","16":"purchasable","17":"product-type-variable"},"acf":[],"_links":{"self":[{"href":"https:\/\/azurefilm.com\/hu\/wp-json\/wp\/v2\/product\/57944","targetHints":{"allow":["GET"]}}],"collection":[{"href":"https:\/\/azurefilm.com\/hu\/wp-json\/wp\/v2\/product"}],"about":[{"href":"https:\/\/azurefilm.com\/hu\/wp-json\/wp\/v2\/types\/product"}],"replies":[{"embeddable":true,"href":"https:\/\/azurefilm.com\/hu\/wp-json\/wp\/v2\/comments?post=57944"}],"wp:featuredmedia":[{"embeddable":true,"href":"https:\/\/azurefilm.com\/hu\/wp-json\/wp\/v2\/media\/57945"}],"wp:attachment":[{"href":"https:\/\/azurefilm.com\/hu\/wp-json\/wp\/v2\/media?parent=57944"}],"wp:term":[{"taxonomy":"product_brand","embeddable":true,"href":"https:\/\/azurefilm.com\/hu\/wp-json\/wp\/v2\/product_brand?post=57944"},{"taxonomy":"product_cat","embeddable":true,"href":"https:\/\/azurefilm.com\/hu\/wp-json\/wp\/v2\/product_cat?post=57944"},{"taxonomy":"product_tag","embeddable":true,"href":"https:\/\/azurefilm.com\/hu\/wp-json\/wp\/v2\/product_tag?post=57944"},{"taxonomy":"brand","embeddable":true,"href":"https:\/\/azurefilm.com\/hu\/wp-json\/wp\/v2\/brand?post=57944"}],"curies":[{"name":"wp","href":"https:\/\/api.w.org\/{rel}","templated":true}]}}