
{"id":57948,"date":"2023-10-29T14:22:58","date_gmt":"2023-10-29T14:22:58","guid":{"rendered":"https:\/\/azurefilm.com\/product\/mk8-acel-fuvoka\/"},"modified":"2023-10-29T14:22:58","modified_gmt":"2023-10-29T14:22:58","slug":"mk8-acel-fuvoka","status":"publish","type":"product","link":"https:\/\/azurefilm.com\/hu\/termek\/mk8-acel-fuvoka\/","title":{"rendered":"MK8 ac\u00e9l f\u00fav\u00f3ka"},"content":{"rendered":"<h4><span style=\"vertical-align: inherit;\">MK8 ac\u00e9l f\u00fav\u00f3ka<\/span><\/h4>\n<h3><b><span style=\"vertical-align: inherit;\">F\u0151 jellemz\u0151k:<\/span><\/b><\/h3>\n<p><span style=\"vertical-align: inherit;\">Az MK8 ac\u00e9l f\u00fav\u00f3ka t\u00f6bb olyan kulcsfontoss\u00e1g\u00fa tulajdons\u00e1ggal rendelkezik, amelyek kiv\u00e1l\u00f3 v\u00e1laszt\u00e1ss\u00e1 teszik a 3D nyomtat\u00e1s szerelmesei sz\u00e1m\u00e1ra, akik nagyobb pontoss\u00e1got \u00e9s tart\u00f3ss\u00e1got keresnek:<\/span><\/p>\n<ul>\n<li><strong><span style=\"vertical-align: inherit;\">Sziv\u00e1rg\u00e1smegel\u0151z\u00e9s:<\/span><\/strong><span style=\"vertical-align: inherit;\"> Az 1,75 mm-es bemeneti \u00e9s 0,3\/0,4 mm-es extruder f\u00fav\u00f3k\u00e1kkal felszerelt f\u00fav\u00f3ka hat\u00e9konyan megakad\u00e1lyozza a nyomtat\u00f3fej sziv\u00e1rg\u00e1s\u00e1t, biztos\u00edtva a tiszta \u00e9s megb\u00edzhat\u00f3 nyomtat\u00e1si folyamatot. <\/span> <\/li>\n<li><strong><span style=\"vertical-align: inherit;\">K\u00f6vetkezetes nyomatok:<\/span><\/strong><span style=\"vertical-align: inherit;\"> A f\u00fav\u00f3ka megk\u00f6nny\u00edti az egyenletes, sima \u00e9s f\u00e9nyes fel\u00fclet\u0171 nyomatok k\u00e9sz\u00edt\u00e9s\u00e9t, n\u00f6velve ezzel a 3D nyomatok \u00e1ltal\u00e1nos min\u0151s\u00e9g\u00e9t.<\/span><\/li>\n<li><strong><span style=\"vertical-align: inherit;\">Rozsdamentes ac\u00e9lszerkezet:<\/span><\/strong><span style=\"vertical-align: inherit;\"> A kiv\u00e1l\u00f3 min\u0151s\u00e9g\u0171 rozsdamentes ac\u00e9lb\u00f3l k\u00e9sz\u00fclt f\u00fav\u00f3ka nemcsak a rozsd\u00e1val \u00e9s a korr\u00f3zi\u00f3val szemben ellen\u00e1ll\u00f3, hanem robusztus szil\u00e1rds\u00e1ggal \u00e9s tart\u00f3ss\u00e1ggal is rendelkezik, ami hossz\u00fa \u00e9lettartamot biztos\u00edt. <\/span> <\/li>\n<li><strong><span style=\"vertical-align: inherit;\">Egyszer\u0171 telep\u00edt\u00e9s:<\/span><\/strong><span style=\"vertical-align: inherit;\"> Az MK8 ac\u00e9lf\u00fav\u00f3k\u00e1t k\u00f6nny\u0171 telep\u00edt\u00e9sre tervezt\u00e9k, \u00edgy a kezd\u0151k \u00e9s a tapasztalt felhaszn\u00e1l\u00f3k sz\u00e1m\u00e1ra egyar\u00e1nt el\u00e9rhet\u0151.<\/span><\/li>\n<li><strong><span style=\"vertical-align: inherit;\">Sz\u00e9les k\u00f6r\u0171 kompatibilit\u00e1s:<\/span><\/strong><span style=\"vertical-align: inherit;\"> Ez a f\u00fav\u00f3ka sokoldal\u00fas\u00e1got k\u00edn\u00e1l, \u00e9s megfelel a k\u00fcl\u00f6nb\u00f6z\u0151 3D nyomtat\u00e1si be\u00e1ll\u00edt\u00e1soknak: Kompatibilis az \u00f6sszes 1,75 mm-es PLA ABS 3D nyomtat\u00f3val.<\/span><\/li>\n<li><strong><span style=\"vertical-align: inherit;\">Kalibr\u00e1l\u00e1s a csere ut\u00e1n:<\/span><\/strong><span style=\"vertical-align: inherit;\"> A f\u00fav\u00f3ka \u00e9s a r\u00f6gz\u00edt\u0151lemez k\u00f6z\u00f6tti t\u00e1vols\u00e1g \u00fajrakalibr\u00e1l\u00e1sa aj\u00e1nlott a nyomtatott alkatr\u00e9szek optim\u00e1lis min\u0151s\u00e9g\u00e9nek biztos\u00edt\u00e1sa \u00e9rdek\u00e9ben.<\/span><\/li>\n<li><strong><span style=\"vertical-align: inherit;\">Megfizethet\u0151 egy darab:<\/span><\/strong><span style=\"vertical-align: inherit;\"> Ez egy megfizethet\u0151 megold\u00e1st k\u00edn\u00e1l a felhaszn\u00e1l\u00f3k sz\u00e1m\u00e1ra, akik a 3D nyomtat\u00e1si k\u00e9pess\u00e9geiket a bank megt\u00f6r\u00e9se n\u00e9lk\u00fcl szeretn\u00e9k fejleszteni. <\/span> <\/li>\n<\/ul>\n<p><span style=\"vertical-align: inherit;\">Az MK8 ac\u00e9lf\u00fav\u00f3ka egy kifizet\u0151d\u0151 befektet\u00e9s, amely megb\u00edzhat\u00f3, egyszer\u0171 \u00e9s sokoldal\u00fa megold\u00e1st k\u00edn\u00e1l a felhaszn\u00e1l\u00f3knak a 3D nyomtat\u00e1si \u00e9lm\u00e9ny fokoz\u00e1s\u00e1ra. Friss\u00edtsen m\u00e9g ma, \u00e9s \u00e9lvezze a jobb nyomtat\u00e1si min\u0151s\u00e9g \u00e9s tart\u00f3ss\u00e1g el\u0151nyeit. <\/span><\/p>\n","protected":false},"excerpt":{"rendered":"<p>Az MK8 ac\u00e9lf\u00fav\u00f3ka hat\u00e9konyan megakad\u00e1lyozza a nyomtat\u00f3fej sziv\u00e1rg\u00e1s\u00e1t, mik\u00f6zben egyenletesen sima \u00e9s f\u00e9nyes, pol\u00edrozott fel\u00fclet\u0171 nyomtat\u00e1st biztos\u00edt.<\/p>\n","protected":false},"featured_media":57949,"comment_status":"closed","ping_status":"closed","template":"","meta":{"_acf_changed":false},"product_brand":[],"product_cat":[1679,2226,2224,2221,2227],"product_tag":[],"brand":[270],"class_list":{"0":"post-57948","1":"product","2":"type-product","3":"status-publish","4":"has-post-thumbnail","6":"product_cat-elado","7":"product_cat-fuvoszarnyak","8":"product_cat-minden-potalkatresz","9":"product_cat-potalkatreszek","10":"product_cat-rendszeres-fuvokak","11":"pa_compatible-with-creality-fdm-3d-printers","12":"pa_fits-printer-creality-ender-3","13":"pa_nozzle-diameter-0-3mm","14":"pa_nozzle-diameter-0-4mm","15":"brand-creality","17":"first","18":"instock","19":"sale","20":"taxable","21":"shipping-taxable","22":"purchasable","23":"product-type-variable"},"acf":[],"_links":{"self":[{"href":"https:\/\/azurefilm.com\/hu\/wp-json\/wp\/v2\/product\/57948","targetHints":{"allow":["GET"]}}],"collection":[{"href":"https:\/\/azurefilm.com\/hu\/wp-json\/wp\/v2\/product"}],"about":[{"href":"https:\/\/azurefilm.com\/hu\/wp-json\/wp\/v2\/types\/product"}],"replies":[{"embeddable":true,"href":"https:\/\/azurefilm.com\/hu\/wp-json\/wp\/v2\/comments?post=57948"}],"wp:featuredmedia":[{"embeddable":true,"href":"https:\/\/azurefilm.com\/hu\/wp-json\/wp\/v2\/media\/57949"}],"wp:attachment":[{"href":"https:\/\/azurefilm.com\/hu\/wp-json\/wp\/v2\/media?parent=57948"}],"wp:term":[{"taxonomy":"product_brand","embeddable":true,"href":"https:\/\/azurefilm.com\/hu\/wp-json\/wp\/v2\/product_brand?post=57948"},{"taxonomy":"product_cat","embeddable":true,"href":"https:\/\/azurefilm.com\/hu\/wp-json\/wp\/v2\/product_cat?post=57948"},{"taxonomy":"product_tag","embeddable":true,"href":"https:\/\/azurefilm.com\/hu\/wp-json\/wp\/v2\/product_tag?post=57948"},{"taxonomy":"brand","embeddable":true,"href":"https:\/\/azurefilm.com\/hu\/wp-json\/wp\/v2\/brand?post=57948"}],"curies":[{"name":"wp","href":"https:\/\/api.w.org\/{rel}","templated":true}]}}