
{"id":57952,"date":"2023-10-29T14:22:58","date_gmt":"2023-10-29T14:22:58","guid":{"rendered":"https:\/\/azurefilm.com\/product\/profil-20x40-fekete\/"},"modified":"2025-11-28T13:33:30","modified_gmt":"2025-11-28T13:33:30","slug":"profil-20x40-fekete","status":"publish","type":"product","link":"https:\/\/azurefilm.com\/hu\/termek\/profil-20x40-fekete\/","title":{"rendered":"Profil 20&#215;40 fekete"},"content":{"rendered":"<h4>Profil 20&#215;40 fekete<\/h4>\n<h3><strong>F\u0151bb jellemz\u0151k:<\/strong><\/h3>\n<ul>\n<li>Profilm\u00e9retek: 20&#215;40<\/li>\n<li>Sz\u00edn: fekete<\/li>\n<li>3D nyomtat\u00f3khoz<\/li>\n<li>Kompatibilis az \u00f6sszes tartoz\u00e9kkal, mint p\u00e9ld\u00e1ul az M3, M4, M5 T any\u00e1kkal \u00e9s a csigaker\u00e9kkel.<\/li>\n<li>Tart\u00f3s<\/li>\n<li>Nagy szil\u00e1rds\u00e1g\u00fa alum\u00ednium<\/li>\n<li>Hossza 500mm vagy 1000mm<\/li>\n<\/ul>\n","protected":false},"excerpt":{"rendered":"<h4>Profil 20&#215;40 fekete 20&#215;40 m\u00e9retben, kompatibilis minden tartoz\u00e9kkal, mint p\u00e9ld\u00e1ul M3, M4, M5 T any\u00e1k \u00e9s csig\u00e1k.<\/h4>\n","protected":false},"featured_media":57953,"comment_status":"closed","ping_status":"closed","template":"","meta":{"_acf_changed":false},"product_brand":[],"product_cat":[2351,1679,2224,2221],"product_tag":[],"brand":[],"class_list":{"0":"post-57952","1":"product","2":"type-product","3":"status-publish","4":"has-post-thumbnail","6":"product_cat-aluminium-profilok","7":"product_cat-elado","8":"product_cat-minden-potalkatresz","9":"product_cat-potalkatreszek","11":"first","12":"instock","13":"sale","14":"taxable","15":"shipping-taxable","16":"purchasable","17":"product-type-variable"},"acf":[],"_links":{"self":[{"href":"https:\/\/azurefilm.com\/hu\/wp-json\/wp\/v2\/product\/57952","targetHints":{"allow":["GET"]}}],"collection":[{"href":"https:\/\/azurefilm.com\/hu\/wp-json\/wp\/v2\/product"}],"about":[{"href":"https:\/\/azurefilm.com\/hu\/wp-json\/wp\/v2\/types\/product"}],"replies":[{"embeddable":true,"href":"https:\/\/azurefilm.com\/hu\/wp-json\/wp\/v2\/comments?post=57952"}],"wp:featuredmedia":[{"embeddable":true,"href":"https:\/\/azurefilm.com\/hu\/wp-json\/wp\/v2\/media\/57953"}],"wp:attachment":[{"href":"https:\/\/azurefilm.com\/hu\/wp-json\/wp\/v2\/media?parent=57952"}],"wp:term":[{"taxonomy":"product_brand","embeddable":true,"href":"https:\/\/azurefilm.com\/hu\/wp-json\/wp\/v2\/product_brand?post=57952"},{"taxonomy":"product_cat","embeddable":true,"href":"https:\/\/azurefilm.com\/hu\/wp-json\/wp\/v2\/product_cat?post=57952"},{"taxonomy":"product_tag","embeddable":true,"href":"https:\/\/azurefilm.com\/hu\/wp-json\/wp\/v2\/product_tag?post=57952"},{"taxonomy":"brand","embeddable":true,"href":"https:\/\/azurefilm.com\/hu\/wp-json\/wp\/v2\/brand?post=57952"}],"curies":[{"name":"wp","href":"https:\/\/api.w.org\/{rel}","templated":true}]}}