
{"id":57956,"date":"2023-10-29T14:22:58","date_gmt":"2023-10-29T14:22:58","guid":{"rendered":"https:\/\/azurefilm.com\/product\/sargarez-trapez-alaku-menetes-alatet\/"},"modified":"2023-10-29T14:22:58","modified_gmt":"2023-10-29T14:22:58","slug":"sargarez-trapez-alaku-menetes-alatet","status":"publish","type":"product","link":"https:\/\/azurefilm.com\/hu\/termek\/sargarez-trapez-alaku-menetes-alatet\/","title":{"rendered":"S\u00e1rgar\u00e9z trap\u00e9z alak\u00fa menetes al\u00e1t\u00e9t"},"content":{"rendered":"<h2><strong>F\u0151bb jellemz\u0151k:<\/strong><\/h2>\n<ul>\n<li>Cs\u00fasz\u00e1smentes, korr\u00f3zi\u00f3g\u00e1tl\u00f3, kop\u00e1s\u00e1ll\u00f3s\u00e1g<\/li>\n<li>K\u00f6nnyen haszn\u00e1lhat\u00f3, nem kell feldolgozni<\/li>\n<li>Alkalmas 3D nyomtat\u00f3 Z tengely\u00e9hez 8 mm-es rozsdamentes ac\u00e9l 4-Start \u00f3lomcsavar<\/li>\n<li>A csavarr\u00faddal egy\u00fctt kell haszn\u00e1lni a l\u00e9ptet\u0151motorhoz, a szersz\u00e1mg\u00e9pek vezet\u0151s\u00ednj\u00e9hez \u00e9s m\u00e1s berendez\u00e9sekhez<\/li>\n<li>Anyag: S\u00e1rgar\u00e9z<\/li>\n<li>Az \u00e1r 1 darabra vonatkozik<\/li>\n<\/ul>\n","protected":false},"excerpt":{"rendered":"<p><strong>S\u00e1rgar\u00e9z trap\u00e9z alak\u00fa menetes sz\u0151nyeg<\/strong> cs\u00fasz\u00e1smentes, korr\u00f3zi\u00f3g\u00e1tl\u00f3, kop\u00e1s\u00e1ll\u00f3s\u00e1g.<\/p>\n","protected":false},"featured_media":57957,"comment_status":"closed","ping_status":"closed","template":"","meta":{"_acf_changed":false},"product_brand":[],"product_cat":[2257,1679,2224,2221],"product_tag":[],"brand":[],"class_list":{"0":"post-57956","1":"product","2":"type-product","3":"status-publish","4":"has-post-thumbnail","6":"product_cat-csapagyak-es-vezetok","7":"product_cat-elado","8":"product_cat-minden-potalkatresz","9":"product_cat-potalkatreszek","11":"first","12":"instock","13":"sale","14":"taxable","15":"shipping-taxable","16":"purchasable","17":"product-type-simple"},"acf":[],"_links":{"self":[{"href":"https:\/\/azurefilm.com\/hu\/wp-json\/wp\/v2\/product\/57956","targetHints":{"allow":["GET"]}}],"collection":[{"href":"https:\/\/azurefilm.com\/hu\/wp-json\/wp\/v2\/product"}],"about":[{"href":"https:\/\/azurefilm.com\/hu\/wp-json\/wp\/v2\/types\/product"}],"replies":[{"embeddable":true,"href":"https:\/\/azurefilm.com\/hu\/wp-json\/wp\/v2\/comments?post=57956"}],"wp:featuredmedia":[{"embeddable":true,"href":"https:\/\/azurefilm.com\/hu\/wp-json\/wp\/v2\/media\/57957"}],"wp:attachment":[{"href":"https:\/\/azurefilm.com\/hu\/wp-json\/wp\/v2\/media?parent=57956"}],"wp:term":[{"taxonomy":"product_brand","embeddable":true,"href":"https:\/\/azurefilm.com\/hu\/wp-json\/wp\/v2\/product_brand?post=57956"},{"taxonomy":"product_cat","embeddable":true,"href":"https:\/\/azurefilm.com\/hu\/wp-json\/wp\/v2\/product_cat?post=57956"},{"taxonomy":"product_tag","embeddable":true,"href":"https:\/\/azurefilm.com\/hu\/wp-json\/wp\/v2\/product_tag?post=57956"},{"taxonomy":"brand","embeddable":true,"href":"https:\/\/azurefilm.com\/hu\/wp-json\/wp\/v2\/brand?post=57956"}],"curies":[{"name":"wp","href":"https:\/\/api.w.org\/{rel}","templated":true}]}}