
{"id":57959,"date":"2023-10-29T14:22:58","date_gmt":"2023-10-29T14:22:58","guid":{"rendered":"https:\/\/azurefilm.com\/product\/automatikus-agykiegyenlito-erzekelo\/"},"modified":"2023-10-29T14:22:58","modified_gmt":"2023-10-29T14:22:58","slug":"automatikus-agykiegyenlito-erzekelo","status":"publish","type":"product","link":"https:\/\/azurefilm.com\/hu\/termek\/automatikus-agykiegyenlito-erzekelo\/","title":{"rendered":"Automatikus \u00e1gykiegyenl\u00edt\u0151 \u00e9rz\u00e9kel\u0151"},"content":{"rendered":"<h2><strong>F\u0151bb jellemz\u0151k:<\/strong><\/h2>\n<ul>\n<li>Az automatikus vez\u00e9rl\u0151iparban sz\u00e9les k\u00f6rben haszn\u00e1lt alkatr\u00e9sz az \u00e9rz\u00e9kel\u00e9shez, vez\u00e9rl\u00e9shez \u00e9s \u00e9rint\u00e9smentes kapcsol\u00e1shoz.<\/li>\n<li>alkalmazhat\u00f3 3D nyomtat\u00f3 automatikus szintez\u00e9s\u00e9hez, amikor a k\u00f6zels\u00e9gkapcsol\u00f3 k\u00f6zel van valamilyen c\u00e9lt\u00e1rgyhoz, akkor vez\u00e9rl\u0151jelet k\u00fcld.<\/li>\n<li>Sz\u00e9les k\u00f6rben haszn\u00e1lj\u00e1k a g\u00e9pekben, a pap\u00edrgy\u00e1rt\u00e1sban, a k\u00f6nny\u0171iparban az \u00e1llom\u00e1sok korl\u00e1toz\u00e1s\u00e1ra, a t\u00e1j\u00e9koz\u00f3d\u00e1si sz\u00e1ml\u00e1l\u00e1sra, a gyorsul\u00e1si pr\u00f3b\u00e1kra stb.<\/li>\n<li>Induktivit\u00e1s \u00e9rz\u00e9kel\u0151<\/li>\n<li>\u00c9rz\u00e9kel\u00e9si t\u00e1vols\u00e1g: 4mm<\/li>\n<li>Fesz\u00fclts\u00e9g: DC 5V<\/li>\n<li>M\u00e9ret: 12x60mm<\/li>\n<\/ul>\n","protected":false},"excerpt":{"rendered":"<p><strong>Az automatikus \u00e1gykiegyenl\u00edt\u0151 \u00e9rz\u00e9kel\u0151<\/strong> az automatikus vez\u00e9rl\u0151iparban sz\u00e9les k\u00f6rben haszn\u00e1lt alkatr\u00e9sz az \u00e9rz\u00e9kel\u00e9shez, vez\u00e9rl\u00e9shez \u00e9s \u00e9rint\u00e9smentes kapcsol\u00e1shoz.<\/p>\n","protected":false},"featured_media":57961,"comment_status":"closed","ping_status":"closed","template":"","meta":{"_acf_changed":false},"product_brand":[],"product_cat":[2238,1679,2224,2221],"product_tag":[],"brand":[],"class_list":{"0":"post-57959","1":"product","2":"type-product","3":"status-publish","4":"has-post-thumbnail","6":"product_cat-egyeb-tetelek","7":"product_cat-elado","8":"product_cat-minden-potalkatresz","9":"product_cat-potalkatreszek","11":"first","12":"instock","13":"sale","14":"taxable","15":"shipping-taxable","16":"purchasable","17":"product-type-simple"},"acf":[],"_links":{"self":[{"href":"https:\/\/azurefilm.com\/hu\/wp-json\/wp\/v2\/product\/57959","targetHints":{"allow":["GET"]}}],"collection":[{"href":"https:\/\/azurefilm.com\/hu\/wp-json\/wp\/v2\/product"}],"about":[{"href":"https:\/\/azurefilm.com\/hu\/wp-json\/wp\/v2\/types\/product"}],"replies":[{"embeddable":true,"href":"https:\/\/azurefilm.com\/hu\/wp-json\/wp\/v2\/comments?post=57959"}],"wp:featuredmedia":[{"embeddable":true,"href":"https:\/\/azurefilm.com\/hu\/wp-json\/wp\/v2\/media\/57961"}],"wp:attachment":[{"href":"https:\/\/azurefilm.com\/hu\/wp-json\/wp\/v2\/media?parent=57959"}],"wp:term":[{"taxonomy":"product_brand","embeddable":true,"href":"https:\/\/azurefilm.com\/hu\/wp-json\/wp\/v2\/product_brand?post=57959"},{"taxonomy":"product_cat","embeddable":true,"href":"https:\/\/azurefilm.com\/hu\/wp-json\/wp\/v2\/product_cat?post=57959"},{"taxonomy":"product_tag","embeddable":true,"href":"https:\/\/azurefilm.com\/hu\/wp-json\/wp\/v2\/product_tag?post=57959"},{"taxonomy":"brand","embeddable":true,"href":"https:\/\/azurefilm.com\/hu\/wp-json\/wp\/v2\/brand?post=57959"}],"curies":[{"name":"wp","href":"https:\/\/api.w.org\/{rel}","templated":true}]}}