
{"id":57970,"date":"2023-10-29T14:23:29","date_gmt":"2023-10-29T14:23:29","guid":{"rendered":"https:\/\/azurefilm.com\/product\/t-nyilasu-csuszo-anya-30t-m4-m5\/"},"modified":"2023-10-29T14:23:29","modified_gmt":"2023-10-29T14:23:29","slug":"t-nyilasu-csuszo-anya-30t-m4-m5","status":"publish","type":"product","link":"https:\/\/azurefilm.com\/hu\/termek\/t-nyilasu-csuszo-anya-30t-m4-m5\/","title":{"rendered":"T-ny\u00edl\u00e1s\u00fa cs\u00fasz\u00f3 anya 30T M4\/M5"},"content":{"rendered":"<h4>T-ny\u00edl\u00e1s\u00fa cs\u00fasz\u00f3 anya 30T M4\/M5<\/h4>\n<h3><span style=\"color: #555555;\"><b>F\u0151bb jellemz\u0151k:<\/b><\/span><\/h3>\n<ul>\n<li><strong>Anyag:<\/strong> ac\u00e9l: kiv\u00e1l\u00f3 min\u0151s\u00e9g\u0171 sz\u00e9nac\u00e9l<\/li>\n<li><strong>Kem\u00e9nys\u00e9g:<\/strong> Nagy kem\u00e9nys\u00e9g a tart\u00f3ss\u00e1g \u00e9rdek\u00e9ben<\/li>\n<li><strong>Fel\u00fcleti bevonat:<\/strong> a kiv\u00e1l\u00f3 rozsda\u00e1ll\u00f3s\u00e1g \u00e9rdek\u00e9ben<\/li>\n<li><strong>Kompatibilit\u00e1s:<\/strong> A 2020-as sorozat T-ny\u00edl\u00e1s\u00fa alum\u00edniumprofiljaihoz tervezt\u00e9k.<\/li>\n<li><strong>Slot m\u00e9ret:<\/strong> 6mm<\/li>\n<li><strong>K\u00f6nny\u0171 telep\u00edt\u00e9s:<\/strong> Az alum\u00edniumprofil T-ny\u00edl\u00e1s\u00e1ba val\u00f3 egyszer\u0171 g\u00f6rd\u00edt\u00e9s: K\u00f6nny\u0171 g\u00f6rd\u00edt\u00e9s az alum\u00edniumprofil T-ny\u00edl\u00e1s\u00e1ba<\/li>\n<li><strong>Mennyis\u00e9g:<\/strong> Az \u00e1r egy darabra vonatkozik.<\/li>\n<li><strong>K\u00e9p:<\/strong> Szimbolikus \u00e1br\u00e1zol\u00e1s<\/li>\n<\/ul>\n<p>Felh\u00edvjuk figyelm\u00e9t, hogy a k\u00e9p szimbolikus c\u00e9lokat szolg\u00e1l.<\/p>\n","protected":false},"excerpt":{"rendered":"<p>T-ny\u00edl\u00e1s\u00fa cs\u00fasz\u00f3 anya 30T M4\/M5 kiv\u00e1l\u00f3 min\u0151s\u00e9g\u0171 sz\u00e9nac\u00e9lb\u00f3l k\u00e9sz\u00fclt, \u00e9s a fel\u00fclete horganyzott a j\u00f3 rozsda\u00e1ll\u00f3s\u00e1g \u00e9rdek\u00e9ben.<\/p>\n","protected":false},"featured_media":57976,"comment_status":"closed","ping_status":"closed","template":"","meta":{"_acf_changed":false},"product_brand":[],"product_cat":[2351,1679,2224,2221],"product_tag":[],"brand":[],"class_list":{"0":"post-57970","1":"product","2":"type-product","3":"status-publish","4":"has-post-thumbnail","6":"product_cat-aluminium-profilok","7":"product_cat-elado","8":"product_cat-minden-potalkatresz","9":"product_cat-potalkatreszek","11":"first","12":"instock","13":"sale","14":"taxable","15":"shipping-taxable","16":"purchasable","17":"product-type-variable"},"acf":[],"_links":{"self":[{"href":"https:\/\/azurefilm.com\/hu\/wp-json\/wp\/v2\/product\/57970","targetHints":{"allow":["GET"]}}],"collection":[{"href":"https:\/\/azurefilm.com\/hu\/wp-json\/wp\/v2\/product"}],"about":[{"href":"https:\/\/azurefilm.com\/hu\/wp-json\/wp\/v2\/types\/product"}],"replies":[{"embeddable":true,"href":"https:\/\/azurefilm.com\/hu\/wp-json\/wp\/v2\/comments?post=57970"}],"wp:featuredmedia":[{"embeddable":true,"href":"https:\/\/azurefilm.com\/hu\/wp-json\/wp\/v2\/media\/57976"}],"wp:attachment":[{"href":"https:\/\/azurefilm.com\/hu\/wp-json\/wp\/v2\/media?parent=57970"}],"wp:term":[{"taxonomy":"product_brand","embeddable":true,"href":"https:\/\/azurefilm.com\/hu\/wp-json\/wp\/v2\/product_brand?post=57970"},{"taxonomy":"product_cat","embeddable":true,"href":"https:\/\/azurefilm.com\/hu\/wp-json\/wp\/v2\/product_cat?post=57970"},{"taxonomy":"product_tag","embeddable":true,"href":"https:\/\/azurefilm.com\/hu\/wp-json\/wp\/v2\/product_tag?post=57970"},{"taxonomy":"brand","embeddable":true,"href":"https:\/\/azurefilm.com\/hu\/wp-json\/wp\/v2\/brand?post=57970"}],"curies":[{"name":"wp","href":"https:\/\/api.w.org\/{rel}","templated":true}]}}