
{"id":57984,"date":"2023-10-29T14:22:58","date_gmt":"2023-10-29T14:22:58","guid":{"rendered":"https:\/\/azurefilm.com\/product\/dc-hutoventilator-5010-12-24v\/"},"modified":"2023-10-29T14:22:58","modified_gmt":"2023-10-29T14:22:58","slug":"dc-hutoventilator-5010-12-24v","status":"publish","type":"product","link":"https:\/\/azurefilm.com\/hu\/termek\/dc-hutoventilator-5010-12-24v\/","title":{"rendered":"DC h\u0171t\u0151ventil\u00e1tor 5010 12\/24V"},"content":{"rendered":"<h4>DC h\u0171t\u0151ventil\u00e1tor 5010 12\/24V<\/h4>\n<h3><strong>F\u0151bb jellemz\u0151k:<\/strong><\/h3>\n<ul>\n<li>DC ventil\u00e1tor m\u00e9rete: 50x50x0,5mm<\/li>\n<li>Ventil\u00e1tor fordulatsz\u00e1m: 4200 RPM (\u00b110% RPM)<\/li>\n<li>Zajszint: 25,4 DBA<\/li>\n<li>N\u00e9vleges fesz\u00fclts\u00e9g: 12V vagy 24V<\/li>\n<li><span class=\"a-list-item\">Haszn\u00e1lat : Creality Ender 3<\/span><\/li>\n<li>  Creality Ender 3, Ender 3 Pro, Ender 3 V2, Ender 5, Ender 5 Pro, CR-10, CR-10S, CR-10 Mini, CR-10S Pro \u00e9s CR-10 V2 modellekhez.<\/li>\n<\/ul>\n","protected":false},"excerpt":{"rendered":"<p>Az 5010 DC h\u0171t\u0151ventil\u00e1tor 12\/24V 12\/24V 3D nyomtat\u00f3k \u00e9s m\u00e1s elektronikus eszk\u00f6z\u00f6k alkatr\u00e9szeinek h\u0171t\u00e9s\u00e9re szolg\u00e1l. M\u00e9retei 50x50x0,5mm:<\/p>\n<ul>\n<li>  Creality Ender 3, Ender 3 Pro, Ender 3 V2, Ender 5, Ender 5 Pro, CR-10, CR-10S, CR-10 Mini, CR-10S Pro \u00e9s CR-10 V2 modellekhez.<\/li>\n<\/ul>\n","protected":false},"featured_media":57986,"comment_status":"closed","ping_status":"closed","template":"","meta":{"_acf_changed":false},"product_brand":[],"product_cat":[1679,2229,2224,2221],"product_tag":[],"brand":[],"class_list":{"0":"post-57984","1":"product","2":"type-product","3":"status-publish","4":"has-post-thumbnail","6":"product_cat-elado","7":"product_cat-fans-hu","8":"product_cat-minden-potalkatresz","9":"product_cat-potalkatreszek","11":"first","12":"instock","13":"sale","14":"taxable","15":"shipping-taxable","16":"purchasable","17":"product-type-variable"},"acf":[],"_links":{"self":[{"href":"https:\/\/azurefilm.com\/hu\/wp-json\/wp\/v2\/product\/57984","targetHints":{"allow":["GET"]}}],"collection":[{"href":"https:\/\/azurefilm.com\/hu\/wp-json\/wp\/v2\/product"}],"about":[{"href":"https:\/\/azurefilm.com\/hu\/wp-json\/wp\/v2\/types\/product"}],"replies":[{"embeddable":true,"href":"https:\/\/azurefilm.com\/hu\/wp-json\/wp\/v2\/comments?post=57984"}],"wp:featuredmedia":[{"embeddable":true,"href":"https:\/\/azurefilm.com\/hu\/wp-json\/wp\/v2\/media\/57986"}],"wp:attachment":[{"href":"https:\/\/azurefilm.com\/hu\/wp-json\/wp\/v2\/media?parent=57984"}],"wp:term":[{"taxonomy":"product_brand","embeddable":true,"href":"https:\/\/azurefilm.com\/hu\/wp-json\/wp\/v2\/product_brand?post=57984"},{"taxonomy":"product_cat","embeddable":true,"href":"https:\/\/azurefilm.com\/hu\/wp-json\/wp\/v2\/product_cat?post=57984"},{"taxonomy":"product_tag","embeddable":true,"href":"https:\/\/azurefilm.com\/hu\/wp-json\/wp\/v2\/product_tag?post=57984"},{"taxonomy":"brand","embeddable":true,"href":"https:\/\/azurefilm.com\/hu\/wp-json\/wp\/v2\/brand?post=57984"}],"curies":[{"name":"wp","href":"https:\/\/api.w.org\/{rel}","templated":true}]}}