
{"id":57985,"date":"2023-10-29T14:29:24","date_gmt":"2023-10-29T14:29:24","guid":{"rendered":"https:\/\/azurefilm.com\/product\/furogepek\/"},"modified":"2023-10-29T14:29:24","modified_gmt":"2023-10-29T14:29:24","slug":"furogepek","status":"publish","type":"product","link":"https:\/\/azurefilm.com\/hu\/termek\/furogepek\/","title":{"rendered":"F\u00far\u00f3g\u00e9pek"},"content":{"rendered":"<h4>F\u00far\u00f3g\u00e9pek<\/h4>\n<h3><strong>Kulcsfontoss\u00e1g\u00fa jellemz\u0151k:<\/strong><\/h3>\n<ul>\n<li>F\u00far\u00f3 \u00e1tm\u00e9r\u0151: 15mm \/ 18mm \/ 20mm \/ 25mm \/ 30mm \/ 35mm \/ 40mm \/ 50mm<\/li>\n<li>J\u00f3 min\u0151s\u00e9g\u0171, tart\u00f3s haszn\u00e1lat.<\/li>\n<li>Stabil jellemz\u0151k, nagy megb\u00edzhat\u00f3s\u00e1g.<\/li>\n<li>Gyors \u00e9s pontos furatok v\u00e1g\u00e1sa rozsdamentes ac\u00e9lba, l\u00e1gyac\u00e9lba, vasba, r\u00e9zbe, s\u00e1rgar\u00e9zbe \u00e9s f\u00e1ba.<\/li>\n<li>Nagy sebess\u00e9g\u0171 ac\u00e9lb\u00f3l k\u00e9sz\u00fcl.<\/li>\n<li>Alkalmas<strong> <\/strong>rozsdamentes ac\u00e9l, l\u00e1gyac\u00e9l, vas, r\u00e9z, s\u00e1rgar\u00e9z, fa \u00e9s \u00edgy tov\u00e1bb.<\/li>\n<\/ul>\n<p>&nbsp;<\/p>\n","protected":false},"excerpt":{"rendered":"<p>K\u00fcl\u00f6nb\u00f6z\u0151 \u00e1tm\u00e9r\u0151j\u0171 <strong>furatf\u00far\u00f3k <\/strong>stabil jellemz\u0151kkel \u00e9s nagy megb\u00edzhat\u00f3s\u00e1ggal.<\/p>\n","protected":false},"featured_media":57991,"comment_status":"closed","ping_status":"closed","template":"","meta":{"_acf_changed":false},"product_brand":[],"product_cat":[2238,1679,2224,2221,2237],"product_tag":[],"brand":[],"class_list":{"0":"post-57985","1":"product","2":"type-product","3":"status-publish","4":"has-post-thumbnail","6":"product_cat-egyeb-tetelek","7":"product_cat-elado","8":"product_cat-minden-potalkatresz","9":"product_cat-potalkatreszek","10":"product_cat-szerszerek","12":"first","13":"instock","14":"sale","15":"taxable","16":"shipping-taxable","17":"purchasable","18":"product-type-variable"},"acf":[],"_links":{"self":[{"href":"https:\/\/azurefilm.com\/hu\/wp-json\/wp\/v2\/product\/57985","targetHints":{"allow":["GET"]}}],"collection":[{"href":"https:\/\/azurefilm.com\/hu\/wp-json\/wp\/v2\/product"}],"about":[{"href":"https:\/\/azurefilm.com\/hu\/wp-json\/wp\/v2\/types\/product"}],"replies":[{"embeddable":true,"href":"https:\/\/azurefilm.com\/hu\/wp-json\/wp\/v2\/comments?post=57985"}],"wp:featuredmedia":[{"embeddable":true,"href":"https:\/\/azurefilm.com\/hu\/wp-json\/wp\/v2\/media\/57991"}],"wp:attachment":[{"href":"https:\/\/azurefilm.com\/hu\/wp-json\/wp\/v2\/media?parent=57985"}],"wp:term":[{"taxonomy":"product_brand","embeddable":true,"href":"https:\/\/azurefilm.com\/hu\/wp-json\/wp\/v2\/product_brand?post=57985"},{"taxonomy":"product_cat","embeddable":true,"href":"https:\/\/azurefilm.com\/hu\/wp-json\/wp\/v2\/product_cat?post=57985"},{"taxonomy":"product_tag","embeddable":true,"href":"https:\/\/azurefilm.com\/hu\/wp-json\/wp\/v2\/product_tag?post=57985"},{"taxonomy":"brand","embeddable":true,"href":"https:\/\/azurefilm.com\/hu\/wp-json\/wp\/v2\/brand?post=57985"}],"curies":[{"name":"wp","href":"https:\/\/api.w.org\/{rel}","templated":true}]}}