
{"id":58008,"date":"2023-10-29T14:29:24","date_gmt":"2023-10-29T14:29:24","guid":{"rendered":"https:\/\/azurefilm.com\/product\/tavaszi-bilincs\/"},"modified":"2023-10-29T14:29:24","modified_gmt":"2023-10-29T14:29:24","slug":"tavaszi-bilincs","status":"publish","type":"product","link":"https:\/\/azurefilm.com\/hu\/termek\/tavaszi-bilincs\/","title":{"rendered":"Tavaszi bilincs"},"content":{"rendered":"<p>Ez a m\u0171anyag rug\u00f3s bilincs minden bark\u00e1csol\u00f3 sz\u00e1m\u00e1ra gyakori szersz\u00e1m. Cs\u00fasz\u00e1smentes \u00e9s j\u00f3 szor\u00edt\u00f3er\u0151vel rendelkezik, \u00edgy a famegmunk\u00e1l\u00e1s sokkal k\u00f6nnyebb\u00e9 v\u00e1lik. <\/p>\n<h2><strong>Kulcsfontoss\u00e1g\u00fa jellemz\u0151k:<\/strong><\/h2>\n<ul>\n<li>Er\u0151s \u00e9s tart\u00f3s az \u00f6sszes szor\u00edt\u00f3 ig\u00e9nyhez.<\/li>\n<li>Rozsdamentes.<\/li>\n<li>Kont\u00faros \u00e1llkapocs a kerek \u00e9s furcsa alak\u00fa t\u00e1rgyak megtart\u00e1s\u00e1hoz.<\/li>\n<li>A rugalmas p\u00e1rn\u00e1k jobb fog\u00e1st biztos\u00edtanak.<\/li>\n<li>K\u00e9nyelmes foganty\u00fakat terveztek a k\u00e9nyelmes k\u00e9ztart\u00e1s \u00e9rdek\u00e9ben.<\/li>\n<li>Kiv\u00e1l\u00f3 min\u0151s\u00e9g\u0171 \u00e9s tart\u00f3s.<\/li>\n<li>Sz\u00edn: fekete \u00e9s narancss\u00e1rga.<\/li>\n<li>Anyag: m\u0171anyag.<\/li>\n<\/ul>\n<p>&nbsp;<\/p>\n<p>&nbsp;<\/p>\n<p>&nbsp;<\/p>\n","protected":false},"excerpt":{"rendered":"<p>Ez a m\u0171anyag <strong>rug\u00f3s bilincs<\/strong> minden bark\u00e1csol\u00f3 sz\u00e1m\u00e1ra gyakori eszk\u00f6z. Cs\u00fasz\u00e1smentes \u00e9s j\u00f3 szor\u00edt\u00f3er\u0151vel rendelkezik, \u00edgy a famegmunk\u00e1l\u00e1s sokkal k\u00f6nnyebb\u00e9 v\u00e1lik. <\/p>\n","protected":false},"featured_media":58009,"comment_status":"closed","ping_status":"closed","template":"","meta":{"_acf_changed":false},"product_brand":[],"product_cat":[2238,1679,2224,2221],"product_tag":[],"brand":[],"class_list":{"0":"post-58008","1":"product","2":"type-product","3":"status-publish","4":"has-post-thumbnail","6":"product_cat-egyeb-tetelek","7":"product_cat-elado","8":"product_cat-minden-potalkatresz","9":"product_cat-potalkatreszek","11":"first","12":"instock","13":"sale","14":"taxable","15":"shipping-taxable","16":"purchasable","17":"product-type-variable"},"acf":[],"_links":{"self":[{"href":"https:\/\/azurefilm.com\/hu\/wp-json\/wp\/v2\/product\/58008","targetHints":{"allow":["GET"]}}],"collection":[{"href":"https:\/\/azurefilm.com\/hu\/wp-json\/wp\/v2\/product"}],"about":[{"href":"https:\/\/azurefilm.com\/hu\/wp-json\/wp\/v2\/types\/product"}],"replies":[{"embeddable":true,"href":"https:\/\/azurefilm.com\/hu\/wp-json\/wp\/v2\/comments?post=58008"}],"wp:featuredmedia":[{"embeddable":true,"href":"https:\/\/azurefilm.com\/hu\/wp-json\/wp\/v2\/media\/58009"}],"wp:attachment":[{"href":"https:\/\/azurefilm.com\/hu\/wp-json\/wp\/v2\/media?parent=58008"}],"wp:term":[{"taxonomy":"product_brand","embeddable":true,"href":"https:\/\/azurefilm.com\/hu\/wp-json\/wp\/v2\/product_brand?post=58008"},{"taxonomy":"product_cat","embeddable":true,"href":"https:\/\/azurefilm.com\/hu\/wp-json\/wp\/v2\/product_cat?post=58008"},{"taxonomy":"product_tag","embeddable":true,"href":"https:\/\/azurefilm.com\/hu\/wp-json\/wp\/v2\/product_tag?post=58008"},{"taxonomy":"brand","embeddable":true,"href":"https:\/\/azurefilm.com\/hu\/wp-json\/wp\/v2\/brand?post=58008"}],"curies":[{"name":"wp","href":"https:\/\/api.w.org\/{rel}","templated":true}]}}