
{"id":58014,"date":"2023-10-29T14:22:58","date_gmt":"2023-10-29T14:22:58","guid":{"rendered":"https:\/\/azurefilm.com\/product\/e3d-ventilator-hosszabbitoval-v6\/"},"modified":"2023-10-29T14:22:58","modified_gmt":"2023-10-29T14:22:58","slug":"e3d-ventilator-hosszabbitoval-v6","status":"publish","type":"product","link":"https:\/\/azurefilm.com\/hu\/termek\/e3d-ventilator-hosszabbitoval-v6\/","title":{"rendered":"E3D ventil\u00e1tor hosszabb\u00edt\u00f3val V6"},"content":{"rendered":"<h2><strong>F\u0151bb jellemz\u0151k:<\/strong><\/h2>\n<ul>\n<li>Ventil\u00e1tor hosszabb\u00edt\u00f3val az E3D extruderhez<\/li>\n<li>Kaphat\u00f3 V6 12V-os kivitelben<\/li>\n<li>M\u00e9retek: 30x30x10mm<\/li>\n<li>A hosszabb\u00edt\u00e1s \u00e1ttetsz\u0151 k\u00e9k polikarbon\u00e1tb\u00f3l k\u00e9sz\u00fclt.<\/li>\n<li>A hosszabb\u00edt\u00e1ssal a ventil\u00e1torok sokkal kop\u00e1s\u00e1ll\u00f3bbak \u00e9s sokkal kev\u00e9sb\u00e9 hajlamosak a rezg\u00e9sre.<\/li>\n<\/ul>\n","protected":false},"excerpt":{"rendered":"<p><strong>A V6-os hosszabb\u00edt\u00f3val ell\u00e1tott E3D ventil\u00e1tor<\/strong> sokkal kop\u00e1s\u00e1ll\u00f3bb \u00e9s sokkal kev\u00e9sb\u00e9 hajlamos a rezg\u00e9sre.<\/p>\n","protected":false},"featured_media":58018,"comment_status":"closed","ping_status":"closed","template":"","meta":{"_acf_changed":false},"product_brand":[],"product_cat":[1679,2229,2224,2221],"product_tag":[],"brand":[],"class_list":{"0":"post-58014","1":"product","2":"type-product","3":"status-publish","4":"has-post-thumbnail","6":"product_cat-elado","7":"product_cat-fans-hu","8":"product_cat-minden-potalkatresz","9":"product_cat-potalkatreszek","11":"first","12":"instock","13":"sale","14":"taxable","15":"shipping-taxable","16":"purchasable","17":"product-type-simple"},"acf":[],"_links":{"self":[{"href":"https:\/\/azurefilm.com\/hu\/wp-json\/wp\/v2\/product\/58014","targetHints":{"allow":["GET"]}}],"collection":[{"href":"https:\/\/azurefilm.com\/hu\/wp-json\/wp\/v2\/product"}],"about":[{"href":"https:\/\/azurefilm.com\/hu\/wp-json\/wp\/v2\/types\/product"}],"replies":[{"embeddable":true,"href":"https:\/\/azurefilm.com\/hu\/wp-json\/wp\/v2\/comments?post=58014"}],"wp:featuredmedia":[{"embeddable":true,"href":"https:\/\/azurefilm.com\/hu\/wp-json\/wp\/v2\/media\/58018"}],"wp:attachment":[{"href":"https:\/\/azurefilm.com\/hu\/wp-json\/wp\/v2\/media?parent=58014"}],"wp:term":[{"taxonomy":"product_brand","embeddable":true,"href":"https:\/\/azurefilm.com\/hu\/wp-json\/wp\/v2\/product_brand?post=58014"},{"taxonomy":"product_cat","embeddable":true,"href":"https:\/\/azurefilm.com\/hu\/wp-json\/wp\/v2\/product_cat?post=58014"},{"taxonomy":"product_tag","embeddable":true,"href":"https:\/\/azurefilm.com\/hu\/wp-json\/wp\/v2\/product_tag?post=58014"},{"taxonomy":"brand","embeddable":true,"href":"https:\/\/azurefilm.com\/hu\/wp-json\/wp\/v2\/brand?post=58014"}],"curies":[{"name":"wp","href":"https:\/\/api.w.org\/{rel}","templated":true}]}}