
{"id":58027,"date":"2023-10-29T14:29:24","date_gmt":"2023-10-29T14:29:24","guid":{"rendered":"https:\/\/azurefilm.com\/product\/csatlakozo-keszlet-jst-xh2\/"},"modified":"2023-10-29T14:29:24","modified_gmt":"2023-10-29T14:29:24","slug":"csatlakozo-keszlet-jst-xh2","status":"publish","type":"product","link":"https:\/\/azurefilm.com\/hu\/termek\/csatlakozo-keszlet-jst-xh2\/","title":{"rendered":"Csatlakoz\u00f3 k\u00e9szlet JST-XH2"},"content":{"rendered":"<h2><strong>F\u0151bb jellemz\u0151k:<\/strong><\/h2>\n<ul>\n<li>  Sz\u00e9les k\u00f6rben haszn\u00e1lj\u00e1k elektromos k\u00e9sz\u00fcl\u00e9kekben, robotokban, vil\u00e1g\u00edt\u00e1sban, j\u00e1t\u00e9kokban, PCB vez\u00e9rl\u0151panelekben, h\u00e1ztart\u00e1si k\u00e9sz\u00fcl\u00e9kekben stb.<\/li>\n<li>Kompatibilis az Arduino \u00e9s a keny\u00e9rt\u00e1bla-st\u00edlus\u00fa t\u0171s csatlakoz\u00f3kkal, p\u00e9ld\u00e1ul 3D nyomtat\u00f3 t\u00e1bl\u00e1val stb.<\/li>\n<li>Egyszer\u0171en helyezze a krimpeket a megfelel\u0151 krimpel\u0151szersz\u00e1mba \u00e9s nyomja meg \u0151ket, \u00e9s a f\u00e9mbilincsek t\u00f6k\u00e9letesen illeszkednek a vezet\u00e9kbe.<\/li>\n<li>Ez a k\u00e9szlet tartalmaz 2Pin, 3Pin, 4Pin, 5Pin, 6Pin, n\u0151i \u00e9s f\u00e9rfi csatlakoz\u00f3kat, valamint egy 2,54 mm-es f\u00e9mt\u00fcsk\u00e9s csatlakoz\u00f3t.<\/li>\n<\/ul>\n<h2><strong>A csomag tartalmazza:<\/strong><\/h2>\n<p>\u25cf 20 db x JST-XH-2P aljzat. \u25cf 20 db x JST-XH-2P csatlakoz\u00f3. \u25cf 20 db x JST-XH-3P aljzat. \u25cf 20 db x JST XH-3P dug\u00f3. \u25cf 20 db x JST-XH-4P aljzat. \u25cf 20 db x JST XH 4P csatlakoz\u00f3. \u25cf 10 db x JST-XH-5P aljzat. \u25cf 10 db x JST-XH-5P dug\u00f3. \u25cf 10 db x JST-XH-6P aljzat. \u25cf 10 db x JST XH 6P csatlakoz\u00f3. \u25cf 300 db x 2,54 mm-es f\u00e9m aljzat.<br \/>\n1 x m\u0171anyag doboz.<\/p>\n","protected":false},"excerpt":{"rendered":"<p><strong>JST-XH2 csatlakoz\u00f3 k\u00e9szlet<\/strong>, amely 2Pin, 3Pin, 4Pin, 5Pin, 6Pin, n\u0151i \u00e9s f\u00e9rfi csatlakoz\u00f3kat, valamint egy 2,54 mm-es f\u00e9m t\u0171s csatlakoz\u00f3t tartalmaz.<\/p>\n","protected":false},"featured_media":58029,"comment_status":"closed","ping_status":"closed","template":"","meta":{"_acf_changed":false},"product_brand":[],"product_cat":[2238,1679,2224,2221],"product_tag":[],"brand":[],"class_list":{"0":"post-58027","1":"product","2":"type-product","3":"status-publish","4":"has-post-thumbnail","6":"product_cat-egyeb-tetelek","7":"product_cat-elado","8":"product_cat-minden-potalkatresz","9":"product_cat-potalkatreszek","11":"first","12":"instock","13":"sale","14":"taxable","15":"shipping-taxable","16":"purchasable","17":"product-type-simple"},"acf":[],"_links":{"self":[{"href":"https:\/\/azurefilm.com\/hu\/wp-json\/wp\/v2\/product\/58027","targetHints":{"allow":["GET"]}}],"collection":[{"href":"https:\/\/azurefilm.com\/hu\/wp-json\/wp\/v2\/product"}],"about":[{"href":"https:\/\/azurefilm.com\/hu\/wp-json\/wp\/v2\/types\/product"}],"replies":[{"embeddable":true,"href":"https:\/\/azurefilm.com\/hu\/wp-json\/wp\/v2\/comments?post=58027"}],"wp:featuredmedia":[{"embeddable":true,"href":"https:\/\/azurefilm.com\/hu\/wp-json\/wp\/v2\/media\/58029"}],"wp:attachment":[{"href":"https:\/\/azurefilm.com\/hu\/wp-json\/wp\/v2\/media?parent=58027"}],"wp:term":[{"taxonomy":"product_brand","embeddable":true,"href":"https:\/\/azurefilm.com\/hu\/wp-json\/wp\/v2\/product_brand?post=58027"},{"taxonomy":"product_cat","embeddable":true,"href":"https:\/\/azurefilm.com\/hu\/wp-json\/wp\/v2\/product_cat?post=58027"},{"taxonomy":"product_tag","embeddable":true,"href":"https:\/\/azurefilm.com\/hu\/wp-json\/wp\/v2\/product_tag?post=58027"},{"taxonomy":"brand","embeddable":true,"href":"https:\/\/azurefilm.com\/hu\/wp-json\/wp\/v2\/brand?post=58027"}],"curies":[{"name":"wp","href":"https:\/\/api.w.org\/{rel}","templated":true}]}}