
{"id":58028,"date":"2023-10-29T14:23:29","date_gmt":"2023-10-29T14:23:29","guid":{"rendered":"https:\/\/azurefilm.com\/product\/v-nyilasu-portallemez-20-40-60\/"},"modified":"2023-10-29T14:23:29","modified_gmt":"2023-10-29T14:23:29","slug":"v-nyilasu-portallemez-20-40-60","status":"publish","type":"product","link":"https:\/\/azurefilm.com\/hu\/termek\/v-nyilasu-portallemez-20-40-60\/","title":{"rendered":"V-ny\u00edl\u00e1s\u00fa port\u00e1llemez 20\/40\/60"},"content":{"rendered":"<h4><strong>V-ny\u00edl\u00e1s\u00fa port\u00e1llemez 20\/40\/60  <\/strong><\/h4>\n<h3>F\u0151bb jellemz\u0151k:<\/h3>\n<p>Ez a V-Slot port\u00e1llemez 6063-T6 alum\u00edniumb\u00f3l k\u00e9sz\u00fclt, \u00e9s minden m\u00e9ret\u0171 V-Slot extrud\u00e1l\u00e1ssal haszn\u00e1lhat\u00f3. Kifejezetten az \u00e9p\u00edt\u00e9s egyszer\u0171s\u00edt\u00e9s\u00e9re tervezt\u00e9k. \u00c1thajthat\u00f3 ny\u00edl\u00e1sok ker\u00fcltek bele, hogy az \u00e9ksz\u00edj k\u00f6nnyen visszahajthat\u00f3 legyen \u00f6nmag\u00e1ra \u00e9s a hely\u00e9re szor\u00edthat\u00f3. A lemez tetej\u00e9n vagy alj\u00e1n 5 mm-es ny\u00edl\u00e1sok is vannak, amelyek lehet\u0151v\u00e9 teszik a 90 fokos \u00e9ksz\u00edjtart\u00f3khoz sz\u00fcks\u00e9ges t\u00e1vtart\u00f3k r\u00f6gz\u00edt\u00e9s\u00e9t.<\/p>\n<p>&nbsp;<\/p>\n<p>&nbsp;<\/p>\n","protected":false},"excerpt":{"rendered":"<h4>V-ny\u00edl\u00e1s\u00fa port\u00e1llemez 20\/40\/60: Kifejezetten az \u00e9p\u00edt\u00e9s egyszer\u0171s\u00edt\u00e9s\u00e9re tervezt\u00e9k.<\/h4>\n","protected":false},"featured_media":58031,"comment_status":"closed","ping_status":"closed","template":"","meta":{"_acf_changed":false},"product_brand":[],"product_cat":[2221,2351,1679,2224],"product_tag":[],"brand":[],"class_list":{"0":"post-58028","1":"product","2":"type-product","3":"status-publish","4":"has-post-thumbnail","6":"product_cat-potalkatreszek","7":"product_cat-aluminium-profilok","8":"product_cat-elado","9":"product_cat-minden-potalkatresz","11":"first","12":"instock","13":"sale","14":"taxable","15":"shipping-taxable","16":"purchasable","17":"product-type-simple"},"acf":[],"_links":{"self":[{"href":"https:\/\/azurefilm.com\/hu\/wp-json\/wp\/v2\/product\/58028","targetHints":{"allow":["GET"]}}],"collection":[{"href":"https:\/\/azurefilm.com\/hu\/wp-json\/wp\/v2\/product"}],"about":[{"href":"https:\/\/azurefilm.com\/hu\/wp-json\/wp\/v2\/types\/product"}],"replies":[{"embeddable":true,"href":"https:\/\/azurefilm.com\/hu\/wp-json\/wp\/v2\/comments?post=58028"}],"wp:featuredmedia":[{"embeddable":true,"href":"https:\/\/azurefilm.com\/hu\/wp-json\/wp\/v2\/media\/58031"}],"wp:attachment":[{"href":"https:\/\/azurefilm.com\/hu\/wp-json\/wp\/v2\/media?parent=58028"}],"wp:term":[{"taxonomy":"product_brand","embeddable":true,"href":"https:\/\/azurefilm.com\/hu\/wp-json\/wp\/v2\/product_brand?post=58028"},{"taxonomy":"product_cat","embeddable":true,"href":"https:\/\/azurefilm.com\/hu\/wp-json\/wp\/v2\/product_cat?post=58028"},{"taxonomy":"product_tag","embeddable":true,"href":"https:\/\/azurefilm.com\/hu\/wp-json\/wp\/v2\/product_tag?post=58028"},{"taxonomy":"brand","embeddable":true,"href":"https:\/\/azurefilm.com\/hu\/wp-json\/wp\/v2\/brand?post=58028"}],"curies":[{"name":"wp","href":"https:\/\/api.w.org\/{rel}","templated":true}]}}