
{"id":58038,"date":"2023-10-29T14:29:24","date_gmt":"2023-10-29T14:29:24","guid":{"rendered":"https:\/\/azurefilm.com\/product\/szigetelt-terminalok\/"},"modified":"2023-10-29T14:29:24","modified_gmt":"2023-10-29T14:29:24","slug":"szigetelt-terminalok","status":"publish","type":"product","link":"https:\/\/azurefilm.com\/hu\/termek\/szigetelt-terminalok\/","title":{"rendered":"Szigetelt termin\u00e1lok"},"content":{"rendered":"<h2><strong>F\u0151bb jellemz\u0151k:<\/strong><\/h2>\n<ul>\n<li>Alkalmas k\u00e1belhez: 1, 1,5, 2,5, 4, 6 mm2<\/li>\n<li>Anyag: R\u00e9z.<\/li>\n<li>Szigetel\u00e9s: Polipropil\u00e9n.<\/li>\n<li>Szigetel\u00e9s sz\u00edne: s\u00e1rga, k\u00e9k, piros \u00e9s z\u00f6ld.<\/li>\n<li>A szigeteletlen r\u00e9sz hossza: <strong> <\/strong>0,8; 0,9; 1,2 mm<\/li>\n<li>Csomagolva: 100 db<\/li>\n<\/ul>\n","protected":false},"excerpt":{"rendered":"<p>R\u00e9zb\u0151l k\u00e9sz\u00fclt <strong>szigetelt csatlakoz\u00f3k<\/strong> k\u00fcl\u00f6nb\u00f6z\u0151 sz\u00ednekben \u00e9s m\u00e9retekben.<\/p>\n","protected":false},"featured_media":58039,"comment_status":"closed","ping_status":"closed","template":"","meta":{"_acf_changed":false},"product_brand":[],"product_cat":[2238,1679,2224,2221,2237],"product_tag":[],"brand":[],"class_list":{"0":"post-58038","1":"product","2":"type-product","3":"status-publish","4":"has-post-thumbnail","6":"product_cat-egyeb-tetelek","7":"product_cat-elado","8":"product_cat-minden-potalkatresz","9":"product_cat-potalkatreszek","10":"product_cat-szerszerek","12":"first","13":"instock","14":"sale","15":"taxable","16":"shipping-taxable","17":"purchasable","18":"product-type-simple"},"acf":[],"_links":{"self":[{"href":"https:\/\/azurefilm.com\/hu\/wp-json\/wp\/v2\/product\/58038","targetHints":{"allow":["GET"]}}],"collection":[{"href":"https:\/\/azurefilm.com\/hu\/wp-json\/wp\/v2\/product"}],"about":[{"href":"https:\/\/azurefilm.com\/hu\/wp-json\/wp\/v2\/types\/product"}],"replies":[{"embeddable":true,"href":"https:\/\/azurefilm.com\/hu\/wp-json\/wp\/v2\/comments?post=58038"}],"wp:featuredmedia":[{"embeddable":true,"href":"https:\/\/azurefilm.com\/hu\/wp-json\/wp\/v2\/media\/58039"}],"wp:attachment":[{"href":"https:\/\/azurefilm.com\/hu\/wp-json\/wp\/v2\/media?parent=58038"}],"wp:term":[{"taxonomy":"product_brand","embeddable":true,"href":"https:\/\/azurefilm.com\/hu\/wp-json\/wp\/v2\/product_brand?post=58038"},{"taxonomy":"product_cat","embeddable":true,"href":"https:\/\/azurefilm.com\/hu\/wp-json\/wp\/v2\/product_cat?post=58038"},{"taxonomy":"product_tag","embeddable":true,"href":"https:\/\/azurefilm.com\/hu\/wp-json\/wp\/v2\/product_tag?post=58038"},{"taxonomy":"brand","embeddable":true,"href":"https:\/\/azurefilm.com\/hu\/wp-json\/wp\/v2\/brand?post=58038"}],"curies":[{"name":"wp","href":"https:\/\/api.w.org\/{rel}","templated":true}]}}