
{"id":58058,"date":"2023-10-29T14:21:51","date_gmt":"2023-10-29T14:21:51","guid":{"rendered":"https:\/\/azurefilm.com\/product\/modulszintu-trigger-12v-30a\/"},"modified":"2023-10-29T14:21:51","modified_gmt":"2023-10-29T14:21:51","slug":"modulszintu-trigger-12v-30a","status":"publish","type":"product","link":"https:\/\/azurefilm.com\/hu\/termek\/modulszintu-trigger-12v-30a\/","title":{"rendered":"Modulszint\u0171 trigger 12V 30A"},"content":{"rendered":"<ul>\n<li>A modul kiv\u00e1l\u00f3 min\u0151s\u00e9g\u0171 rel\u00e9t \u00e9s norm\u00e1l esetben nyitott interf\u00e9szt haszn\u00e1l, \u00e9s a maxim\u00e1lis terhel\u00e9s AC 250V\/10A, DC 30V\/10A.<\/li>\n<li>A 12V-os rel\u00e9 vez\u00e9rl\u0151modul hibat\u0171r\u0151 kialak\u00edt\u00e1ssal rendelkezik, ami azt jelenti, hogy m\u00e9g akkor sem m\u0171k\u00f6dik a rel\u00e9, ha a vez\u00e9rl\u0151vonal megszakad.<\/li>\n<li>Az SMD optocsatlakoz\u00f3 szigetel\u00e9s \u00e9s az er\u0151s meghajt\u00f3 k\u00e9pess\u00e9g miatt a rel\u00e9 modul stabil teljes\u00edtm\u00e9nyt ny\u00fajt.<\/li>\n<li>Az \u00f6sszes interf\u00e9sz k\u00f6zvetlen\u00fcl csatlakoztathat\u00f3 a j\u00f3 kompatibilit\u00e1st biztos\u00edt\u00f3 csatlakoz\u00f3blokkon kereszt\u00fcl.<\/li>\n<li>A rel\u00e9 modulban h\u00e1rom fesz\u00fclts\u00e9get lehet v\u00e1lasztani, k\u00fcl\u00f6n-k\u00fcl\u00f6n 5V 12V 24V.<\/li>\n<\/ul>\n<p>&nbsp;<\/p>\n","protected":false},"excerpt":{"rendered":"<p>A modul kiv\u00e1l\u00f3 min\u0151s\u00e9g\u0171 rel\u00e9t \u00e9s norm\u00e1l esetben nyitott interf\u00e9szt haszn\u00e1l, \u00e9s a maxim\u00e1lis terhel\u00e9s AC 250V\/10A, DC 30V\/10A.<\/p>\n","protected":false},"featured_media":58059,"comment_status":"closed","ping_status":"closed","template":"","meta":{"_acf_changed":false},"product_brand":[],"product_cat":[2221,1679,2291,2224],"product_tag":[],"brand":[],"class_list":{"0":"post-58058","1":"product","2":"type-product","3":"status-publish","4":"has-post-thumbnail","6":"product_cat-potalkatreszek","7":"product_cat-elado","8":"product_cat-elektronika-hu","9":"product_cat-minden-potalkatresz","11":"first","12":"instock","13":"sale","14":"taxable","15":"shipping-taxable","16":"purchasable","17":"product-type-simple"},"acf":[],"_links":{"self":[{"href":"https:\/\/azurefilm.com\/hu\/wp-json\/wp\/v2\/product\/58058","targetHints":{"allow":["GET"]}}],"collection":[{"href":"https:\/\/azurefilm.com\/hu\/wp-json\/wp\/v2\/product"}],"about":[{"href":"https:\/\/azurefilm.com\/hu\/wp-json\/wp\/v2\/types\/product"}],"replies":[{"embeddable":true,"href":"https:\/\/azurefilm.com\/hu\/wp-json\/wp\/v2\/comments?post=58058"}],"wp:featuredmedia":[{"embeddable":true,"href":"https:\/\/azurefilm.com\/hu\/wp-json\/wp\/v2\/media\/58059"}],"wp:attachment":[{"href":"https:\/\/azurefilm.com\/hu\/wp-json\/wp\/v2\/media?parent=58058"}],"wp:term":[{"taxonomy":"product_brand","embeddable":true,"href":"https:\/\/azurefilm.com\/hu\/wp-json\/wp\/v2\/product_brand?post=58058"},{"taxonomy":"product_cat","embeddable":true,"href":"https:\/\/azurefilm.com\/hu\/wp-json\/wp\/v2\/product_cat?post=58058"},{"taxonomy":"product_tag","embeddable":true,"href":"https:\/\/azurefilm.com\/hu\/wp-json\/wp\/v2\/product_tag?post=58058"},{"taxonomy":"brand","embeddable":true,"href":"https:\/\/azurefilm.com\/hu\/wp-json\/wp\/v2\/brand?post=58058"}],"curies":[{"name":"wp","href":"https:\/\/api.w.org\/{rel}","templated":true}]}}