
{"id":58070,"date":"2023-10-29T14:21:51","date_gmt":"2023-10-29T14:21:51","guid":{"rendered":"https:\/\/azurefilm.com\/product\/szalerzekelo-erzekelo\/"},"modified":"2023-10-29T14:21:51","modified_gmt":"2023-10-29T14:21:51","slug":"szalerzekelo-erzekelo","status":"publish","type":"product","link":"https:\/\/azurefilm.com\/hu\/termek\/szalerzekelo-erzekelo\/","title":{"rendered":"Sz\u00e1l\u00e9rz\u00e9kel\u0151 \u00e9rz\u00e9kel\u0151"},"content":{"rendered":"<h2><strong>F\u0151bb jellemz\u0151k:<\/strong><\/h2>\n<ul>\n<li>J\u00f3 szerkezet, egyszer\u0171en telep\u00edthet\u0151, gyors \u00e9s k\u00e9nyelmes,<\/li>\n<li>Kiv\u00e1l\u00f3 min\u0151s\u00e9g\u0171 m\u0171anyagb\u00f3l k\u00e9sz\u00fclt,<\/li>\n<li>Tart\u00f3s \u00e9s hossz\u00fa \u00e9lettartam\u00fa,<\/li>\n<li>Az \u00e9rz\u00e9kel\u0151 3D nyomtat\u00f3khoz haszn\u00e1lhat\u00f3,<\/li>\n<li>Nagyszer\u0171 tartoz\u00e9kok a 3D nyomtat\u00f3hoz,<\/li>\n<li>Sz\u00edn: Fekete,<\/li>\n<li>Anyag: Anyag: m\u0171anyag,<\/li>\n<li>K\u00e1bel hossza: k\u00f6r\u00fclbel\u00fcl 1 m\u00e9ter.<\/li>\n<\/ul>\n","protected":false},"excerpt":{"rendered":"<p>J\u00f3 szerkezet\u0171, egyszer\u0171en telep\u00edthet\u0151, gyors \u00e9s k\u00e9nyelmes <strong>sz\u00e1l\u00e9rz\u00e9kel\u0151 \u00e9rz\u00e9kel\u0151<\/strong>.<\/p>\n","protected":false},"featured_media":58071,"comment_status":"closed","ping_status":"closed","template":"","meta":{"_acf_changed":false},"product_brand":[],"product_cat":[2238,1679,2224,2221],"product_tag":[],"brand":[],"class_list":{"0":"post-58070","1":"product","2":"type-product","3":"status-publish","4":"has-post-thumbnail","6":"product_cat-egyeb-tetelek","7":"product_cat-elado","8":"product_cat-minden-potalkatresz","9":"product_cat-potalkatreszek","11":"first","12":"instock","13":"sale","14":"taxable","15":"shipping-taxable","16":"purchasable","17":"product-type-simple"},"acf":[],"_links":{"self":[{"href":"https:\/\/azurefilm.com\/hu\/wp-json\/wp\/v2\/product\/58070","targetHints":{"allow":["GET"]}}],"collection":[{"href":"https:\/\/azurefilm.com\/hu\/wp-json\/wp\/v2\/product"}],"about":[{"href":"https:\/\/azurefilm.com\/hu\/wp-json\/wp\/v2\/types\/product"}],"replies":[{"embeddable":true,"href":"https:\/\/azurefilm.com\/hu\/wp-json\/wp\/v2\/comments?post=58070"}],"wp:featuredmedia":[{"embeddable":true,"href":"https:\/\/azurefilm.com\/hu\/wp-json\/wp\/v2\/media\/58071"}],"wp:attachment":[{"href":"https:\/\/azurefilm.com\/hu\/wp-json\/wp\/v2\/media?parent=58070"}],"wp:term":[{"taxonomy":"product_brand","embeddable":true,"href":"https:\/\/azurefilm.com\/hu\/wp-json\/wp\/v2\/product_brand?post=58070"},{"taxonomy":"product_cat","embeddable":true,"href":"https:\/\/azurefilm.com\/hu\/wp-json\/wp\/v2\/product_cat?post=58070"},{"taxonomy":"product_tag","embeddable":true,"href":"https:\/\/azurefilm.com\/hu\/wp-json\/wp\/v2\/product_tag?post=58070"},{"taxonomy":"brand","embeddable":true,"href":"https:\/\/azurefilm.com\/hu\/wp-json\/wp\/v2\/brand?post=58070"}],"curies":[{"name":"wp","href":"https:\/\/api.w.org\/{rel}","templated":true}]}}