
{"id":58075,"date":"2023-10-29T14:21:51","date_gmt":"2023-10-29T14:21:51","guid":{"rendered":"https:\/\/azurefilm.com\/product\/tapkapcsolo-10a\/"},"modified":"2023-10-29T14:21:51","modified_gmt":"2023-10-29T14:21:51","slug":"tapkapcsolo-10a","status":"publish","type":"product","link":"https:\/\/azurefilm.com\/hu\/termek\/tapkapcsolo-10a\/","title":{"rendered":"T\u00e1pkapcsol\u00f3 10A"},"content":{"rendered":"<h2><strong>F\u0151bb jellemz\u0151k:<\/strong><\/h2>\n<p>T\u00e1pkapcsol\u00f3 10A<\/p>\n<ul>\n<li>250V<\/li>\n<li>Dug\u00f3t\u00edpus: C14<\/li>\n<li>Anyag (k\u00fcls\u0151): F\u00e9m<\/li>\n<li>Teljes m\u00e9ret: 5.8&#215;4.8&#215;3.4cm<\/li>\n<li>  Sz\u00edn: fekete<\/li>\n<\/ul>\n","protected":false},"excerpt":{"rendered":"<p><strong>10A<\/strong> 250 V-os <strong>h\u00e1l\u00f3zati kapcsol\u00f3<\/strong> fekete sz\u00ednben.<\/p>\n","protected":false},"featured_media":58077,"comment_status":"closed","ping_status":"closed","template":"","meta":{"_acf_changed":false},"product_brand":[],"product_cat":[2238,1679,2224,2221],"product_tag":[],"brand":[],"class_list":{"0":"post-58075","1":"product","2":"type-product","3":"status-publish","4":"has-post-thumbnail","6":"product_cat-egyeb-tetelek","7":"product_cat-elado","8":"product_cat-minden-potalkatresz","9":"product_cat-potalkatreszek","11":"first","12":"instock","13":"sale","14":"taxable","15":"shipping-taxable","16":"purchasable","17":"product-type-simple"},"acf":[],"_links":{"self":[{"href":"https:\/\/azurefilm.com\/hu\/wp-json\/wp\/v2\/product\/58075","targetHints":{"allow":["GET"]}}],"collection":[{"href":"https:\/\/azurefilm.com\/hu\/wp-json\/wp\/v2\/product"}],"about":[{"href":"https:\/\/azurefilm.com\/hu\/wp-json\/wp\/v2\/types\/product"}],"replies":[{"embeddable":true,"href":"https:\/\/azurefilm.com\/hu\/wp-json\/wp\/v2\/comments?post=58075"}],"wp:featuredmedia":[{"embeddable":true,"href":"https:\/\/azurefilm.com\/hu\/wp-json\/wp\/v2\/media\/58077"}],"wp:attachment":[{"href":"https:\/\/azurefilm.com\/hu\/wp-json\/wp\/v2\/media?parent=58075"}],"wp:term":[{"taxonomy":"product_brand","embeddable":true,"href":"https:\/\/azurefilm.com\/hu\/wp-json\/wp\/v2\/product_brand?post=58075"},{"taxonomy":"product_cat","embeddable":true,"href":"https:\/\/azurefilm.com\/hu\/wp-json\/wp\/v2\/product_cat?post=58075"},{"taxonomy":"product_tag","embeddable":true,"href":"https:\/\/azurefilm.com\/hu\/wp-json\/wp\/v2\/product_tag?post=58075"},{"taxonomy":"brand","embeddable":true,"href":"https:\/\/azurefilm.com\/hu\/wp-json\/wp\/v2\/brand?post=58075"}],"curies":[{"name":"wp","href":"https:\/\/api.w.org\/{rel}","templated":true}]}}