
{"id":58076,"date":"2023-10-29T14:22:30","date_gmt":"2023-10-29T14:22:30","guid":{"rendered":"https:\/\/azurefilm.com\/product\/futes-40w-12-24v\/"},"modified":"2023-10-29T14:22:30","modified_gmt":"2023-10-29T14:22:30","slug":"futes-40w-12-24v","status":"publish","type":"product","link":"https:\/\/azurefilm.com\/hu\/termek\/futes-40w-12-24v\/","title":{"rendered":"F\u0171t\u00e9s 40W 12\/24V"},"content":{"rendered":"<h2><b>F\u0151bb jellemz\u0151k:<\/b><\/h2>\n<ul>\n<li>A patronos f\u0171t\u0151testek hengeres rozsdamentes ac\u00e9lcs\u0151b\u0151l \u00e1llnak, \u00e9s \u00edgy korr\u00f3zi\u00f3v\u00e9delemmel rendelkeznek.<\/li>\n<li>A f\u0171t\u0151sz\u00e1l, amely bel\u00fcl ker\u00e1mia magra van tekerve.<\/li>\n<li>A tekercsek sz\u00e1ma a teljes\u00edtm\u00e9nyt\u0151l f\u00fcgg\u0151en v\u00e1ltozik, \u00e9s nagyszer\u0171 egyenletes h\u0151eloszl\u00e1st biztos\u00edt, ami jelent\u0151sen n\u00f6veli a f\u0171t\u0151test hossz\u00fa \u00e9lettartam\u00e1t, valamint megakad\u00e1lyozza a f\u0171t\u0151sz\u00e1l oxid\u00e1ci\u00f3j\u00e1t m\u00e9g magas h\u0151m\u00e9rs\u00e9kleten is.<\/li>\n<li>Fesz\u00fclts\u00e9g: 12V, 24V<\/li>\n<li>Teljes\u00edtm\u00e9ny: 40w<\/li>\n<li>Anyag: Ac\u00e9l: Rozsdamentes ac\u00e9l<\/li>\n<li>Huzal hossza: 1m<\/li>\n<li>\u00c1tm\u00e9r\u0151: 6mm; Hossz: 20mm<\/li>\n<\/ul>\n","protected":false},"excerpt":{"rendered":"<p><strong>A 40W f\u0171t\u0151test<\/strong> hengeres rozsdamentes ac\u00e9lcs\u0151b\u0151l \u00e1ll, \u00e9s \u00edgy korr\u00f3zi\u00f3v\u00e9delmet biztos\u00edt.<\/p>\n","protected":false},"featured_media":58078,"comment_status":"closed","ping_status":"closed","template":"","meta":{"_acf_changed":false},"product_brand":[],"product_cat":[1679,2232,2222,2224,2221],"product_tag":[],"brand":[],"class_list":{"0":"post-58076","1":"product","2":"type-product","3":"status-publish","4":"has-post-thumbnail","6":"product_cat-elado","7":"product_cat-extruder-alkatreszek","8":"product_cat-extruders-hu","9":"product_cat-minden-potalkatresz","10":"product_cat-potalkatreszek","11":"pa_compatible-with-creality-fdm-3d-printers","12":"pa_fits-printer-creality-cr-10-smart","13":"pa_fits-printer-creality-cr-30-printmill","14":"pa_fits-printer-creality-cr-5-pro-h","15":"pa_fits-printer-creality-cr-6-max","16":"pa_fits-printer-creality-cr-6-se","17":"pa_fits-printer-creality-cr-m4","18":"pa_fits-printer-creality-ender-3","19":"pa_fits-printer-creality-ender-3-v2-neo","21":"first","22":"instock","23":"sale","24":"taxable","25":"shipping-taxable","26":"purchasable","27":"product-type-variable"},"acf":[],"_links":{"self":[{"href":"https:\/\/azurefilm.com\/hu\/wp-json\/wp\/v2\/product\/58076","targetHints":{"allow":["GET"]}}],"collection":[{"href":"https:\/\/azurefilm.com\/hu\/wp-json\/wp\/v2\/product"}],"about":[{"href":"https:\/\/azurefilm.com\/hu\/wp-json\/wp\/v2\/types\/product"}],"replies":[{"embeddable":true,"href":"https:\/\/azurefilm.com\/hu\/wp-json\/wp\/v2\/comments?post=58076"}],"wp:featuredmedia":[{"embeddable":true,"href":"https:\/\/azurefilm.com\/hu\/wp-json\/wp\/v2\/media\/58078"}],"wp:attachment":[{"href":"https:\/\/azurefilm.com\/hu\/wp-json\/wp\/v2\/media?parent=58076"}],"wp:term":[{"taxonomy":"product_brand","embeddable":true,"href":"https:\/\/azurefilm.com\/hu\/wp-json\/wp\/v2\/product_brand?post=58076"},{"taxonomy":"product_cat","embeddable":true,"href":"https:\/\/azurefilm.com\/hu\/wp-json\/wp\/v2\/product_cat?post=58076"},{"taxonomy":"product_tag","embeddable":true,"href":"https:\/\/azurefilm.com\/hu\/wp-json\/wp\/v2\/product_tag?post=58076"},{"taxonomy":"brand","embeddable":true,"href":"https:\/\/azurefilm.com\/hu\/wp-json\/wp\/v2\/brand?post=58076"}],"curies":[{"name":"wp","href":"https:\/\/api.w.org\/{rel}","templated":true}]}}