
{"id":58092,"date":"2023-10-29T14:22:30","date_gmt":"2023-10-29T14:22:30","guid":{"rendered":"https:\/\/azurefilm.com\/product\/motorvezerlo-drv8825\/"},"modified":"2023-10-29T14:22:30","modified_gmt":"2023-10-29T14:22:30","slug":"motorvezerlo-drv8825","status":"publish","type":"product","link":"https:\/\/azurefilm.com\/hu\/termek\/motorvezerlo-drv8825\/","title":{"rendered":"Motorvez\u00e9rl\u0151 DRV8825"},"content":{"rendered":"<h2><strong>F\u0151bb jellemz\u0151k:<\/strong><\/h2>\n<ul>\n<li>4 r\u00e9teg\u0171, jobb h\u0151elvezet\u00e9s, egyszer\u0171 l\u00e9p\u00e9s- \u00e9s ir\u00e1nyvez\u00e9rl\u0151 interf\u00e9sz.<\/li>\n<li>Hat k\u00fcl\u00f6nb\u00f6z\u0151 l\u00e9p\u00e9sfelbont\u00e1s: teljes l\u00e9p\u00e9s, f\u00e9l l\u00e9p\u00e9s, 1\/4 l\u00e9p\u00e9s, 1\/8 l\u00e9p\u00e9s, 1\/16 l\u00e9p\u00e9s \u00e9s 1\/32 l\u00e9p\u00e9s.<\/li>\n<li>Az \u00e1ll\u00edthat\u00f3 \u00e1ramszab\u00e1lyoz\u00e1s lehet\u0151v\u00e9 teszi a maxim\u00e1lis kimeneti \u00e1ram be\u00e1ll\u00edt\u00e1s\u00e1t egy potenciom\u00e9terrel, amely lehet\u0151v\u00e9 teszi, hogy a l\u00e9ptet\u0151motor n\u00e9vleges fesz\u00fclts\u00e9g\u00e9n\u00e9l magasabb fesz\u00fclts\u00e9get haszn\u00e1ljon a magasabb \u00e9rt\u00e9kek el\u00e9r\u00e9s\u00e9hez.<\/li>\n<li>45 V maxim\u00e1lis t\u00e1pfesz\u00fclts\u00e9g.<\/li>\n<li>Be\u00e9p\u00edtett szab\u00e1lyoz\u00f3.<\/li>\n<li>K\u00f6zvetlen\u00fcl csatlakoztathat\u00f3 3,3 V-os \u00e9s 5 V-os rendszerekhez.<\/li>\n<li>T\u00falmeleged\u00e9s termikus le\u00e1ll\u00edt\u00e1sa, t\u00fal\u00e1ram le\u00e1ll\u00edt\u00e1sa \u00e9s fesz\u00fclts\u00e9g alatti lez\u00e1r\u00e1s.<\/li>\n<\/ul>\n","protected":false},"excerpt":{"rendered":"<p>A 3D nyomtat\u00e1sban sz\u00e9les k\u00f6rben haszn\u00e1lt <strong>DRV8825 motorvez\u00e9rl\u0151<\/strong> lap a legjobb tulajdons\u00e1gokkal rendelkezik.<\/p>\n","protected":false},"featured_media":58098,"comment_status":"closed","ping_status":"closed","template":"","meta":{"_acf_changed":false},"product_brand":[],"product_cat":[1679,2224,2255,2350,2221],"product_tag":[],"brand":[],"class_list":{"0":"post-58092","1":"product","2":"type-product","3":"status-publish","4":"has-post-thumbnail","6":"product_cat-elado","7":"product_cat-minden-potalkatresz","8":"product_cat-motorok-es-meghajtok","9":"product_cat-motoros-meghajtok","10":"product_cat-potalkatreszek","12":"first","13":"instock","14":"sale","15":"taxable","16":"shipping-taxable","17":"purchasable","18":"product-type-simple"},"acf":[],"_links":{"self":[{"href":"https:\/\/azurefilm.com\/hu\/wp-json\/wp\/v2\/product\/58092","targetHints":{"allow":["GET"]}}],"collection":[{"href":"https:\/\/azurefilm.com\/hu\/wp-json\/wp\/v2\/product"}],"about":[{"href":"https:\/\/azurefilm.com\/hu\/wp-json\/wp\/v2\/types\/product"}],"replies":[{"embeddable":true,"href":"https:\/\/azurefilm.com\/hu\/wp-json\/wp\/v2\/comments?post=58092"}],"wp:featuredmedia":[{"embeddable":true,"href":"https:\/\/azurefilm.com\/hu\/wp-json\/wp\/v2\/media\/58098"}],"wp:attachment":[{"href":"https:\/\/azurefilm.com\/hu\/wp-json\/wp\/v2\/media?parent=58092"}],"wp:term":[{"taxonomy":"product_brand","embeddable":true,"href":"https:\/\/azurefilm.com\/hu\/wp-json\/wp\/v2\/product_brand?post=58092"},{"taxonomy":"product_cat","embeddable":true,"href":"https:\/\/azurefilm.com\/hu\/wp-json\/wp\/v2\/product_cat?post=58092"},{"taxonomy":"product_tag","embeddable":true,"href":"https:\/\/azurefilm.com\/hu\/wp-json\/wp\/v2\/product_tag?post=58092"},{"taxonomy":"brand","embeddable":true,"href":"https:\/\/azurefilm.com\/hu\/wp-json\/wp\/v2\/brand?post=58092"}],"curies":[{"name":"wp","href":"https:\/\/api.w.org\/{rel}","templated":true}]}}