
{"id":58125,"date":"2023-10-29T14:22:30","date_gmt":"2023-10-29T14:22:30","guid":{"rendered":"https:\/\/azurefilm.com\/product\/linearis-csapagyak\/"},"modified":"2023-10-29T14:22:30","modified_gmt":"2023-10-29T14:22:30","slug":"linearis-csapagyak","status":"publish","type":"product","link":"https:\/\/azurefilm.com\/hu\/termek\/linearis-csapagyak\/","title":{"rendered":"Line\u00e1ris csap\u00e1gyak"},"content":{"rendered":"<h2><strong>M\u00e9retek:<\/strong><\/h2>\n<ul>\n<li>K\u00fcls\u0151 15mm, bels\u0151 8mm, hossza 24mm<\/li>\n<li>K\u00fcls\u0151 15 mm, bels\u0151 8 mm, hossza 45 mm<\/li>\n<li>K\u00fcls\u0151 19 mm, bels\u0151 10 mm, hossza 55 mm<\/li>\n<li>K\u00fcls\u0151 21 mm, bels\u0151 12 mm, hossza 57 mm<\/li>\n<\/ul>\n<h2><strong>F\u0151bb jellemz\u0151k:<\/strong><\/h2>\n<ul>\n<li>A line\u00e1ris csap\u00e1gyak hossz\u00fa \u00e9lettartam\u00fanak bizonyultak.<\/li>\n<li>Pontos, alacsony s\u00farl\u00f3d\u00e1s\u00fa line\u00e1ris mozg\u00e1st biztos\u00edtanak.<\/li>\n<li>A line\u00e1ris mozg\u00e1sterm\u00e9kek tervez\u00e9s\u00e9hez haszn\u00e1lt line\u00e1ris csap\u00e1gyaz\u00e1ssal egy\u00fcttm\u0171k\u00f6dve kiv\u00e1l\u00f3 sportteljes\u00edtm\u00e9nyt biztos\u00edt nagy terhel\u00e9s vagy hossz\u00fa l\u00f6ket alkalm\u00e1val.<\/li>\n<li>Sima mozg\u00e1s, alacsony s\u00farl\u00f3d\u00e1s, nagy merevs\u00e9g \u00e9s hossz\u00fa \u00e9lettartam.<\/li>\n<\/ul>\n","protected":false},"excerpt":{"rendered":"<p><strong>A line\u00e1ris csap\u00e1gyak<\/strong> hossz\u00fa \u00e9lettartam\u00fanak bizonyultak, \u00e9s pontos, alacsony s\u00farl\u00f3d\u00e1s\u00fa line\u00e1ris mozg\u00e1st biztos\u00edtanak.<\/p>\n","protected":false},"featured_media":58126,"comment_status":"closed","ping_status":"closed","template":"","meta":{"_acf_changed":false},"product_brand":[],"product_cat":[2257,1679,2224,2221],"product_tag":[],"brand":[],"class_list":{"0":"post-58125","1":"product","2":"type-product","3":"status-publish","4":"has-post-thumbnail","6":"product_cat-csapagyak-es-vezetok","7":"product_cat-elado","8":"product_cat-minden-potalkatresz","9":"product_cat-potalkatreszek","11":"first","12":"instock","13":"sale","14":"taxable","15":"shipping-taxable","16":"purchasable","17":"product-type-variable"},"acf":[],"_links":{"self":[{"href":"https:\/\/azurefilm.com\/hu\/wp-json\/wp\/v2\/product\/58125","targetHints":{"allow":["GET"]}}],"collection":[{"href":"https:\/\/azurefilm.com\/hu\/wp-json\/wp\/v2\/product"}],"about":[{"href":"https:\/\/azurefilm.com\/hu\/wp-json\/wp\/v2\/types\/product"}],"replies":[{"embeddable":true,"href":"https:\/\/azurefilm.com\/hu\/wp-json\/wp\/v2\/comments?post=58125"}],"wp:featuredmedia":[{"embeddable":true,"href":"https:\/\/azurefilm.com\/hu\/wp-json\/wp\/v2\/media\/58126"}],"wp:attachment":[{"href":"https:\/\/azurefilm.com\/hu\/wp-json\/wp\/v2\/media?parent=58125"}],"wp:term":[{"taxonomy":"product_brand","embeddable":true,"href":"https:\/\/azurefilm.com\/hu\/wp-json\/wp\/v2\/product_brand?post=58125"},{"taxonomy":"product_cat","embeddable":true,"href":"https:\/\/azurefilm.com\/hu\/wp-json\/wp\/v2\/product_cat?post=58125"},{"taxonomy":"product_tag","embeddable":true,"href":"https:\/\/azurefilm.com\/hu\/wp-json\/wp\/v2\/product_tag?post=58125"},{"taxonomy":"brand","embeddable":true,"href":"https:\/\/azurefilm.com\/hu\/wp-json\/wp\/v2\/brand?post=58125"}],"curies":[{"name":"wp","href":"https:\/\/api.w.org\/{rel}","templated":true}]}}