
{"id":58132,"date":"2023-10-29T14:22:30","date_gmt":"2023-10-29T14:22:30","guid":{"rendered":"https:\/\/azurefilm.com\/product\/futes-50w-ntc-100k\/"},"modified":"2023-10-29T14:22:30","modified_gmt":"2023-10-29T14:22:30","slug":"futes-50w-ntc-100k","status":"publish","type":"product","link":"https:\/\/azurefilm.com\/hu\/termek\/futes-50w-ntc-100k\/","title":{"rendered":"F\u0171t\u00e9s 50W + NTC 100K"},"content":{"rendered":"<h2><b>F\u0151bb jellemz\u0151k:<\/b><\/h2>\n<ul>\n<li>Fesz\u00fclts\u00e9g: 12V<\/li>\n<li>Teljes\u00edtm\u00e9ny: 50W<\/li>\n<li>F\u0171t\u0151fej m\u00e9rete: 6x20mm<\/li>\n<li>Teljes hossz: 1 m\u00e9ter<\/li>\n<li>F\u0171t\u0151fej anyaga: rozsdamentes ac\u00e9l 304<\/li>\n<li>F\u0171t\u00e9si h\u0151m\u00e9rs\u00e9klet: 350 fokig<\/li>\n<li>Creality 3D nyomtat\u00f3khoz val\u00f3 illeszked\u00e9s<\/li>\n<\/ul>\n","protected":false},"excerpt":{"rendered":"<p>A <strong>f\u0171t\u0151test 50W+NTC 100K<\/strong> rozsdamentes ac\u00e9lb\u00f3l k\u00e9sz\u00fclt, tart\u00f3s \u00e9s hossz\u00fa \u00e9lettartam\u00fa.<\/p>\n","protected":false},"featured_media":58134,"comment_status":"closed","ping_status":"closed","template":"","meta":{"_acf_changed":false},"product_brand":[],"product_cat":[2238,1679,2224,2221],"product_tag":[],"brand":[],"class_list":{"0":"post-58132","1":"product","2":"type-product","3":"status-publish","4":"has-post-thumbnail","6":"product_cat-egyeb-tetelek","7":"product_cat-elado","8":"product_cat-minden-potalkatresz","9":"product_cat-potalkatreszek","11":"first","12":"instock","13":"sale","14":"taxable","15":"shipping-taxable","16":"purchasable","17":"product-type-simple"},"acf":[],"_links":{"self":[{"href":"https:\/\/azurefilm.com\/hu\/wp-json\/wp\/v2\/product\/58132","targetHints":{"allow":["GET"]}}],"collection":[{"href":"https:\/\/azurefilm.com\/hu\/wp-json\/wp\/v2\/product"}],"about":[{"href":"https:\/\/azurefilm.com\/hu\/wp-json\/wp\/v2\/types\/product"}],"replies":[{"embeddable":true,"href":"https:\/\/azurefilm.com\/hu\/wp-json\/wp\/v2\/comments?post=58132"}],"wp:featuredmedia":[{"embeddable":true,"href":"https:\/\/azurefilm.com\/hu\/wp-json\/wp\/v2\/media\/58134"}],"wp:attachment":[{"href":"https:\/\/azurefilm.com\/hu\/wp-json\/wp\/v2\/media?parent=58132"}],"wp:term":[{"taxonomy":"product_brand","embeddable":true,"href":"https:\/\/azurefilm.com\/hu\/wp-json\/wp\/v2\/product_brand?post=58132"},{"taxonomy":"product_cat","embeddable":true,"href":"https:\/\/azurefilm.com\/hu\/wp-json\/wp\/v2\/product_cat?post=58132"},{"taxonomy":"product_tag","embeddable":true,"href":"https:\/\/azurefilm.com\/hu\/wp-json\/wp\/v2\/product_tag?post=58132"},{"taxonomy":"brand","embeddable":true,"href":"https:\/\/azurefilm.com\/hu\/wp-json\/wp\/v2\/brand?post=58132"}],"curies":[{"name":"wp","href":"https:\/\/api.w.org\/{rel}","templated":true}]}}