
{"id":58133,"date":"2023-10-29T14:22:30","date_gmt":"2023-10-29T14:22:30","guid":{"rendered":"https:\/\/azurefilm.com\/product\/pc4-m5-pneumatikus-csatlakozo\/"},"modified":"2023-10-29T14:22:30","modified_gmt":"2023-10-29T14:22:30","slug":"pc4-m5-pneumatikus-csatlakozo","status":"publish","type":"product","link":"https:\/\/azurefilm.com\/hu\/termek\/pc4-m5-pneumatikus-csatlakozo\/","title":{"rendered":"PC4-M5 Pneumatikus csatlakoz\u00f3"},"content":{"rendered":"<h4><span style=\"vertical-align: inherit;\">Bowden csatlakoz\u00f3 PC4-M5<\/span><\/h4>\n<h3><strong><span style=\"vertical-align: inherit;\">F\u0151bb jellemz\u0151k:<\/span><\/strong><\/h3>\n<ul>\n<li><span style=\"vertical-align: inherit;\">PC4-M5 pneumatikus csatlakoz\u00f3 <\/span><span style=\"vertical-align: inherit;\">Bowden extruderhez (M5 menetes csatlakoz\u00e1s &#8211; PTFE)<\/span><\/li>\n<li><span style=\"vertical-align: inherit;\">A 3D nyomtat\u00e1sban a bowdencs\u0151nek az extruderhez \u00e9s a forraszt\u00f3egys\u00e9ghez val\u00f3 csatlakoztat\u00e1s\u00e1ra szolg\u00e1l.<\/span><\/li>\n<li><span style=\"vertical-align: inherit;\">K\u00f6nny\u0171 telep\u00edt\u00e9s: Csatlakoztassa a cs\u0151 behelyez\u00e9s\u00e9vel, \u00e9s automatikusan szorosan z\u00e1r\u00f3dik. K\u00f6nnyen levehet\u0151 a cs\u0151 a m\u0171anyag kupak egy nyom\u00e1s\u00e1val <\/span><\/li>\n<li><span style=\"vertical-align: inherit;\">Kompatibilit\u00e1s: kompatibilis minden 1,75 mm-es PLA, ABS 3D nyomtat\u00f3val<\/span><\/li>\n<li><span style=\"vertical-align: inherit;\">Szabadon t\u00e1mogatja a 360 fokos forg\u00e1st<\/span><\/li>\n<li><span style=\"vertical-align: inherit;\">Az anyag vegyszer\u00e1ll\u00f3, nem gy\u00fal\u00e9kony \u00e9s h\u0151\u00e1ll\u00f3.<\/span><\/li>\n<li><span style=\"vertical-align: inherit;\">Bowden csatlakoz\u00f3 PC4-M5 Tefloncs\u0151 fi 4 mm nem halad \u00e1t<\/span><\/li>\n<li><span style=\"vertical-align: inherit;\">Anyag: r\u00e9z \u00e9s m\u0171anyag<\/span><\/li>\n<li><span style=\"vertical-align: inherit;\">Sz\u00edn: arany \u00e9s k\u00e9k<\/span><\/li>\n<li><span style=\"vertical-align: inherit;\">Sz\u00e1l: M5<\/span><\/li>\n<\/ul>\n","protected":false},"excerpt":{"rendered":"<p>A PC4-M5 pneumatikus csatlakoz\u00f3t a 3D nyomtat\u00e1sban haszn\u00e1lj\u00e1k a bowdencs\u00f6vek extruderhez \u00e9s a hotendhez val\u00f3 csatlakoztat\u00e1s\u00e1ra.<\/p>\n","protected":false},"featured_media":58135,"comment_status":"closed","ping_status":"closed","template":"","meta":{"_acf_changed":false},"product_brand":[],"product_cat":[2429,1679,2232,2222,2224,2221],"product_tag":[],"brand":[],"class_list":{"0":"post-58133","1":"product","2":"type-product","3":"status-publish","4":"has-post-thumbnail","6":"product_cat-bowden-csovek","7":"product_cat-elado","8":"product_cat-extruder-alkatreszek","9":"product_cat-extruders-hu","10":"product_cat-minden-potalkatresz","11":"product_cat-potalkatreszek","13":"first","14":"outofstock","15":"sale","16":"taxable","17":"shipping-taxable","18":"purchasable","19":"product-type-simple"},"acf":[],"_links":{"self":[{"href":"https:\/\/azurefilm.com\/hu\/wp-json\/wp\/v2\/product\/58133","targetHints":{"allow":["GET"]}}],"collection":[{"href":"https:\/\/azurefilm.com\/hu\/wp-json\/wp\/v2\/product"}],"about":[{"href":"https:\/\/azurefilm.com\/hu\/wp-json\/wp\/v2\/types\/product"}],"replies":[{"embeddable":true,"href":"https:\/\/azurefilm.com\/hu\/wp-json\/wp\/v2\/comments?post=58133"}],"wp:featuredmedia":[{"embeddable":true,"href":"https:\/\/azurefilm.com\/hu\/wp-json\/wp\/v2\/media\/58135"}],"wp:attachment":[{"href":"https:\/\/azurefilm.com\/hu\/wp-json\/wp\/v2\/media?parent=58133"}],"wp:term":[{"taxonomy":"product_brand","embeddable":true,"href":"https:\/\/azurefilm.com\/hu\/wp-json\/wp\/v2\/product_brand?post=58133"},{"taxonomy":"product_cat","embeddable":true,"href":"https:\/\/azurefilm.com\/hu\/wp-json\/wp\/v2\/product_cat?post=58133"},{"taxonomy":"product_tag","embeddable":true,"href":"https:\/\/azurefilm.com\/hu\/wp-json\/wp\/v2\/product_tag?post=58133"},{"taxonomy":"brand","embeddable":true,"href":"https:\/\/azurefilm.com\/hu\/wp-json\/wp\/v2\/brand?post=58133"}],"curies":[{"name":"wp","href":"https:\/\/api.w.org\/{rel}","templated":true}]}}