
{"id":58142,"date":"2023-10-29T14:22:30","date_gmt":"2023-10-29T14:22:30","guid":{"rendered":"https:\/\/azurefilm.com\/product\/block-szilikon-burkolat-e3d-v6\/"},"modified":"2023-10-29T14:22:30","modified_gmt":"2023-10-29T14:22:30","slug":"block-szilikon-burkolat-e3d-v6","status":"publish","type":"product","link":"https:\/\/azurefilm.com\/hu\/termek\/block-szilikon-burkolat-e3d-v6\/","title":{"rendered":"Block szilikon burkolat E3D V6"},"content":{"rendered":"<h2><strong>F\u0151bb jellemz\u0151k:<\/strong><\/h2>\n<ul>\n<li>A Block Silicone Cover E3D V6 szilikon bor\u00edt\u00e1ssal teljesen tiszt\u00e1n tarthatod a blokkodat, m\u00e9g akkor is, ha hossz\u00fa ideig haszn\u00e1lod a blokkodat.<\/li>\n<li>A Block Silicone Cover E3D V6 szilikon bor\u00edt\u00e1s tiszt\u00e1n tartja a f\u00fav\u00f3k\u00e1t, \u00e9s mentes\u00edti a feket\u00e9re \u00e9gett m\u0171anyagt\u00f3l.<\/li>\n<li>Hatalmas el\u0151rel\u00e9p\u00e9st jelentenek a h\u0151m\u00e9rs\u00e9klet-stabilit\u00e1s ter\u00e9n, k\u00fcl\u00f6n\u00f6sen akkor, ha a f\u00fav\u00f3ka k\u00f6r\u00fcl nagy l\u00e9g\u00e1ram\u00fa h\u0171t\u00e9st haszn\u00e1l a nyomtat\u00e1s h\u0171t\u00e9s\u00e9re.<\/li>\n<li>H\u0151\u00e1ll\u00f3, tapad\u00e1smentes szilikon anyagb\u00f3l k\u00e9sz\u00fclt. Ez igaz\u00e1n seg\u00edt az olyan ragacsos anyagokn\u00e1l, mint a Co-poli\u00e9szterek \u00e9s a t\u00f6lt\u00f6tt anyagok, amelyek szeretnek a f\u00fav\u00f3k\u00e1kra rak\u00f3dni. <\/li>\n<li>Magas h\u0151m\u00e9rs\u00e9klet\u0171 ellen\u00e1ll\u00e1s: 280 \u2103.<\/li>\n<li>Hosszabb\u00edtsa meg a f\u0171t\u0151blokk \u00e9s az extruder \u00e9lettartam\u00e1t a tiszt\u00e1n tart\u00e1ssal.<\/li>\n<li>A zokni szigetel\u0151k\u00e9nt is szolg\u00e1l a nyomtat\u00f3fej sz\u00e1m\u00e1ra. Cs\u00f6kkenti a felmeleged\u00e9si id\u0151t, \u00e9s seg\u00edt fenntartani az \u00e1lland\u00f3 h\u0151m\u00e9rs\u00e9kletet nyomtat\u00e1s k\u00f6zben. <\/li>\n<li>E3D V6 exstrudorral rendelkez\u0151 nyomtat\u00f3khoz.<\/li>\n<li>20x16x12mm.<\/li>\n<li>A csomag tartalmazza: 1x f\u0171t\u0151blokk szilikon burkolat.<\/li>\n<\/ul>\n","protected":false},"excerpt":{"rendered":"<p><strong>A blokk szilikon burkolat E3D V6 <\/strong>nagyon fontos r\u00e9sze a 3D nyomtat\u00f3nak, amely biztos\u00edtja, hogy a fej ne melegedjen t\u00fal. E3D V6 exstrudorral rendelkez\u0151 nyomtat\u00f3khoz alkalmas. <\/p>\n","protected":false},"featured_media":58148,"comment_status":"closed","ping_status":"closed","template":"","meta":{"_acf_changed":false},"product_brand":[],"product_cat":[2238,1679,2224,2221],"product_tag":[],"brand":[],"class_list":{"0":"post-58142","1":"product","2":"type-product","3":"status-publish","4":"has-post-thumbnail","6":"product_cat-egyeb-tetelek","7":"product_cat-elado","8":"product_cat-minden-potalkatresz","9":"product_cat-potalkatreszek","11":"first","12":"instock","13":"sale","14":"taxable","15":"shipping-taxable","16":"purchasable","17":"product-type-simple"},"acf":[],"_links":{"self":[{"href":"https:\/\/azurefilm.com\/hu\/wp-json\/wp\/v2\/product\/58142","targetHints":{"allow":["GET"]}}],"collection":[{"href":"https:\/\/azurefilm.com\/hu\/wp-json\/wp\/v2\/product"}],"about":[{"href":"https:\/\/azurefilm.com\/hu\/wp-json\/wp\/v2\/types\/product"}],"replies":[{"embeddable":true,"href":"https:\/\/azurefilm.com\/hu\/wp-json\/wp\/v2\/comments?post=58142"}],"wp:featuredmedia":[{"embeddable":true,"href":"https:\/\/azurefilm.com\/hu\/wp-json\/wp\/v2\/media\/58148"}],"wp:attachment":[{"href":"https:\/\/azurefilm.com\/hu\/wp-json\/wp\/v2\/media?parent=58142"}],"wp:term":[{"taxonomy":"product_brand","embeddable":true,"href":"https:\/\/azurefilm.com\/hu\/wp-json\/wp\/v2\/product_brand?post=58142"},{"taxonomy":"product_cat","embeddable":true,"href":"https:\/\/azurefilm.com\/hu\/wp-json\/wp\/v2\/product_cat?post=58142"},{"taxonomy":"product_tag","embeddable":true,"href":"https:\/\/azurefilm.com\/hu\/wp-json\/wp\/v2\/product_tag?post=58142"},{"taxonomy":"brand","embeddable":true,"href":"https:\/\/azurefilm.com\/hu\/wp-json\/wp\/v2\/brand?post=58142"}],"curies":[{"name":"wp","href":"https:\/\/api.w.org\/{rel}","templated":true}]}}