
{"id":58152,"date":"2023-10-29T14:22:30","date_gmt":"2023-10-29T14:22:30","guid":{"rendered":"https:\/\/azurefilm.com\/product\/extruder-e3d-v5-bowden-tipus\/"},"modified":"2023-10-29T14:22:30","modified_gmt":"2023-10-29T14:22:30","slug":"extruder-e3d-v5-bowden-tipus","status":"publish","type":"product","link":"https:\/\/azurefilm.com\/hu\/termek\/extruder-e3d-v5-bowden-tipus\/","title":{"rendered":"Extruder E3D V5 Bowden t\u00edpus"},"content":{"rendered":"<h2><b>F\u0151bb jellemz\u0151k:<\/b><\/h2>\n<ul>\n<li>Az extruder kiv\u00e1l\u00f3 min\u0151s\u00e9g\u0171 rozsdamentes ac\u00e9lb\u00f3l k\u00e9sz\u00fcl<\/li>\n<li>Magas h\u0151m\u00e9rs\u00e9kleti ellen\u00e1ll\u00e1s \u00e9s robusztus<\/li>\n<li>Kifejezetten 3D nyomtat\u00f3khoz tervezve<\/li>\n<li>Tart\u00f3s \u00e9s hossz\u00fa \u00e9lettartam\u00fa<\/li>\n<li>Takarm\u00e1ny sim\u00e1n, nincs sziv\u00e1rg\u00f3 anyag<\/li>\n<li>Kompatibilis az 1.75mm \/0.3mm V5-\u00f6ssel<\/li>\n<li>Nem eredeti<\/li>\n<\/ul>\n","protected":false},"excerpt":{"rendered":"<p><strong>Extruder E3D V5 Bowden t\u00edpus<\/strong> kiv\u00e1l\u00f3 min\u0151s\u00e9g\u0171 rozsdamentes ac\u00e9lb\u00f3l k\u00e9sz\u00fclt, amely ellen\u00e1ll a magas h\u0151m\u00e9rs\u00e9kletnek.<\/p>\n","protected":false},"featured_media":58154,"comment_status":"closed","ping_status":"closed","template":"","meta":{"_acf_changed":false},"product_brand":[],"product_cat":[1679,2232,2222,2249,2224,2221],"product_tag":[],"brand":[],"class_list":{"0":"post-58152","1":"product","2":"type-product","3":"status-publish","4":"has-post-thumbnail","6":"product_cat-elado","7":"product_cat-extruder-alkatreszek","8":"product_cat-extruders-hu","9":"product_cat-hotends-hu","10":"product_cat-minden-potalkatresz","11":"product_cat-potalkatreszek","13":"first","14":"instock","15":"sale","16":"taxable","17":"shipping-taxable","18":"purchasable","19":"product-type-simple"},"acf":[],"_links":{"self":[{"href":"https:\/\/azurefilm.com\/hu\/wp-json\/wp\/v2\/product\/58152","targetHints":{"allow":["GET"]}}],"collection":[{"href":"https:\/\/azurefilm.com\/hu\/wp-json\/wp\/v2\/product"}],"about":[{"href":"https:\/\/azurefilm.com\/hu\/wp-json\/wp\/v2\/types\/product"}],"replies":[{"embeddable":true,"href":"https:\/\/azurefilm.com\/hu\/wp-json\/wp\/v2\/comments?post=58152"}],"wp:featuredmedia":[{"embeddable":true,"href":"https:\/\/azurefilm.com\/hu\/wp-json\/wp\/v2\/media\/58154"}],"wp:attachment":[{"href":"https:\/\/azurefilm.com\/hu\/wp-json\/wp\/v2\/media?parent=58152"}],"wp:term":[{"taxonomy":"product_brand","embeddable":true,"href":"https:\/\/azurefilm.com\/hu\/wp-json\/wp\/v2\/product_brand?post=58152"},{"taxonomy":"product_cat","embeddable":true,"href":"https:\/\/azurefilm.com\/hu\/wp-json\/wp\/v2\/product_cat?post=58152"},{"taxonomy":"product_tag","embeddable":true,"href":"https:\/\/azurefilm.com\/hu\/wp-json\/wp\/v2\/product_tag?post=58152"},{"taxonomy":"brand","embeddable":true,"href":"https:\/\/azurefilm.com\/hu\/wp-json\/wp\/v2\/brand?post=58152"}],"curies":[{"name":"wp","href":"https:\/\/api.w.org\/{rel}","templated":true}]}}