
{"id":58168,"date":"2023-10-29T14:22:30","date_gmt":"2023-10-29T14:22:30","guid":{"rendered":"https:\/\/azurefilm.com\/product\/extruder-hutoborda-e3d-v5\/"},"modified":"2023-10-29T14:22:30","modified_gmt":"2023-10-29T14:22:30","slug":"extruder-hutoborda-e3d-v5","status":"publish","type":"product","link":"https:\/\/azurefilm.com\/hu\/termek\/extruder-hutoborda-e3d-v5\/","title":{"rendered":"Extruder h\u0171t\u0151borda E3D V5"},"content":{"rendered":"<h2><strong>F\u0151bb jellemz\u0151k:<\/strong><\/h2>\n<ul>\n<li>1,75 mm-es extruder h\u0171t\u0151borda<\/li>\n<li>FI 25 x 50mm<\/li>\n<li>Ezeket a rozsdamentes ac\u00e9l h\u0171t\u0151bord\u00e1kat kifejezetten 3D nyomtat\u00f3khoz tervezt\u00e9k.<\/li>\n<li>V\u00e1g\u00e1s \u00e9s h\u0151\u00e1ll\u00f3s\u00e1g kialak\u00edt\u00e1sa<\/li>\n<li>Az etet\u0151cs\u0151 sima, sziv\u00e1rg\u00e1s n\u00e9lk\u00fcl<\/li>\n<li>Rozsdamentes ac\u00e9l anyag, tart\u00f3s \u00e9s hossz\u00fa \u00e9lettartam\u00fa<\/li>\n<li>Csatlakoz\u00e1s n\u00e9lk\u00fcl<\/li>\n<\/ul>\n","protected":false},"excerpt":{"rendered":"<p>Az <strong>E3D V5 extruder h\u0171t\u0151borda<\/strong> rozsdamentes ac\u00e9lb\u00f3l k\u00e9sz\u00fclt h\u0171t\u0151borda, amelyet kifejezetten 3D nyomtat\u00f3khoz terveztek.<\/p>\n","protected":false},"featured_media":58169,"comment_status":"closed","ping_status":"closed","template":"","meta":{"_acf_changed":false},"product_brand":[],"product_cat":[1679,2376,2224,2221],"product_tag":[],"brand":[],"class_list":{"0":"post-58168","1":"product","2":"type-product","3":"status-publish","4":"has-post-thumbnail","6":"product_cat-elado","7":"product_cat-hotelekek","8":"product_cat-minden-potalkatresz","9":"product_cat-potalkatreszek","11":"first","12":"instock","13":"sale","14":"taxable","15":"shipping-taxable","16":"purchasable","17":"product-type-simple"},"acf":[],"_links":{"self":[{"href":"https:\/\/azurefilm.com\/hu\/wp-json\/wp\/v2\/product\/58168","targetHints":{"allow":["GET"]}}],"collection":[{"href":"https:\/\/azurefilm.com\/hu\/wp-json\/wp\/v2\/product"}],"about":[{"href":"https:\/\/azurefilm.com\/hu\/wp-json\/wp\/v2\/types\/product"}],"replies":[{"embeddable":true,"href":"https:\/\/azurefilm.com\/hu\/wp-json\/wp\/v2\/comments?post=58168"}],"wp:featuredmedia":[{"embeddable":true,"href":"https:\/\/azurefilm.com\/hu\/wp-json\/wp\/v2\/media\/58169"}],"wp:attachment":[{"href":"https:\/\/azurefilm.com\/hu\/wp-json\/wp\/v2\/media?parent=58168"}],"wp:term":[{"taxonomy":"product_brand","embeddable":true,"href":"https:\/\/azurefilm.com\/hu\/wp-json\/wp\/v2\/product_brand?post=58168"},{"taxonomy":"product_cat","embeddable":true,"href":"https:\/\/azurefilm.com\/hu\/wp-json\/wp\/v2\/product_cat?post=58168"},{"taxonomy":"product_tag","embeddable":true,"href":"https:\/\/azurefilm.com\/hu\/wp-json\/wp\/v2\/product_tag?post=58168"},{"taxonomy":"brand","embeddable":true,"href":"https:\/\/azurefilm.com\/hu\/wp-json\/wp\/v2\/brand?post=58168"}],"curies":[{"name":"wp","href":"https:\/\/api.w.org\/{rel}","templated":true}]}}